{"id":39475,"date":"2023-12-22T23:29:25","date_gmt":"2023-12-22T23:29:25","guid":{"rendered":"https:\/\/e.kosmolat.eu\/product\/lb-mutes-dobuma-skalot-triskarss-efekts-svaiga-piparmetra-250-ml\/"},"modified":"2025-07-11T10:41:05","modified_gmt":"2025-07-11T10:41:05","slug":"lb-mutes-dobuma-skalot-triskarss-efekts-svaiga-piparmetra-250-ml","status":"publish","type":"product","link":"https:\/\/e.kosmolat.eu\/lt\/produktas\/lb-mutes-dobuma-skalot-triskarss-efekts-svaiga-piparmetra-250-ml\/","title":{"rendered":"LESNOJ BALZAM Burnos skaliklis su m\u0117tomis ir mi\u0161ko \u017eoleli\u0173 ekstraktais, \u017eoleli\u0173 nuoviro pagrindu, 25"},"content":{"rendered":"<ul>\n<li>Apna\u0161\u0173 \u0161alinimas + remineralizacija.<\/li>\n<li>Pa\u0161alina apna\u0161as net tarpdan\u010diuose.<\/li>\n<li>Padeda i\u0161vengti \u017ealingo apna\u0161\u0173 poveikio dantims ir dantenoms.<\/li>\n<li>Atkuria emal\u012f ir stiprina dantenas, suma\u017eindama rimt\u0173 burnos problem\u0173 atsiradimo rizik\u0105.<\/li>\n<li>Did\u017eiausi\u0105 apna\u0161\u0173 \u0161alinimo efekt\u0105 galima pasiekti naudojant kartu dant\u0173 past\u0105 ir skalavimo priemon\u0119.<\/li>\n<\/ul>\n<p><strong>Naudojimas:<\/strong> u\u017epildykite dangtel\u012f skalavimo priemone. Kruop\u0161\u010diai skalaukite burn\u0105 30 sekund\u017ei\u0173. Skalauti po dant\u0173 pastos &nbsp;naudokite po valgio ir kiekvieno dant\u0173 valymo bent du kartus per dien\u0105. Tik suaugusiems.<\/p>\n<p><strong>Atsargumo priemon\u0117s: <\/strong>Sud\u0117tyje yra natrio fluorido. Nenuryti. Fluorid\u0173 mas\u0117s dalis 0,02%. D\u0117l nat\u016brali\u0173 ingredient\u0173 kiekio gali atsirasti nedideli\u0173 nuos\u0117d\u0173. Neturi \u012ftakos gaminio kokybei ir saugai. Naudojimas neatleid\u017eia nuo apsilankymo pas odontolog\u0105. Tai n\u0117ra vaistinis preparatas.<\/p>\n<p>Laikyti nuo +5&deg;C iki +25&deg;C temperat\u016broje, vaikams nepasiekiamoje vietoje.<br \/>\n&nbsp;<\/p>\n","protected":false},"excerpt":{"rendered":"<p>Apna\u0161\u0173 \u0161alinimas + remineralizacija. Pa\u0161alina apna\u0161as net tarpdan\u010diuose. Padeda i\u0161vengti \u017ealingo apna\u0161\u0173 poveikio dantims ir dantenoms. Atkuria emal\u012f ir stiprina dantenas, suma\u017eindama rimt\u0173 burnos problem\u0173 atsiradimo rizik\u0105. Did\u017eiausi\u0105 apna\u0161\u0173 \u0161alinimo efekt\u0105 galima pasiekti naudojant kartu dant\u0173 past\u0105 ir skalavimo priemon\u0119. Naudojimas: u\u017epildykite dangtel\u012f skalavimo priemone. Kruop\u0161\u010diai skalaukite burn\u0105 30 sekund\u017ei\u0173. Skalauti po dant\u0173 pastos &nbsp;naudokite [&#8230;]\n","protected":false},"featured_media":1704,"template":"","meta":[],"product_cat":[1313],"product_tag":[],"class_list":{"0":"post-39475","1":"product","2":"type-product","3":"status-publish","4":"has-post-thumbnail","6":"product_brand-unilever-ua-lt","7":"product_cat-burnos-skalavimo-priemones","9":"first","10":"outofstock","11":"taxable","12":"shipping-taxable","13":"product-type-simple"},"_links":{"self":[{"href":"https:\/\/e.kosmolat.eu\/lt\/wp-json\/wp\/v2\/product\/39475","targetHints":{"allow":["GET"]}}],"collection":[{"href":"https:\/\/e.kosmolat.eu\/lt\/wp-json\/wp\/v2\/product"}],"about":[{"href":"https:\/\/e.kosmolat.eu\/lt\/wp-json\/wp\/v2\/types\/product"}],"wp:featuredmedia":[{"embeddable":true,"href":"https:\/\/e.kosmolat.eu\/lt\/wp-json\/wp\/v2\/media\/1704"}],"wp:attachment":[{"href":"https:\/\/e.kosmolat.eu\/lt\/wp-json\/wp\/v2\/media?parent=39475"}],"wp:term":[{"taxonomy":"product_cat","embeddable":true,"href":"https:\/\/e.kosmolat.eu\/lt\/wp-json\/wp\/v2\/product_cat?post=39475"},{"taxonomy":"product_tag","embeddable":true,"href":"https:\/\/e.kosmolat.eu\/lt\/wp-json\/wp\/v2\/product_tag?post=39475"}],"curies":[{"name":"wp","href":"https:\/\/api.w.org\/{rel}","templated":true}]}}