{"id":39451,"date":"2023-12-22T23:26:36","date_gmt":"2023-12-22T23:26:36","guid":{"rendered":"https:\/\/e.kosmolat.eu\/product\/cl-mitrinoss-dienas-sejas-krems-norm-un-komb-adai-40-ml\/"},"modified":"2025-07-11T12:31:35","modified_gmt":"2025-07-11T12:31:35","slug":"cl-mitrinoss-dienas-sejas-krems-norm-un-komb-adai-40-ml","status":"publish","type":"product","link":"https:\/\/e.kosmolat.eu\/lt\/produktas\/cl-mitrinoss-dienas-sejas-krems-norm-un-komb-adai-40-ml\/","title":{"rendered":"\u010cISTAJA LINIJA Dieninis dr\u0117kinantis veido kremas mi\u0161riai odai, 40 ml"},"content":{"rendered":"<p>Kremo sud\u0117tyje yra Nature Plus 5 ekstrakt\u0173 ir aliej\u0173 esencija (verben\u0173 ekstraktas, bij\u016bn\u0173 ekstraktas, migdol\u0173 aliejus, lin\u0173 aliejus, alyvuogi\u0173 aliejus) + hialuronas. 97% nat\u016bralios kilm\u0117s komponent\u0173.<\/p>\n<p>Aktyv\u016bs nat\u016bral\u016bs ingredientai maitina, atkuria odos lipidin\u012f barjer\u0105, neleid\u017eia atsirasti smulkioms rauk\u0161l\u0117ms. Alavijas dr\u0117kina ir tonizuoja od\u0105, skatina l\u0105steli\u0173 atsinaujinim\u0105, suteikdamas jauninant\u012f poveik\u012f. Rezultatas: nat\u016braliai gra\u017ei, lygi ir \u0161vytinti oda.<\/p>\n<p><strong>Naudojimas: <\/strong>ryte tepkite krem\u0105 ant \u0161varios veido ir kaklo odos.<br \/>\n&nbsp;<\/p>\n","protected":false},"excerpt":{"rendered":"<p>Kremo sud\u0117tyje yra Nature Plus 5 ekstrakt\u0173 ir aliej\u0173 esencija (verben\u0173 ekstraktas, bij\u016bn\u0173 ekstraktas, migdol\u0173 aliejus, lin\u0173 aliejus, alyvuogi\u0173 aliejus) + hialuronas. 97% nat\u016bralios kilm\u0117s komponent\u0173. Aktyv\u016bs nat\u016bral\u016bs ingredientai maitina, atkuria odos lipidin\u012f barjer\u0105, neleid\u017eia atsirasti smulkioms rauk\u0161l\u0117ms. Alavijas dr\u0117kina ir tonizuoja od\u0105, skatina l\u0105steli\u0173 atsinaujinim\u0105, suteikdamas jauninant\u012f poveik\u012f. Rezultatas: nat\u016braliai gra\u017ei, lygi ir \u0161vytinti [&#8230;]\n","protected":false},"featured_media":592,"template":"","meta":[],"product_cat":[1322],"product_tag":[],"class_list":{"0":"post-39451","1":"product","2":"type-product","3":"status-publish","4":"has-post-thumbnail","6":"product_brand-unilever-ua-lt","7":"product_cat-veido-kremai","9":"first","10":"outofstock","11":"taxable","12":"shipping-taxable","13":"product-type-simple"},"_links":{"self":[{"href":"https:\/\/e.kosmolat.eu\/lt\/wp-json\/wp\/v2\/product\/39451","targetHints":{"allow":["GET"]}}],"collection":[{"href":"https:\/\/e.kosmolat.eu\/lt\/wp-json\/wp\/v2\/product"}],"about":[{"href":"https:\/\/e.kosmolat.eu\/lt\/wp-json\/wp\/v2\/types\/product"}],"wp:featuredmedia":[{"embeddable":true,"href":"https:\/\/e.kosmolat.eu\/lt\/wp-json\/wp\/v2\/media\/592"}],"wp:attachment":[{"href":"https:\/\/e.kosmolat.eu\/lt\/wp-json\/wp\/v2\/media?parent=39451"}],"wp:term":[{"taxonomy":"product_cat","embeddable":true,"href":"https:\/\/e.kosmolat.eu\/lt\/wp-json\/wp\/v2\/product_cat?post=39451"},{"taxonomy":"product_tag","embeddable":true,"href":"https:\/\/e.kosmolat.eu\/lt\/wp-json\/wp\/v2\/product_tag?post=39451"}],"curies":[{"name":"wp","href":"https:\/\/api.w.org\/{rel}","templated":true}]}}