{"id":39447,"date":"2023-12-22T23:26:12","date_gmt":"2023-12-22T23:26:12","guid":{"rendered":"https:\/\/e.kosmolat.eu\/product\/cl-mitrinoss-dienas-sejas-krems-sausai-adai-40-ml\/"},"modified":"2025-07-11T12:31:22","modified_gmt":"2025-07-11T12:31:22","slug":"cl-mitrinoss-dienas-sejas-krems-sausai-adai-40-ml","status":"publish","type":"product","link":"https:\/\/e.kosmolat.eu\/lt\/produktas\/cl-mitrinoss-dienas-sejas-krems-sausai-adai-40-ml\/","title":{"rendered":"\u010cISTAJA LINIJA Veido kremas sausai odai &#8211; dr\u0117kinamasis (dieninis), 40 ml"},"content":{"rendered":"<p>Kremo sud\u0117tyje yra esencija NATURE PLUS 5 i\u0161 aliej\u0173 ir ekstrakt\u0173 (verben\u0173 ekstraktas, bij\u016bn\u0173 ekstraktas, migdol\u0173, lin\u0173, alyvuogi\u0173 aliejus) + hialuronas.<br \/>\nAktyv\u016bs nat\u016bral\u016bs ingredientai maitina, giliai dr\u0117kina od\u0105, neleid\u017eia atsirasti smulkioms rauk\u0161l\u0117ms. Blizgus ir lygus. Ro\u017ei\u0173 ekstraktas ramina, gaivina, suteikia odai glotnumo ir sveiko \u0161vyt\u0117jimo.<br \/>\nRezultatas: nat\u016braliai gra\u017ei, \u0161vytinti oda.<\/p>\n<p><strong>Naudojimas: <\/strong>&nbsp;ryte tepkite krem\u0105 ant \u0161varios veido ir kaklo odos.<br \/>\n&nbsp;<\/p>\n","protected":false},"excerpt":{"rendered":"<p>Kremo sud\u0117tyje yra esencija NATURE PLUS 5 i\u0161 aliej\u0173 ir ekstrakt\u0173 (verben\u0173 ekstraktas, bij\u016bn\u0173 ekstraktas, migdol\u0173, lin\u0173, alyvuogi\u0173 aliejus) + hialuronas. Aktyv\u016bs nat\u016bral\u016bs ingredientai maitina, giliai dr\u0117kina od\u0105, neleid\u017eia atsirasti smulkioms rauk\u0161l\u0117ms. Blizgus ir lygus. Ro\u017ei\u0173 ekstraktas ramina, gaivina, suteikia odai glotnumo ir sveiko \u0161vyt\u0117jimo. Rezultatas: nat\u016braliai gra\u017ei, \u0161vytinti oda. Naudojimas: &nbsp;ryte tepkite krem\u0105 ant [&#8230;]\n","protected":false},"featured_media":1696,"template":"","meta":[],"product_cat":[1322],"product_tag":[],"class_list":{"0":"post-39447","1":"product","2":"type-product","3":"status-publish","4":"has-post-thumbnail","6":"product_brand-unilever-ua-lt","7":"product_cat-veido-kremai","9":"first","10":"outofstock","11":"taxable","12":"shipping-taxable","13":"product-type-simple"},"_links":{"self":[{"href":"https:\/\/e.kosmolat.eu\/lt\/wp-json\/wp\/v2\/product\/39447","targetHints":{"allow":["GET"]}}],"collection":[{"href":"https:\/\/e.kosmolat.eu\/lt\/wp-json\/wp\/v2\/product"}],"about":[{"href":"https:\/\/e.kosmolat.eu\/lt\/wp-json\/wp\/v2\/types\/product"}],"wp:featuredmedia":[{"embeddable":true,"href":"https:\/\/e.kosmolat.eu\/lt\/wp-json\/wp\/v2\/media\/1696"}],"wp:attachment":[{"href":"https:\/\/e.kosmolat.eu\/lt\/wp-json\/wp\/v2\/media?parent=39447"}],"wp:term":[{"taxonomy":"product_cat","embeddable":true,"href":"https:\/\/e.kosmolat.eu\/lt\/wp-json\/wp\/v2\/product_cat?post=39447"},{"taxonomy":"product_tag","embeddable":true,"href":"https:\/\/e.kosmolat.eu\/lt\/wp-json\/wp\/v2\/product_tag?post=39447"}],"curies":[{"name":"wp","href":"https:\/\/api.w.org\/{rel}","templated":true}]}}