{"id":39443,"date":"2023-12-22T23:25:44","date_gmt":"2023-12-22T23:25:44","guid":{"rendered":"https:\/\/e.kosmolat.eu\/product\/cl-micelara-mazgasanas-zeleja-natura-120-ml\/"},"modified":"2025-09-11T05:21:04","modified_gmt":"2025-09-11T05:21:04","slug":"cl-micelara-mazgasanas-zeleja-natura-120-ml","status":"publish","type":"product","link":"https:\/\/e.kosmolat.eu\/lt\/produktas\/cl-micelara-mazgasanas-zeleja-natura-120-ml\/","title":{"rendered":"\u010cISTAJA LINIJA Prausimosi gelis Valantis, 120 ml"},"content":{"rendered":"<p>&Scaron;velni formul\u0117 \u0161velniai valo od\u0105 nuo ne\u0161varum\u0173 ir riebal\u0173 pertekliaus. Valymas be diskomforto ir dirginimo. Puikiai pa\u0161alina makia\u017e\u0105. I\u0161valykite poras, oda yra lygi ir \u0161velni, \u0161vytinti i\u0161 vidaus. Vis\u0173 tip\u0173 odai, net jautriai.<\/p>\n<p><strong>Naudojimas:<\/strong> U\u017etepkite produkt\u0105 ant dr\u0117gnos odos, masa\u017euokite, nuplaukite vandeniu. Patekus \u012f akis, praplauti vandeniu.<\/p>\n<p>Laikyti nuo 0&deg;C iki +25&deg;C temperat\u016broje.&nbsp;Atidarius sunaudoti per 12 m\u0117nesi\u0173.<br \/>\n&nbsp;<\/p>\n","protected":false},"excerpt":{"rendered":"<p>&Scaron;velni formul\u0117 \u0161velniai valo od\u0105 nuo ne\u0161varum\u0173 ir riebal\u0173 pertekliaus. Valymas be diskomforto ir dirginimo. Puikiai pa\u0161alina makia\u017e\u0105. I\u0161valykite poras, oda yra lygi ir \u0161velni, \u0161vytinti i\u0161 vidaus. Vis\u0173 tip\u0173 odai, net jautriai. Naudojimas: U\u017etepkite produkt\u0105 ant dr\u0117gnos odos, masa\u017euokite, nuplaukite vandeniu. Patekus \u012f akis, praplauti vandeniu. Laikyti nuo 0&deg;C iki +25&deg;C temperat\u016broje.&nbsp;Atidarius sunaudoti per [&#8230;]\n","protected":false},"featured_media":0,"template":"","meta":[],"product_cat":[2181],"product_tag":[],"class_list":{"0":"post-39443","1":"product","2":"type-product","3":"status-publish","5":"product_brand-sale-lt","6":"product_cat-bez-kategorijas-lt","8":"first","9":"outofstock","10":"taxable","11":"shipping-taxable","12":"product-type-simple"},"_links":{"self":[{"href":"https:\/\/e.kosmolat.eu\/lt\/wp-json\/wp\/v2\/product\/39443","targetHints":{"allow":["GET"]}}],"collection":[{"href":"https:\/\/e.kosmolat.eu\/lt\/wp-json\/wp\/v2\/product"}],"about":[{"href":"https:\/\/e.kosmolat.eu\/lt\/wp-json\/wp\/v2\/types\/product"}],"wp:attachment":[{"href":"https:\/\/e.kosmolat.eu\/lt\/wp-json\/wp\/v2\/media?parent=39443"}],"wp:term":[{"taxonomy":"product_cat","embeddable":true,"href":"https:\/\/e.kosmolat.eu\/lt\/wp-json\/wp\/v2\/product_cat?post=39443"},{"taxonomy":"product_tag","embeddable":true,"href":"https:\/\/e.kosmolat.eu\/lt\/wp-json\/wp\/v2\/product_tag?post=39443"}],"curies":[{"name":"wp","href":"https:\/\/api.w.org\/{rel}","templated":true}]}}