{"id":39439,"date":"2023-12-22T23:25:20","date_gmt":"2023-12-22T23:25:20","guid":{"rendered":"https:\/\/e.kosmolat.eu\/product\/cl-aktivais-krems-pret-pinnems-ideala-ada-40-ml\/"},"modified":"2025-09-11T05:20:47","modified_gmt":"2025-09-11T05:20:47","slug":"cl-aktivais-krems-pret-pinnems-ideala-ada-40-ml","status":"publish","type":"product","link":"https:\/\/e.kosmolat.eu\/lt\/produktas\/cl-aktivais-krems-pret-pinnems-ideala-ada-40-ml\/","title":{"rendered":"\u010cISTAJA LINIJA  Aktiv-kremas Nuo spuog\u0173 Ideali oda, 40 ml"},"content":{"rendered":"<p>Problem\u0173 sprendimas be &nbsp;odos sausumo. Greitai susigeria. Puikus pagrindas makia\u017eui.<\/p>\n<p>Speciali itin efektyvi formul\u0117:<\/p>\n<ul>\n<li>Cinkas reguliuoja riebal\u0173 gamyb\u0105<\/li>\n<li>Arbatmedis valo ir apsaugo nuo nauj\u0173 spuog\u0173 atsiradimo<\/li>\n<li>Aloe Vera ramina ir matina od\u0105<\/li>\n<\/ul>\n<p>Matomas rezultatas:<\/p>\n<ul>\n<li>U\u017edegimai ir j\u0173 p\u0117dsakai neutralizuojami<\/li>\n<li>Po 3 dien\u0173 oda tampa akivaizd\u017eiai skaistesn\u0117<\/li>\n<li>Oda yra dr\u0117kinama 24 valandas be u\u017esikim\u0161usi\u0173 por\u0173<\/li>\n<li>Oda puikiai lygi, \u0161vari ir gra\u017ei<\/li>\n<\/ul>\n<p><strong>Naudojimas:<\/strong> tepkite krem\u0105 ryte ir vakare ant \u0161varios odos.<\/p>\n<p>Laikyti nuo 0&deg;C iki +25&deg;C temperat\u016broje.<\/p>\n<p>Pilna &bdquo;Ideali oda&ldquo; linijos prie\u017ei\u016bros programa:<br \/>\n1. Valymas. <strong>Giliai valantis gelis <\/strong>valo od\u0105, neleid\u017eia atsirasti spuogams.<br \/>\n2. Tonizavimas. <strong>Giliai veikiantis losjonas <\/strong>sutraukia poras ir efektyviai kovoja su ink\u0161tirais.<br \/>\n3. Blizgesio kontrol\u0117. <strong>Akva-kremas Momentinis matinimas<\/strong> visam laikui pa\u0161alina rieb\u0173 blizges\u012f ir dr\u0117kina od\u0105.<br \/>\n4. Kovok su tr\u016bkumais. <strong>Kremas nuo spuog\u0173<\/strong> ma\u017eina u\u017edegimus ir kovoja su j\u0173 p\u0117dsakais.<br \/>\n&nbsp;<\/p>\n","protected":false},"excerpt":{"rendered":"<p>Problem\u0173 sprendimas be &nbsp;odos sausumo. Greitai susigeria. Puikus pagrindas makia\u017eui. Speciali itin efektyvi formul\u0117: Cinkas reguliuoja riebal\u0173 gamyb\u0105 Arbatmedis valo ir apsaugo nuo nauj\u0173 spuog\u0173 atsiradimo Aloe Vera ramina ir matina od\u0105 Matomas rezultatas: U\u017edegimai ir j\u0173 p\u0117dsakai neutralizuojami Po 3 dien\u0173 oda tampa akivaizd\u017eiai skaistesn\u0117 Oda yra dr\u0117kinama 24 valandas be u\u017esikim\u0161usi\u0173 por\u0173 Oda [&#8230;]\n","protected":false},"featured_media":0,"template":"","meta":[],"product_cat":[2181],"product_tag":[],"class_list":{"0":"post-39439","1":"product","2":"type-product","3":"status-publish","5":"product_brand-sale-lt","6":"product_cat-bez-kategorijas-lt","8":"first","9":"outofstock","10":"taxable","11":"shipping-taxable","12":"product-type-simple"},"_links":{"self":[{"href":"https:\/\/e.kosmolat.eu\/lt\/wp-json\/wp\/v2\/product\/39439","targetHints":{"allow":["GET"]}}],"collection":[{"href":"https:\/\/e.kosmolat.eu\/lt\/wp-json\/wp\/v2\/product"}],"about":[{"href":"https:\/\/e.kosmolat.eu\/lt\/wp-json\/wp\/v2\/types\/product"}],"wp:attachment":[{"href":"https:\/\/e.kosmolat.eu\/lt\/wp-json\/wp\/v2\/media?parent=39439"}],"wp:term":[{"taxonomy":"product_cat","embeddable":true,"href":"https:\/\/e.kosmolat.eu\/lt\/wp-json\/wp\/v2\/product_cat?post=39439"},{"taxonomy":"product_tag","embeddable":true,"href":"https:\/\/e.kosmolat.eu\/lt\/wp-json\/wp\/v2\/product_tag?post=39439"}],"curies":[{"name":"wp","href":"https:\/\/api.w.org\/{rel}","templated":true}]}}