{"id":39435,"date":"2023-12-22T23:24:52","date_gmt":"2023-12-22T23:24:52","guid":{"rendered":"https:\/\/e.kosmolat.eu\/product\/cl-rita-krems-sejai-un-kaklam-3in1-50-ml\/"},"modified":"2025-08-26T10:41:05","modified_gmt":"2025-08-26T10:41:05","slug":"cl-rita-krems-sejai-un-kaklam-3in1-50-ml","status":"publish","type":"product","link":"https:\/\/e.kosmolat.eu\/lt\/produktas\/cl-rita-krems-sejai-un-kaklam-3in1-50-ml\/","title":{"rendered":"\u010cISTAJA LINIJA  Rytinis veido ir kaklo kremas 3in1, 50 ml"},"content":{"rendered":"<p>Vis\u0173 tip\u0173 odai skirtame kreme yra Nature Plus 5 ekstrakt\u0173 ir aliej\u0173 esencija (verben\u0173 ekstraktas, bij\u016bn\u0173 ekstraktas, migdol\u0173 aliejus, lin\u0173 aliejus, alyvuogi\u0173 aliejus). 100% nat\u016bralus pagrindas. Suteikia stangrinimo efekt\u0105, dr\u0117kina, gaivina, taip pat gerai maitina. Nesukelia priklausomyb\u0117s!<\/p>\n<p><strong>Naudojimas: <\/strong>tepkite krem\u0105 ant \u0161varios veido ir kaklo odos.<\/p>\n<p>Laikyti nuo 0&deg;C iki +25&deg;C temperat\u016broje.&nbsp;<\/p>\n<p><strong>Galiojimo laikas: <\/strong>36 m\u0117nesiai nuo pagaminimo datos.<br \/>\n&nbsp;<\/p>\n","protected":false},"excerpt":{"rendered":"<p>Vis\u0173 tip\u0173 odai skirtame kreme yra Nature Plus 5 ekstrakt\u0173 ir aliej\u0173 esencija (verben\u0173 ekstraktas, bij\u016bn\u0173 ekstraktas, migdol\u0173 aliejus, lin\u0173 aliejus, alyvuogi\u0173 aliejus). 100% nat\u016bralus pagrindas. Suteikia stangrinimo efekt\u0105, dr\u0117kina, gaivina, taip pat gerai maitina. Nesukelia priklausomyb\u0117s! Naudojimas: tepkite krem\u0105 ant \u0161varios veido ir kaklo odos. Laikyti nuo 0&deg;C iki +25&deg;C temperat\u016broje.&nbsp; Galiojimo laikas: 36 [&#8230;]\n","protected":false},"featured_media":27879,"template":"","meta":[],"product_cat":[1322],"product_tag":[],"class_list":{"0":"post-39435","1":"product","2":"type-product","3":"status-publish","4":"has-post-thumbnail","6":"product_brand-unilever-ua-lt","7":"product_cat-veido-kremai","9":"first","10":"outofstock","11":"taxable","12":"shipping-taxable","13":"product-type-simple"},"_links":{"self":[{"href":"https:\/\/e.kosmolat.eu\/lt\/wp-json\/wp\/v2\/product\/39435","targetHints":{"allow":["GET"]}}],"collection":[{"href":"https:\/\/e.kosmolat.eu\/lt\/wp-json\/wp\/v2\/product"}],"about":[{"href":"https:\/\/e.kosmolat.eu\/lt\/wp-json\/wp\/v2\/types\/product"}],"wp:featuredmedia":[{"embeddable":true,"href":"https:\/\/e.kosmolat.eu\/lt\/wp-json\/wp\/v2\/media\/27879"}],"wp:attachment":[{"href":"https:\/\/e.kosmolat.eu\/lt\/wp-json\/wp\/v2\/media?parent=39435"}],"wp:term":[{"taxonomy":"product_cat","embeddable":true,"href":"https:\/\/e.kosmolat.eu\/lt\/wp-json\/wp\/v2\/product_cat?post=39435"},{"taxonomy":"product_tag","embeddable":true,"href":"https:\/\/e.kosmolat.eu\/lt\/wp-json\/wp\/v2\/product_tag?post=39435"}],"curies":[{"name":"wp","href":"https:\/\/api.w.org\/{rel}","templated":true}]}}