{"id":39431,"date":"2023-12-22T23:24:23","date_gmt":"2023-12-22T23:24:23","guid":{"rendered":"https:\/\/e.kosmolat.eu\/product\/cl-barojoss-nakts-sejas-kems-kombinetai-adai-40-ml\/"},"modified":"2025-07-11T12:31:07","modified_gmt":"2025-07-11T12:31:07","slug":"cl-barojoss-nakts-sejas-kems-kombinetai-adai-40-ml","status":"publish","type":"product","link":"https:\/\/e.kosmolat.eu\/lt\/produktas\/cl-barojoss-nakts-sejas-kems-kombinetai-adai-40-ml\/","title":{"rendered":"\u010cISTAJA LINIJA Naktinis maitinantis veido kremas mi\u0161riai odai, 40 ml"},"content":{"rendered":"<p>Kremo sud\u0117tyje yra esencija NATURE PLUS 5 i\u0161 aliej\u0173 ir ekstrakt\u0173 (verben\u0173 ekstraktas, bij\u016bn\u0173 ekstraktas, migdol\u0173, lin\u0173, alyvuogi\u0173 aliejus) + hialuronas. 97% nat\u016bralios kilm\u0117s komponent\u0173.Aktyv\u016bs nat\u016bral\u016bs ingredientai maitina, dr\u0117kina od\u0105, neleid\u017eia atsirasti smulkioms rauk\u0161l\u0117ms. Maitinimas ir glotnumas. &Scaron;altalanki\u0173 aliejus atkuria od\u0105 ir prisotina j\u0105 vitaminais.<\/p>\n<p><strong>Naudojimas: <\/strong>vakare krem\u0105 tepkite ant nuvalytos veido ir kaklo odos. Ne maisto produktas.<\/p>\n<p>Laikyti nuo 0&deg;C iki +25&deg;C temperat\u016broje.<\/p>\n","protected":false},"excerpt":{"rendered":"<p>Kremo sud\u0117tyje yra esencija NATURE PLUS 5 i\u0161 aliej\u0173 ir ekstrakt\u0173 (verben\u0173 ekstraktas, bij\u016bn\u0173 ekstraktas, migdol\u0173, lin\u0173, alyvuogi\u0173 aliejus) + hialuronas. 97% nat\u016bralios kilm\u0117s komponent\u0173.Aktyv\u016bs nat\u016bral\u016bs ingredientai maitina, dr\u0117kina od\u0105, neleid\u017eia atsirasti smulkioms rauk\u0161l\u0117ms. Maitinimas ir glotnumas. &Scaron;altalanki\u0173 aliejus atkuria od\u0105 ir prisotina j\u0105 vitaminais. Naudojimas: vakare krem\u0105 tepkite ant nuvalytos veido ir kaklo odos. [&#8230;]\n","protected":false},"featured_media":572,"template":"","meta":[],"product_cat":[1322],"product_tag":[],"class_list":{"0":"post-39431","1":"product","2":"type-product","3":"status-publish","4":"has-post-thumbnail","6":"product_brand-unilever-ua-lt","7":"product_cat-veido-kremai","9":"first","10":"outofstock","11":"taxable","12":"shipping-taxable","13":"product-type-simple"},"_links":{"self":[{"href":"https:\/\/e.kosmolat.eu\/lt\/wp-json\/wp\/v2\/product\/39431","targetHints":{"allow":["GET"]}}],"collection":[{"href":"https:\/\/e.kosmolat.eu\/lt\/wp-json\/wp\/v2\/product"}],"about":[{"href":"https:\/\/e.kosmolat.eu\/lt\/wp-json\/wp\/v2\/types\/product"}],"wp:featuredmedia":[{"embeddable":true,"href":"https:\/\/e.kosmolat.eu\/lt\/wp-json\/wp\/v2\/media\/572"}],"wp:attachment":[{"href":"https:\/\/e.kosmolat.eu\/lt\/wp-json\/wp\/v2\/media?parent=39431"}],"wp:term":[{"taxonomy":"product_cat","embeddable":true,"href":"https:\/\/e.kosmolat.eu\/lt\/wp-json\/wp\/v2\/product_cat?post=39431"},{"taxonomy":"product_tag","embeddable":true,"href":"https:\/\/e.kosmolat.eu\/lt\/wp-json\/wp\/v2\/product_tag?post=39431"}],"curies":[{"name":"wp","href":"https:\/\/api.w.org\/{rel}","templated":true}]}}