{"id":39427,"date":"2023-12-22T23:23:51","date_gmt":"2023-12-22T23:23:51","guid":{"rendered":"https:\/\/e.kosmolat.eu\/product\/cl-barojoss-nakts-krems-sausai-adai-40-ml\/"},"modified":"2025-07-25T10:10:12","modified_gmt":"2025-07-25T10:10:12","slug":"cl-barojoss-nakts-krems-sausai-adai-40-ml","status":"publish","type":"product","link":"https:\/\/e.kosmolat.eu\/lt\/produktas\/cl-barojoss-nakts-krems-sausai-adai-40-ml\/","title":{"rendered":"\u010cISTAJA LINIJA Maitinantis kremas sausai odai Naktinis, 40 ml"},"content":{"rendered":"<p>Kremo sud\u0117tyje yra Nature Plus 5 ekstrakt\u0173 ir aliej\u0173 esencija (verben\u0173 ekstraktas, bij\u016bn\u0173 ekstraktas, migdol\u0173 aliejus, lin\u0173 aliejus, alyvuogi\u0173 aliejus) + hialuronas. 97% nat\u016bralios kilm\u0117s komponent\u0173. Aktyv\u016bs nat\u016bral\u016bs ingredientai suteikia odai elastingumo, giliai maitina, apsaugo nuo smulki\u0173 rauk\u0161li\u0173 atsiradimo. Intensyvi mityba: Kvie\u010di\u0173 gemal\u0173 aliejus, nat\u016bralus vitamino E \u0161altinis, maitina ir mink\u0161tina od\u0105. Rezultatas: nat\u016braliai gra\u017ei, lygi ir stangri oda.<\/p>\n<p><strong>Naudojimas: <\/strong>Vakare krem\u0105 tepkite ant nuvalytos veido ir kaklo odos.<br \/>\n&nbsp;<\/p>\n","protected":false},"excerpt":{"rendered":"<p>Kremo sud\u0117tyje yra Nature Plus 5 ekstrakt\u0173 ir aliej\u0173 esencija (verben\u0173 ekstraktas, bij\u016bn\u0173 ekstraktas, migdol\u0173 aliejus, lin\u0173 aliejus, alyvuogi\u0173 aliejus) + hialuronas. 97% nat\u016bralios kilm\u0117s komponent\u0173. Aktyv\u016bs nat\u016bral\u016bs ingredientai suteikia odai elastingumo, giliai maitina, apsaugo nuo smulki\u0173 rauk\u0161li\u0173 atsiradimo. Intensyvi mityba: Kvie\u010di\u0173 gemal\u0173 aliejus, nat\u016bralus vitamino E \u0161altinis, maitina ir mink\u0161tina od\u0105. Rezultatas: nat\u016braliai gra\u017ei, [&#8230;]\n","protected":false},"featured_media":1688,"template":"","meta":[],"product_cat":[1322],"product_tag":[],"class_list":{"0":"post-39427","1":"product","2":"type-product","3":"status-publish","4":"has-post-thumbnail","6":"product_brand-unilever-ua-lt","7":"product_cat-veido-kremai","9":"first","10":"outofstock","11":"taxable","12":"shipping-taxable","13":"product-type-simple"},"_links":{"self":[{"href":"https:\/\/e.kosmolat.eu\/lt\/wp-json\/wp\/v2\/product\/39427","targetHints":{"allow":["GET"]}}],"collection":[{"href":"https:\/\/e.kosmolat.eu\/lt\/wp-json\/wp\/v2\/product"}],"about":[{"href":"https:\/\/e.kosmolat.eu\/lt\/wp-json\/wp\/v2\/types\/product"}],"wp:featuredmedia":[{"embeddable":true,"href":"https:\/\/e.kosmolat.eu\/lt\/wp-json\/wp\/v2\/media\/1688"}],"wp:attachment":[{"href":"https:\/\/e.kosmolat.eu\/lt\/wp-json\/wp\/v2\/media?parent=39427"}],"wp:term":[{"taxonomy":"product_cat","embeddable":true,"href":"https:\/\/e.kosmolat.eu\/lt\/wp-json\/wp\/v2\/product_cat?post=39427"},{"taxonomy":"product_tag","embeddable":true,"href":"https:\/\/e.kosmolat.eu\/lt\/wp-json\/wp\/v2\/product_tag?post=39427"}],"curies":[{"name":"wp","href":"https:\/\/api.w.org\/{rel}","templated":true}]}}