{"id":39403,"date":"2023-12-22T23:21:01","date_gmt":"2023-12-22T23:21:01","guid":{"rendered":"https:\/\/e.kosmolat.eu\/product\/br-roku-krems-zelejs-svaigums-72-ml\/"},"modified":"2025-09-23T09:51:44","modified_gmt":"2025-09-23T09:51:44","slug":"br-roku-krems-zelejs-svaigums-72-ml","status":"publish","type":"product","link":"https:\/\/e.kosmolat.eu\/lt\/produktas\/br-roku-krems-zelejs-svaigums-72-ml\/","title":{"rendered":"BARCHATNIJE RU\u010cKI Rank\u0173 kremas-gelis Gaivumas, 72 ml"},"content":{"rendered":"<p>Egzoti\u0161kas kaktus\u0173 ekstraktas suteiks j\u016bs\u0173 odai gaivumo ir \u017evalumo. Kremas-gelis suteikia antibakterin\u012f poveik\u012f, be lipnumo ir riebumo. &Scaron;velni gelin\u0117 produkto tekst\u016bra dr\u0117kina ir r\u016bpinasi rank\u0173 oda.<\/p>\n<p>Naudojimas: lengvais masa\u017euojamaisiais judesiais tepkite ant rank\u0173 odos, kol visi\u0161kai \u012fsigers.<br \/>\nTai n\u0117ra vaistinis preparatas.<\/p>\n<p>Laikyti nuo 0&deg;C iki +25&deg;C temperat\u016broje.<\/p>\n<p><strong>Galiojimo laikas: <\/strong>36 m\u0117nesiai nuo pagaminimo datos. Atidarius sunaudoti per 6 m\u0117nesius<br \/>\n&nbsp;<\/p>\n","protected":false},"excerpt":{"rendered":"<p>Egzoti\u0161kas kaktus\u0173 ekstraktas suteiks j\u016bs\u0173 odai gaivumo ir \u017evalumo. Kremas-gelis suteikia antibakterin\u012f poveik\u012f, be lipnumo ir riebumo. &Scaron;velni gelin\u0117 produkto tekst\u016bra dr\u0117kina ir r\u016bpinasi rank\u0173 oda. Naudojimas: lengvais masa\u017euojamaisiais judesiais tepkite ant rank\u0173 odos, kol visi\u0161kai \u012fsigers. Tai n\u0117ra vaistinis preparatas. Laikyti nuo 0&deg;C iki +25&deg;C temperat\u016broje. Galiojimo laikas: 36 m\u0117nesiai nuo pagaminimo datos. Atidarius [&#8230;]\n","protected":false},"featured_media":96525,"template":"","meta":[],"product_cat":[1304],"product_tag":[],"class_list":{"0":"post-39403","1":"product","2":"type-product","3":"status-publish","4":"has-post-thumbnail","6":"product_brand-sale-lt","7":"product_cat-ranku-prieziuros-kosmetika","9":"first","10":"outofstock","11":"taxable","12":"shipping-taxable","13":"product-type-simple"},"_links":{"self":[{"href":"https:\/\/e.kosmolat.eu\/lt\/wp-json\/wp\/v2\/product\/39403","targetHints":{"allow":["GET"]}}],"collection":[{"href":"https:\/\/e.kosmolat.eu\/lt\/wp-json\/wp\/v2\/product"}],"about":[{"href":"https:\/\/e.kosmolat.eu\/lt\/wp-json\/wp\/v2\/types\/product"}],"wp:featuredmedia":[{"embeddable":true,"href":"https:\/\/e.kosmolat.eu\/lt\/wp-json\/wp\/v2\/media\/96525"}],"wp:attachment":[{"href":"https:\/\/e.kosmolat.eu\/lt\/wp-json\/wp\/v2\/media?parent=39403"}],"wp:term":[{"taxonomy":"product_cat","embeddable":true,"href":"https:\/\/e.kosmolat.eu\/lt\/wp-json\/wp\/v2\/product_cat?post=39403"},{"taxonomy":"product_tag","embeddable":true,"href":"https:\/\/e.kosmolat.eu\/lt\/wp-json\/wp\/v2\/product_tag?post=39403"}],"curies":[{"name":"wp","href":"https:\/\/api.w.org\/{rel}","templated":true}]}}