{"id":39399,"date":"2023-12-22T23:20:36","date_gmt":"2023-12-22T23:20:36","guid":{"rendered":"https:\/\/e.kosmolat.eu\/product\/sh-mitrinoss-roku-krems-72-ml\/"},"modified":"2025-09-23T09:51:30","modified_gmt":"2025-09-23T09:51:30","slug":"sh-mitrinoss-roku-krems-72-ml","status":"publish","type":"product","link":"https:\/\/e.kosmolat.eu\/lt\/produktas\/sh-mitrinoss-roku-krems-72-ml\/","title":{"rendered":"SILKY HANDS Dr\u0117kinantis rank\u0173 kremas, 72 ml"},"content":{"rendered":"<p>Su alyvuogi\u0173 aliejumi ir hialurono r\u016bg\u0161timi. Lengvos tekst\u016bros, nelipnus ir neriebus. Intensyviai maitina od\u0105 dr\u0117gme ir apsaugo nuo i\u0161saus\u0117jimo dienos metu.<\/p>\n<p>Silk Oil Elixir formul\u0117 su mikroaliejais ir \u0161ilko proteinais sustiprina kremo veikim\u0105, aktyvina odos geb\u0117jim\u0105 i\u0161laikyti dr\u0117gm\u0119. Rank\u0173 oda yra plonesn\u0117 ir jautresn\u0117 i\u0161or\u0117s poveikiui nei veido oda, o dr\u0117gm\u0117s netekimas vyksta intensyviau. Reguliarus rank\u0173 kremo naudojimas bent 2 kartus per dien\u0105 kompensuoja ir sul\u0117tina nuostolius.<\/p>\n<p><strong>Naudojimas:<\/strong> tepkite ant \u0161varios, sausos odos, \u0161velniai masa\u017euokite, kol visi\u0161kai \u012fsigers. Naudokite pagal poreik\u012f.<\/p>\n<p>Laikyti nuo 0&deg;C iki +25&deg;C temperat\u016broje.<\/p>\n<p><strong>Galiojimo laikas:<\/strong> 36 m\u0117nesiai nuo pagaminimo datos. Atidarius sunaudoti per 6 m\u0117nesius<br \/>\n&nbsp;<\/p>\n","protected":false},"excerpt":{"rendered":"<p>Su alyvuogi\u0173 aliejumi ir hialurono r\u016bg\u0161timi. Lengvos tekst\u016bros, nelipnus ir neriebus. Intensyviai maitina od\u0105 dr\u0117gme ir apsaugo nuo i\u0161saus\u0117jimo dienos metu. Silk Oil Elixir formul\u0117 su mikroaliejais ir \u0161ilko proteinais sustiprina kremo veikim\u0105, aktyvina odos geb\u0117jim\u0105 i\u0161laikyti dr\u0117gm\u0119. Rank\u0173 oda yra plonesn\u0117 ir jautresn\u0117 i\u0161or\u0117s poveikiui nei veido oda, o dr\u0117gm\u0117s netekimas vyksta intensyviau. Reguliarus [&#8230;]\n","protected":false},"featured_media":96521,"template":"","meta":[],"product_cat":[1304],"product_tag":[],"class_list":{"0":"post-39399","1":"product","2":"type-product","3":"status-publish","4":"has-post-thumbnail","6":"product_brand-unilever-ua-lt","7":"product_cat-ranku-prieziuros-kosmetika","9":"first","10":"outofstock","11":"taxable","12":"shipping-taxable","13":"product-type-simple"},"_links":{"self":[{"href":"https:\/\/e.kosmolat.eu\/lt\/wp-json\/wp\/v2\/product\/39399","targetHints":{"allow":["GET"]}}],"collection":[{"href":"https:\/\/e.kosmolat.eu\/lt\/wp-json\/wp\/v2\/product"}],"about":[{"href":"https:\/\/e.kosmolat.eu\/lt\/wp-json\/wp\/v2\/types\/product"}],"wp:featuredmedia":[{"embeddable":true,"href":"https:\/\/e.kosmolat.eu\/lt\/wp-json\/wp\/v2\/media\/96521"}],"wp:attachment":[{"href":"https:\/\/e.kosmolat.eu\/lt\/wp-json\/wp\/v2\/media?parent=39399"}],"wp:term":[{"taxonomy":"product_cat","embeddable":true,"href":"https:\/\/e.kosmolat.eu\/lt\/wp-json\/wp\/v2\/product_cat?post=39399"},{"taxonomy":"product_tag","embeddable":true,"href":"https:\/\/e.kosmolat.eu\/lt\/wp-json\/wp\/v2\/product_tag?post=39399"}],"curies":[{"name":"wp","href":"https:\/\/api.w.org\/{rel}","templated":true}]}}