{"id":39383,"date":"2023-12-22T23:19:14","date_gmt":"2023-12-22T23:19:14","guid":{"rendered":"https:\/\/e.kosmolat.eu\/product\/br-kremziepes-mitrinasana-un-mikstinasana-230-ml\/"},"modified":"2025-10-30T14:41:13","modified_gmt":"2025-10-30T14:41:13","slug":"br-kremziepes-mitrinasana-un-mikstinasana-230-ml","status":"publish","type":"product","link":"https:\/\/e.kosmolat.eu\/lt\/produktas\/br-kremziepes-mitrinasana-un-mikstinasana-230-ml\/","title":{"rendered":"BARHATNIJE RU\u010cKI Muilas-kremas dr\u0117kinimas ir mink\u0161tinimas, 230 ml"},"content":{"rendered":"<p>Muilo- kremo formul\u0117 su alyvuogi\u0173 aliejumi &nbsp;\u0161velniai valo ir sumink\u0161tina od\u0105 plaunant rankas. Atitinka nat\u016bral\u0173 odos pH lyg\u012f. Valikliai ir kietas vanduo gali sutrikdyti nat\u016bral\u0173 odos apsaugin\u012f barjer\u0105 plaunant rankas. Muilo formul\u0117 su rank\u0173 kremo ingredientais \u0161velniai veikia od\u0105, apsaugodama nuo i\u0161saus\u0117jimo.<\/p>\n<p><strong>Naudojimas:<\/strong> u\u017etepkite nedidel\u012f kiek\u012f muilo ant dr\u0117gnos odos, masa\u017euokite, kol susidarys putos, nuplaukite vandeniu.<\/p>\n<p>Laikyti nuo +5&deg;C iki +25&deg;C temperat\u016broje.<br \/>\n&nbsp;<\/p>\n","protected":false},"excerpt":{"rendered":"<p>Muilo- kremo formul\u0117 su alyvuogi\u0173 aliejumi &nbsp;\u0161velniai valo ir sumink\u0161tina od\u0105 plaunant rankas. Atitinka nat\u016bral\u0173 odos pH lyg\u012f. Valikliai ir kietas vanduo gali sutrikdyti nat\u016bral\u0173 odos apsaugin\u012f barjer\u0105 plaunant rankas. Muilo formul\u0117 su rank\u0173 kremo ingredientais \u0161velniai veikia od\u0105, apsaugodama nuo i\u0161saus\u0117jimo. Naudojimas: u\u017etepkite nedidel\u012f kiek\u012f muilo ant dr\u0117gnos odos, masa\u017euokite, kol susidarys putos, nuplaukite [&#8230;]\n","protected":false},"featured_media":98311,"template":"","meta":[],"product_cat":[2181],"product_tag":[],"class_list":{"0":"post-39383","1":"product","2":"type-product","3":"status-publish","4":"has-post-thumbnail","6":"product_brand-unilever-ua-lt","7":"product_cat-bez-kategorijas-lt","9":"first","10":"instock","11":"taxable","12":"shipping-taxable","13":"product-type-simple"},"_links":{"self":[{"href":"https:\/\/e.kosmolat.eu\/lt\/wp-json\/wp\/v2\/product\/39383","targetHints":{"allow":["GET"]}}],"collection":[{"href":"https:\/\/e.kosmolat.eu\/lt\/wp-json\/wp\/v2\/product"}],"about":[{"href":"https:\/\/e.kosmolat.eu\/lt\/wp-json\/wp\/v2\/types\/product"}],"wp:featuredmedia":[{"embeddable":true,"href":"https:\/\/e.kosmolat.eu\/lt\/wp-json\/wp\/v2\/media\/98311"}],"wp:attachment":[{"href":"https:\/\/e.kosmolat.eu\/lt\/wp-json\/wp\/v2\/media?parent=39383"}],"wp:term":[{"taxonomy":"product_cat","embeddable":true,"href":"https:\/\/e.kosmolat.eu\/lt\/wp-json\/wp\/v2\/product_cat?post=39383"},{"taxonomy":"product_tag","embeddable":true,"href":"https:\/\/e.kosmolat.eu\/lt\/wp-json\/wp\/v2\/product_tag?post=39383"}],"curies":[{"name":"wp","href":"https:\/\/api.w.org\/{rel}","templated":true}]}}