{"id":39375,"date":"2023-12-22T23:18:37","date_gmt":"2023-12-22T23:18:37","guid":{"rendered":"https:\/\/e.kosmolat.eu\/product\/sh-roku-krems-nakts-atjaunojoss-72-ml\/"},"modified":"2025-09-23T09:51:13","modified_gmt":"2025-09-23T09:51:13","slug":"sh-roku-krems-nakts-atjaunojoss-72-ml","status":"publish","type":"product","link":"https:\/\/e.kosmolat.eu\/lt\/produktas\/sh-roku-krems-nakts-atjaunojoss-72-ml\/","title":{"rendered":"SILKY HANDS Atkuriantis naktinis rank\u0173 kremas, 72 ml"},"content":{"rendered":"<p>Naktinis atkuriantis rank\u0173 kremas per nkt\u012f visi\u0161kai atkuria rank\u0173 od\u0105 po dienos streso veiksni\u0173. Kolagenu patobulintoje Night Silk Oil Elixir formul\u0117je yra 5 kartus daugiau so\u010di\u0173j\u0173 mikroaliej\u0173 ir \u0161ilko baltym\u0173, prisotina od\u0105 maistin\u0117mis med\u017eiagomis, didina elastingum\u0105, skatina intensyvi\u0105 nuosavo kolageno sintez\u0119 nakties metu. Dienini\u0173 ir naktini\u0173 krem\u0173 naudojimas padidina prie\u017ei\u016bros efektyvum\u0105 2 kartus! Dienos metu kremas maitina ir saugo od\u0105 nuo dr\u0117gm\u0117s praradimo, o specialus naktinis kremas apr\u016bpina od\u0105 maistin\u0117mis med\u017eiagomis intensyviam atk\u016brimui &nbsp;nakt\u012f.<\/p>\n<p><strong>Naudojimas:<\/strong> tepkite krem\u0105 ant \u0161varios, sausos odos lengvais masa\u017euojamaisiais judesiais, kol visi\u0161kai \u012fsigers. Naudokite pagal poreik\u012f. Nemaisto produktas!<\/p>\n<p>Laikyti nuo 0&deg;C iki +25&deg;C temperat\u016broje.<\/p>\n<p><strong>Galiojimo laikas: <\/strong>36 m\u0117nesiai nuo pagaminimo datos.<br \/>\n&nbsp;<\/p>\n","protected":false},"excerpt":{"rendered":"<p>Naktinis atkuriantis rank\u0173 kremas per nkt\u012f visi\u0161kai atkuria rank\u0173 od\u0105 po dienos streso veiksni\u0173. Kolagenu patobulintoje Night Silk Oil Elixir formul\u0117je yra 5 kartus daugiau so\u010di\u0173j\u0173 mikroaliej\u0173 ir \u0161ilko baltym\u0173, prisotina od\u0105 maistin\u0117mis med\u017eiagomis, didina elastingum\u0105, skatina intensyvi\u0105 nuosavo kolageno sintez\u0119 nakties metu. Dienini\u0173 ir naktini\u0173 krem\u0173 naudojimas padidina prie\u017ei\u016bros efektyvum\u0105 2 kartus! Dienos metu [&#8230;]\n","protected":false},"featured_media":96517,"template":"","meta":[],"product_cat":[1304],"product_tag":[],"class_list":{"0":"post-39375","1":"product","2":"type-product","3":"status-publish","4":"has-post-thumbnail","6":"product_brand-unilever-ua-lt","7":"product_cat-ranku-prieziuros-kosmetika","9":"first","10":"outofstock","11":"taxable","12":"shipping-taxable","13":"product-type-simple"},"_links":{"self":[{"href":"https:\/\/e.kosmolat.eu\/lt\/wp-json\/wp\/v2\/product\/39375","targetHints":{"allow":["GET"]}}],"collection":[{"href":"https:\/\/e.kosmolat.eu\/lt\/wp-json\/wp\/v2\/product"}],"about":[{"href":"https:\/\/e.kosmolat.eu\/lt\/wp-json\/wp\/v2\/types\/product"}],"wp:featuredmedia":[{"embeddable":true,"href":"https:\/\/e.kosmolat.eu\/lt\/wp-json\/wp\/v2\/media\/96517"}],"wp:attachment":[{"href":"https:\/\/e.kosmolat.eu\/lt\/wp-json\/wp\/v2\/media?parent=39375"}],"wp:term":[{"taxonomy":"product_cat","embeddable":true,"href":"https:\/\/e.kosmolat.eu\/lt\/wp-json\/wp\/v2\/product_cat?post=39375"},{"taxonomy":"product_tag","embeddable":true,"href":"https:\/\/e.kosmolat.eu\/lt\/wp-json\/wp\/v2\/product_tag?post=39375"}],"curies":[{"name":"wp","href":"https:\/\/api.w.org\/{rel}","templated":true}]}}