{"id":39371,"date":"2023-12-22T23:18:21","date_gmt":"2023-12-22T23:18:21","guid":{"rendered":"https:\/\/e.kosmolat.eu\/product\/br-kremziepes-man-un-manai-gimenei-700-ml\/"},"modified":"2025-01-07T09:38:56","modified_gmt":"2025-01-07T09:38:56","slug":"br-kremziepes-man-un-manai-gimenei-700-ml","status":"publish","type":"product","link":"https:\/\/e.kosmolat.eu\/lt\/produktas\/br-kremziepes-man-un-manai-gimenei-700-ml\/","title":{"rendered":"BARCHARNIJE RU\u010cKI Rank\u0173 muilas- kremas Man ir mano \u0161eimai, 700 ml"},"content":{"rendered":"<ul>\n<li>Mink\u0161ta formul\u0117<\/li>\n<li>N\u0117ra stipraus kvapo<\/li>\n<li>Be da\u017eikli\u0173<\/li>\n<li>Tinka da\u017enam naudojimui<\/li>\n<\/ul>\n<p>Kremo-muilo formul\u0117 su rank\u0173 kremo komponentais \u0161velniai valo ir sumink\u0161tina od\u0105 plaunant rankas. Atitinka nat\u016bral\u0173 odos pH lyg\u012f.<\/p>\n<p><strong>Naudojimas: <\/strong>nedidel\u012f kiek\u012f kremo-muilo u\u017etepkite ant dr\u0117gn\u0173 rank\u0173, suputokite ir nuplaukite vandeniu. Rekomenduojama naudoti vaikams nuo 4 met\u0173.<\/p>\n<p>Laikyti nuo +5&deg;C iki +25&deg;C temperat\u016broje.<br \/>\n&nbsp;<\/p>\n","protected":false},"excerpt":{"rendered":"<p>Mink\u0161ta formul\u0117 N\u0117ra stipraus kvapo Be da\u017eikli\u0173 Tinka da\u017enam naudojimui Kremo-muilo formul\u0117 su rank\u0173 kremo komponentais \u0161velniai valo ir sumink\u0161tina od\u0105 plaunant rankas. Atitinka nat\u016bral\u0173 odos pH lyg\u012f. Naudojimas: nedidel\u012f kiek\u012f kremo-muilo u\u017etepkite ant dr\u0117gn\u0173 rank\u0173, suputokite ir nuplaukite vandeniu. Rekomenduojama naudoti vaikams nuo 4 met\u0173. Laikyti nuo +5&deg;C iki +25&deg;C temperat\u016broje. &nbsp;<\/p>\n","protected":false},"featured_media":25360,"template":"","meta":[],"product_cat":[1748],"product_tag":[],"class_list":{"0":"post-39371","1":"product","2":"type-product","3":"status-publish","4":"has-post-thumbnail","6":"product_brand-unilever-cistajalinija-silkyhands-forestbalm-axe-tresemme-lt","7":"product_cat-skystas-muilas","9":"first","10":"outofstock","11":"taxable","12":"shipping-taxable","13":"product-type-simple"},"_links":{"self":[{"href":"https:\/\/e.kosmolat.eu\/lt\/wp-json\/wp\/v2\/product\/39371","targetHints":{"allow":["GET"]}}],"collection":[{"href":"https:\/\/e.kosmolat.eu\/lt\/wp-json\/wp\/v2\/product"}],"about":[{"href":"https:\/\/e.kosmolat.eu\/lt\/wp-json\/wp\/v2\/types\/product"}],"wp:featuredmedia":[{"embeddable":true,"href":"https:\/\/e.kosmolat.eu\/lt\/wp-json\/wp\/v2\/media\/25360"}],"wp:attachment":[{"href":"https:\/\/e.kosmolat.eu\/lt\/wp-json\/wp\/v2\/media?parent=39371"}],"wp:term":[{"taxonomy":"product_cat","embeddable":true,"href":"https:\/\/e.kosmolat.eu\/lt\/wp-json\/wp\/v2\/product_cat?post=39371"},{"taxonomy":"product_tag","embeddable":true,"href":"https:\/\/e.kosmolat.eu\/lt\/wp-json\/wp\/v2\/product_tag?post=39371"}],"curies":[{"name":"wp","href":"https:\/\/api.w.org\/{rel}","templated":true}]}}