{"id":39367,"date":"2023-12-22T23:18:06","date_gmt":"2023-12-22T23:18:06","guid":{"rendered":"https:\/\/e.kosmolat.eu\/product\/bianca-bernu-tualetes-ziepes-ar-persika-aromatu-140-g\/"},"modified":"2026-04-17T11:07:49","modified_gmt":"2026-04-17T11:07:49","slug":"bianca-bernu-tualetes-ziepes-ar-persika-aromatu-140-g","status":"publish","type":"product","link":"https:\/\/e.kosmolat.eu\/lt\/produktas\/bianca-bernu-tualetes-ziepes-ar-persika-aromatu-140-g\/","title":{"rendered":"BIANCA Vaiki\u0161kas tualetinis muilas su persik\u0173 aromatu, 140 g"},"content":{"rendered":"<p><strong>Saugojimas: <\/strong>laikyti sausose, u\u017edengtose, gerai v\u0117dinamose patalpose.<\/p>\n<p><strong>Atsargumo priemon\u0117s:<\/strong> Patekus \u012f akis, kruop\u0161\u010diai nuplaukite tekan\u010diu vandeniu.<\/p>\n<p><strong>Tinkamumo laikas:<\/strong> 5 metai nuo pagaminimo datos.<br \/>\n&nbsp;<\/p>\n","protected":false},"excerpt":{"rendered":"<p>Saugojimas: laikyti sausose, u\u017edengtose, gerai v\u0117dinamose patalpose. Atsargumo priemon\u0117s: Patekus \u012f akis, kruop\u0161\u010diai nuplaukite tekan\u010diu vandeniu. Tinkamumo laikas: 5 metai nuo pagaminimo datos. &nbsp;<\/p>\n","protected":false},"featured_media":98872,"template":"","meta":[],"product_cat":[1799],"product_tag":[],"class_list":{"0":"post-39367","1":"product","2":"type-product","3":"status-publish","4":"has-post-thumbnail","6":"product_brand-slobozanskij-milovar_ua-lt","7":"product_cat-duso-geliai-muilas-vonios-putos","9":"first","10":"instock","11":"taxable","12":"shipping-taxable","13":"product-type-simple"},"_links":{"self":[{"href":"https:\/\/e.kosmolat.eu\/lt\/wp-json\/wp\/v2\/product\/39367","targetHints":{"allow":["GET"]}}],"collection":[{"href":"https:\/\/e.kosmolat.eu\/lt\/wp-json\/wp\/v2\/product"}],"about":[{"href":"https:\/\/e.kosmolat.eu\/lt\/wp-json\/wp\/v2\/types\/product"}],"wp:featuredmedia":[{"embeddable":true,"href":"https:\/\/e.kosmolat.eu\/lt\/wp-json\/wp\/v2\/media\/98872"}],"wp:attachment":[{"href":"https:\/\/e.kosmolat.eu\/lt\/wp-json\/wp\/v2\/media?parent=39367"}],"wp:term":[{"taxonomy":"product_cat","embeddable":true,"href":"https:\/\/e.kosmolat.eu\/lt\/wp-json\/wp\/v2\/product_cat?post=39367"},{"taxonomy":"product_tag","embeddable":true,"href":"https:\/\/e.kosmolat.eu\/lt\/wp-json\/wp\/v2\/product_tag?post=39367"}],"curies":[{"name":"wp","href":"https:\/\/api.w.org\/{rel}","templated":true}]}}