{"id":39359,"date":"2023-12-22T23:14:22","date_gmt":"2023-12-22T23:14:22","guid":{"rendered":"https:\/\/e.kosmolat.eu\/product\/deba-cbd-kermena-zeleja-muscle-relief-150ml\/"},"modified":"2025-01-07T09:51:32","modified_gmt":"2025-01-07T09:51:32","slug":"deba-cbd-kermena-zeleja-muscle-relief-150ml","status":"publish","type":"product","link":"https:\/\/e.kosmolat.eu\/lt\/produktas\/deba-cbd-kermena-zeleja-muscle-relief-150ml\/","title":{"rendered":"DeBa CBD K\u016bno gelis Muscle &#038; Relief, 150 ml"},"content":{"rendered":"<p>200 mg kanabidiolio.&nbsp;Su ekologi&scaron;ku aliejumi.&nbsp;Granat\u0173 ekstraktas ir argano aliejus.&nbsp;Gelis padeda suma\u017einti diskomfort\u0105 po sporto ar kitos fizin\u0117s veiklos. Formul\u0117 v\u0117sina od\u0105 ir j\u0105 ramina.&nbsp;Kanabidiolis gerina odos elastingum\u0105.&nbsp;M\u0117ta v\u0117sina ir gaivina.&nbsp;Eukalipt\u0173 bio aliejus padeda suma\u017einti diskomfort\u0105 po treniruot\u0117s.<\/p>\n<p><strong>Naudojimas:<\/strong> &scaron;velniais masa\u017euojamaisiais judesiais u\u017etepkite nedidel\u012f kremo kiek\u012f, kol visi&scaron;kai \u012fsigers.<br \/>\n&nbsp;<\/p>\n","protected":false},"excerpt":{"rendered":"<p>200 mg kanabidiolio.&nbsp;Su ekologi&scaron;ku aliejumi.&nbsp;Granat\u0173 ekstraktas ir argano aliejus.&nbsp;Gelis padeda suma\u017einti diskomfort\u0105 po sporto ar kitos fizin\u0117s veiklos. Formul\u0117 v\u0117sina od\u0105 ir j\u0105 ramina.&nbsp;Kanabidiolis gerina odos elastingum\u0105.&nbsp;M\u0117ta v\u0117sina ir gaivina.&nbsp;Eukalipt\u0173 bio aliejus padeda suma\u017einti diskomfort\u0105 po treniruot\u0117s. Naudojimas: &scaron;velniais masa\u017euojamaisiais judesiais u\u017etepkite nedidel\u012f kremo kiek\u012f, kol visi&scaron;kai \u012fsigers. &nbsp;<\/p>\n","protected":false},"featured_media":52839,"template":"","meta":[],"product_cat":[1390],"product_tag":[],"class_list":{"0":"post-39359","1":"product","2":"type-product","3":"status-publish","4":"has-post-thumbnail","6":"product_brand-rubella-inopharm-dental-deba-mistergroomer-topten-quackquack-lt","7":"product_cat-kremai-aliejai-kuno-pienelis","9":"first","10":"outofstock","11":"taxable","12":"shipping-taxable","13":"product-type-simple"},"_links":{"self":[{"href":"https:\/\/e.kosmolat.eu\/lt\/wp-json\/wp\/v2\/product\/39359","targetHints":{"allow":["GET"]}}],"collection":[{"href":"https:\/\/e.kosmolat.eu\/lt\/wp-json\/wp\/v2\/product"}],"about":[{"href":"https:\/\/e.kosmolat.eu\/lt\/wp-json\/wp\/v2\/types\/product"}],"wp:featuredmedia":[{"embeddable":true,"href":"https:\/\/e.kosmolat.eu\/lt\/wp-json\/wp\/v2\/media\/52839"}],"wp:attachment":[{"href":"https:\/\/e.kosmolat.eu\/lt\/wp-json\/wp\/v2\/media?parent=39359"}],"wp:term":[{"taxonomy":"product_cat","embeddable":true,"href":"https:\/\/e.kosmolat.eu\/lt\/wp-json\/wp\/v2\/product_cat?post=39359"},{"taxonomy":"product_tag","embeddable":true,"href":"https:\/\/e.kosmolat.eu\/lt\/wp-json\/wp\/v2\/product_tag?post=39359"}],"curies":[{"name":"wp","href":"https:\/\/api.w.org\/{rel}","templated":true}]}}