{"id":39351,"date":"2023-12-22T23:13:35","date_gmt":"2023-12-22T23:13:35","guid":{"rendered":"https:\/\/e.kosmolat.eu\/product\/deba-q10-dienas-sejas-krems-mitrinosa-kopsana-50-ml\/"},"modified":"2026-04-22T11:08:25","modified_gmt":"2026-04-22T11:08:25","slug":"deba-q10-dienas-sejas-krems-mitrinosa-kopsana-50-ml","status":"publish","type":"product","link":"https:\/\/e.kosmolat.eu\/lt\/produktas\/deba-q10-dienas-sejas-krems-mitrinosa-kopsana-50-ml\/","title":{"rendered":"DeBa Q10 Dieninis kremas veidui, dr\u0117kinamoji prie\u017ei\u016bra, 50 ml"},"content":{"rendered":"<p>RUBELLA DeBa Q10 Dieninis kremas veidui, dr\u0117kinamoji prie\u017ei\u016bra<br \/>\nNaujovi\u0161ka formul\u0117 su galingu dr\u0117kinamuoju kofermentu Q10, 4D hialurono r\u016bg\u0161timi ir taukmed\u017ei\u0173 sviestu. Dr\u0117kina od\u0105 ir palaiko nat\u016bral\u0173 dr\u0117gm\u0117s balans\u0105, tod\u0117l suma\u017e\u0117ja pirm\u0173j\u0173 rauk\u0161li\u0173 atsiradimo rizika.<br \/>\nVeikliosios med\u017eiagos ir j\u0173 poveikis:<br \/>\nKofermentas Q10 yra galingas antioksidantas, skatinantis nat\u016bral\u0173 odos atsinaujinim\u0105 ir ilgiau i\u0161saugantis j\u0105 \u0161vie\u017ei\u0105.<br \/>\n4D hialurono r\u016bg\u0161tis &ndash; dr\u0117kina ir palaiko optimal\u0173 dr\u0117gm\u0117s lyg\u012f.<br \/>\nTaukmed\u017ei\u0173 sviestas &ndash; i\u0161laiko dr\u0117gm\u0119 odoje ir palaiko jos elastingum\u0105.<br \/>\nNormaliai ir riebiai odai, kasdieniniam naudojimui<\/p>\n<p>Tinka veganams.<br \/>\nNaudojimas: rytais u\u017etepkite &nbsp;ant nuvalyto veido ir kaklo. \u012etrinkite krem\u0105 ir \u0161velniai masa\u017euokite, kol visi\u0161kai \u012fsigers.<br \/>\n&nbsp;<\/p>\n","protected":false},"excerpt":{"rendered":"<p>RUBELLA DeBa Q10 Dieninis kremas veidui, dr\u0117kinamoji prie\u017ei\u016bra Naujovi\u0161ka formul\u0117 su galingu dr\u0117kinamuoju kofermentu Q10, 4D hialurono r\u016bg\u0161timi ir taukmed\u017ei\u0173 sviestu. Dr\u0117kina od\u0105 ir palaiko nat\u016bral\u0173 dr\u0117gm\u0117s balans\u0105, tod\u0117l suma\u017e\u0117ja pirm\u0173j\u0173 rauk\u0161li\u0173 atsiradimo rizika. Veikliosios med\u017eiagos ir j\u0173 poveikis: Kofermentas Q10 yra galingas antioksidantas, skatinantis nat\u016bral\u0173 odos atsinaujinim\u0105 ir ilgiau i\u0161saugantis j\u0105 \u0161vie\u017ei\u0105. 4D hialurono [&#8230;]\n","protected":false},"featured_media":100416,"template":"","meta":[],"product_cat":[1322],"product_tag":[],"class_list":{"0":"post-39351","1":"product","2":"type-product","3":"status-publish","4":"has-post-thumbnail","6":"product_brand-rubella-bg-lt","7":"product_cat-veido-kremai","9":"first","10":"instock","11":"taxable","12":"shipping-taxable","13":"product-type-simple"},"_links":{"self":[{"href":"https:\/\/e.kosmolat.eu\/lt\/wp-json\/wp\/v2\/product\/39351","targetHints":{"allow":["GET"]}}],"collection":[{"href":"https:\/\/e.kosmolat.eu\/lt\/wp-json\/wp\/v2\/product"}],"about":[{"href":"https:\/\/e.kosmolat.eu\/lt\/wp-json\/wp\/v2\/types\/product"}],"wp:featuredmedia":[{"embeddable":true,"href":"https:\/\/e.kosmolat.eu\/lt\/wp-json\/wp\/v2\/media\/100416"}],"wp:attachment":[{"href":"https:\/\/e.kosmolat.eu\/lt\/wp-json\/wp\/v2\/media?parent=39351"}],"wp:term":[{"taxonomy":"product_cat","embeddable":true,"href":"https:\/\/e.kosmolat.eu\/lt\/wp-json\/wp\/v2\/product_cat?post=39351"},{"taxonomy":"product_tag","embeddable":true,"href":"https:\/\/e.kosmolat.eu\/lt\/wp-json\/wp\/v2\/product_tag?post=39351"}],"curies":[{"name":"wp","href":"https:\/\/api.w.org\/{rel}","templated":true}]}}