{"id":39343,"date":"2023-12-22T23:13:06","date_gmt":"2023-12-22T23:13:06","guid":{"rendered":"https:\/\/e.kosmolat.eu\/product\/deba-q10-sejas-nakts-krems-maska-50-ml\/"},"modified":"2026-04-22T11:08:10","modified_gmt":"2026-04-22T11:08:10","slug":"deba-q10-sejas-nakts-krems-maska-50-ml","status":"publish","type":"product","link":"https:\/\/e.kosmolat.eu\/lt\/produktas\/deba-q10-sejas-nakts-krems-maska-50-ml\/","title":{"rendered":"DeBa Q10 Naktinis kremas ir veido kauk\u0117. 50 ml"},"content":{"rendered":"<p>RUBELLA DeBa Q10 Naktinis kremas ir veido kauk\u0117<br \/>\nSud\u0117tyje yra kofermento Q10, vynuogi\u0173 kauliuk\u0173 aliejaus, vitamin\u0173 komplekso (vitaminas A+E). Maitina, dr\u0117kina ir gerina odos elastingum\u0105, padeda kovoti su pirmosiomis rauk\u0161l\u0117mis. Formul\u0117 veikia nakt\u012f, kai oda labiausiai pasisavina veikli\u0105sias med\u017eiagas.<br \/>\nVeikliosios med\u017eiagos ir j\u0173 poveikis:<br \/>\nKofermentas Q10 yra galingas antioksidantas, skatinantis nat\u016bral\u0173 odos atsinaujinim\u0105 ir ilgiau i\u0161saugantis j\u0105 \u0161vie\u017ei\u0105.<br \/>\nVitamin\u0173 kompleksas \/A+E\/ &#8211; maitina ir atkuria nat\u016bral\u0173 lipid\u0173 kiek\u012f odoje.<br \/>\nVynuogi\u0173 kauliuk\u0173 aliejus &ndash; tonizuoja ir stangrina od\u0105.<br \/>\nNormaliai ir sausai odai, kasdieniniam naudojimui.<br \/>\nTinka veganams.<br \/>\nNaudojimas: u\u017etepkite stor\u0105 sluoksn\u012f ant nuvalyto veido ir kaklo. \u012etrinkite krem\u0105 &#8211; kauk\u0119 ir \u0161velniai masa\u017euokite, kol visi\u0161kai \u012fsigers.<br \/>\n&nbsp;<\/p>\n","protected":false},"excerpt":{"rendered":"<p>RUBELLA DeBa Q10 Naktinis kremas ir veido kauk\u0117 Sud\u0117tyje yra kofermento Q10, vynuogi\u0173 kauliuk\u0173 aliejaus, vitamin\u0173 komplekso (vitaminas A+E). Maitina, dr\u0117kina ir gerina odos elastingum\u0105, padeda kovoti su pirmosiomis rauk\u0161l\u0117mis. Formul\u0117 veikia nakt\u012f, kai oda labiausiai pasisavina veikli\u0105sias med\u017eiagas. Veikliosios med\u017eiagos ir j\u0173 poveikis: Kofermentas Q10 yra galingas antioksidantas, skatinantis nat\u016bral\u0173 odos atsinaujinim\u0105 ir ilgiau [&#8230;]\n","protected":false},"featured_media":99498,"template":"","meta":[],"product_cat":[1322],"product_tag":[],"class_list":{"0":"post-39343","1":"product","2":"type-product","3":"status-publish","4":"has-post-thumbnail","6":"product_brand-rubella-bg-lt","7":"product_cat-veido-kremai","9":"first","10":"instock","11":"taxable","12":"shipping-taxable","13":"product-type-simple"},"_links":{"self":[{"href":"https:\/\/e.kosmolat.eu\/lt\/wp-json\/wp\/v2\/product\/39343","targetHints":{"allow":["GET"]}}],"collection":[{"href":"https:\/\/e.kosmolat.eu\/lt\/wp-json\/wp\/v2\/product"}],"about":[{"href":"https:\/\/e.kosmolat.eu\/lt\/wp-json\/wp\/v2\/types\/product"}],"wp:featuredmedia":[{"embeddable":true,"href":"https:\/\/e.kosmolat.eu\/lt\/wp-json\/wp\/v2\/media\/99498"}],"wp:attachment":[{"href":"https:\/\/e.kosmolat.eu\/lt\/wp-json\/wp\/v2\/media?parent=39343"}],"wp:term":[{"taxonomy":"product_cat","embeddable":true,"href":"https:\/\/e.kosmolat.eu\/lt\/wp-json\/wp\/v2\/product_cat?post=39343"},{"taxonomy":"product_tag","embeddable":true,"href":"https:\/\/e.kosmolat.eu\/lt\/wp-json\/wp\/v2\/product_tag?post=39343"}],"curies":[{"name":"wp","href":"https:\/\/api.w.org\/{rel}","templated":true}]}}