{"id":39331,"date":"2023-12-22T23:11:40","date_gmt":"2023-12-22T23:11:40","guid":{"rendered":"https:\/\/e.kosmolat.eu\/product\/deba-maturel-nakts-krems-50ml\/"},"modified":"2025-01-24T06:33:34","modified_gmt":"2025-01-24T06:33:34","slug":"deba-maturel-nakts-krems-50ml","status":"publish","type":"product","link":"https:\/\/e.kosmolat.eu\/lt\/produktas\/deba-maturel-nakts-krems-50ml\/","title":{"rendered":"DeBa Maturel naktinis kremas, 50 ml"},"content":{"rendered":"<p>RUBELLA DeBa Maturel naktinis kremas<br \/>\nSud\u0117tyje yra Sepilift DPHP, taukmed\u017eio sviesto ir vitamino A. DeBa liftingo formul\u0117 suderinama su nakties odos atk\u016brimo procesu. D\u0117l to ryte atrodo \u017evaliai ir pails\u0117jusi.<br \/>\nVeikliosios med\u017eiagos ir j\u0173 poveikis:<br \/>\nSepilift DPHP &ndash; stangrina od\u0105, gerina jos dr\u0117kinim\u0105 ir elastingum\u0105. Stimuliuoja kolageno sintez\u0119 ir lygina esamas rauk\u0161les, apsaugodama nuo nauj\u0173 susidarymo. Sepilift DPHP apsaugo nuo \u017ealingo laisv\u0173j\u0173 radikal\u0173 poveikio.<br \/>\nTaukmed\u017ei\u0173 sviestas &#8211; maitina epiderm\u012f, padidina jo elastingum\u0105 ir mink\u0161tum\u0105.<br \/>\nVitaminas A &ndash; l\u0117tina sen\u0117jimo proces\u0105. Skatina odos atsinaujinim\u0105, gerina odos elastingum\u0105.<br \/>\nBrand\u017eiai odai, tinka kasdieniam naudojimui.<\/p>\n<p>Tinka veganams.<br \/>\nNaudojimas: u\u017etepkite stor\u0105 sluoksn\u012f ant nuvalyto veido ir kaklo. \u012etrinkite krem\u0105 ir \u0161velniai masa\u017euokite, kol visi\u0161kai \u012fsigers.<br \/>\n&nbsp;<\/p>\n","protected":false},"excerpt":{"rendered":"<p>RUBELLA DeBa Maturel naktinis kremas Sud\u0117tyje yra Sepilift DPHP, taukmed\u017eio sviesto ir vitamino A. DeBa liftingo formul\u0117 suderinama su nakties odos atk\u016brimo procesu. D\u0117l to ryte atrodo \u017evaliai ir pails\u0117jusi. Veikliosios med\u017eiagos ir j\u0173 poveikis: Sepilift DPHP &ndash; stangrina od\u0105, gerina jos dr\u0117kinim\u0105 ir elastingum\u0105. Stimuliuoja kolageno sintez\u0119 ir lygina esamas rauk\u0161les, apsaugodama nuo nauj\u0173 [&#8230;]\n","protected":false},"featured_media":14685,"template":"","meta":[],"product_cat":[1322],"product_tag":[],"class_list":{"0":"post-39331","1":"product","2":"type-product","3":"status-publish","4":"has-post-thumbnail","6":"product_brand-rubella-inopharm-dental-deba-mistergroomer-topten-quackquack-lt","7":"product_cat-veido-kremai","9":"first","10":"outofstock","11":"taxable","12":"shipping-taxable","13":"product-type-simple"},"_links":{"self":[{"href":"https:\/\/e.kosmolat.eu\/lt\/wp-json\/wp\/v2\/product\/39331","targetHints":{"allow":["GET"]}}],"collection":[{"href":"https:\/\/e.kosmolat.eu\/lt\/wp-json\/wp\/v2\/product"}],"about":[{"href":"https:\/\/e.kosmolat.eu\/lt\/wp-json\/wp\/v2\/types\/product"}],"wp:featuredmedia":[{"embeddable":true,"href":"https:\/\/e.kosmolat.eu\/lt\/wp-json\/wp\/v2\/media\/14685"}],"wp:attachment":[{"href":"https:\/\/e.kosmolat.eu\/lt\/wp-json\/wp\/v2\/media?parent=39331"}],"wp:term":[{"taxonomy":"product_cat","embeddable":true,"href":"https:\/\/e.kosmolat.eu\/lt\/wp-json\/wp\/v2\/product_cat?post=39331"},{"taxonomy":"product_tag","embeddable":true,"href":"https:\/\/e.kosmolat.eu\/lt\/wp-json\/wp\/v2\/product_tag?post=39331"}],"curies":[{"name":"wp","href":"https:\/\/api.w.org\/{rel}","templated":true}]}}