{"id":39311,"date":"2023-12-22T23:09:24","date_gmt":"2023-12-22T23:09:24","guid":{"rendered":"https:\/\/e.kosmolat.eu\/product\/deba-micellar-intima-mazgasanas-zelejaaloe200-ml\/"},"modified":"2026-04-20T11:58:31","modified_gmt":"2026-04-20T11:58:31","slug":"deba-micellar-intima-mazgasanas-zelejaaloe200-ml","status":"publish","type":"product","link":"https:\/\/e.kosmolat.eu\/lt\/produktas\/deba-micellar-intima-mazgasanas-zelejaaloe200-ml\/","title":{"rendered":"DeBa Micelinis valomasis gelis intymiai higienai, 200 ml"},"content":{"rendered":"<p>Subtili prie\u017ei\u016bra. Normaliai odai.<br \/>\n\u017demas pH 3,5<br \/>\nSu alavij\u0173 ekstraktu, pieno r\u016bg\u0161timi ir D-pantenoliu<\/p>\n<p>Gelis skirtas kasdienei prie\u017ei\u016brai ir intymiai higienai. Novatori\u0161ka formul\u0117, praturtinta valomsiomis micel\u0117mis ir pieno r\u016bg\u0161timi. \u017demas pH 3,5 ir daug pieno r\u016bg\u0161ties. Alavijai turi prie\u0161u\u017edegimini\u0173 savybi\u0173. Prid\u0117tas D-pantenolis dr\u0117kina ir ramina sudirgimus. Gelis \u0161velniai valo ir sukuria gaivumo poj\u016bt\u012f visai dienai. Rekomenduojamas \u0161velniai vis\u0173 am\u017eiaus grupi\u0173 moter\u0173 intymi\u0173 viet\u0173 prie\u017ei\u016brai. Be agresyvi\u0173 ingredient\u0173, formul\u0117 tinka veganams. Normaliai odai. Nesukelia dirginimo. Dermatologi\u0161kai patikrintas produktas. Naudojimas: u\u017etepkite nedidel\u012f kiek\u012f gelio ir gerai nuplaukite vandeniu.<br \/>\nTik i\u0161oriniam naudojimui.<br \/>\n&nbsp;<\/p>\n","protected":false},"excerpt":{"rendered":"<p>Subtili prie\u017ei\u016bra. Normaliai odai. \u017demas pH 3,5 Su alavij\u0173 ekstraktu, pieno r\u016bg\u0161timi ir D-pantenoliu Gelis skirtas kasdienei prie\u017ei\u016brai ir intymiai higienai. Novatori\u0161ka formul\u0117, praturtinta valomsiomis micel\u0117mis ir pieno r\u016bg\u0161timi. \u017demas pH 3,5 ir daug pieno r\u016bg\u0161ties. Alavijai turi prie\u0161u\u017edegimini\u0173 savybi\u0173. Prid\u0117tas D-pantenolis dr\u0117kina ir ramina sudirgimus. Gelis \u0161velniai valo ir sukuria gaivumo poj\u016bt\u012f visai dienai. [&#8230;]\n","protected":false},"featured_media":100408,"template":"","meta":[],"product_cat":[1374],"product_tag":[],"class_list":{"0":"post-39311","1":"product","2":"type-product","3":"status-publish","4":"has-post-thumbnail","6":"product_brand-rubella-bg-lt","7":"product_cat-intymi-higiena","9":"first","10":"instock","11":"taxable","12":"shipping-taxable","13":"product-type-simple"},"_links":{"self":[{"href":"https:\/\/e.kosmolat.eu\/lt\/wp-json\/wp\/v2\/product\/39311","targetHints":{"allow":["GET"]}}],"collection":[{"href":"https:\/\/e.kosmolat.eu\/lt\/wp-json\/wp\/v2\/product"}],"about":[{"href":"https:\/\/e.kosmolat.eu\/lt\/wp-json\/wp\/v2\/types\/product"}],"wp:featuredmedia":[{"embeddable":true,"href":"https:\/\/e.kosmolat.eu\/lt\/wp-json\/wp\/v2\/media\/100408"}],"wp:attachment":[{"href":"https:\/\/e.kosmolat.eu\/lt\/wp-json\/wp\/v2\/media?parent=39311"}],"wp:term":[{"taxonomy":"product_cat","embeddable":true,"href":"https:\/\/e.kosmolat.eu\/lt\/wp-json\/wp\/v2\/product_cat?post=39311"},{"taxonomy":"product_tag","embeddable":true,"href":"https:\/\/e.kosmolat.eu\/lt\/wp-json\/wp\/v2\/product_tag?post=39311"}],"curies":[{"name":"wp","href":"https:\/\/api.w.org\/{rel}","templated":true}]}}