{"id":39287,"date":"2023-12-22T23:07:18","date_gmt":"2023-12-22T23:07:18","guid":{"rendered":"https:\/\/e.kosmolat.eu\/product\/lb-lidz-mut-dob-slal-total-ar-jur-sali-ingveru-800-ml\/"},"modified":"2024-03-21T21:54:21","modified_gmt":"2024-03-21T21:54:21","slug":"lb-lidz-mut-dob-slal-total-ar-jur-sali-ingveru-800-ml","status":"publish","type":"product","link":"https:\/\/e.kosmolat.eu\/lt\/produktas\/lb-lidz-mut-dob-slal-total-ar-jur-sali-ingveru-800-ml\/","title":{"rendered":"LESNOJ BALZAM Burnos skalavimo skystis Total Komplekss u j\u016bros druska, imbier\u0173 ekstraktu ir ma\u010dia ar"},"content":{"rendered":"<p>Apsauga nuo apna\u0161\u0173 + apsauga nuo karieso. Pa\u0161alina apna\u0161as net tarpdan\u010diuose. Padeda i\u0161vengti \u017ealingo apna\u0161\u0173 poveikio dantims ir dantenoms. Atkuria emal\u012f ir stiprina dantenas, suma\u017eindama rimt\u0173 burnos problem\u0173 atsiradimo rizik\u0105. Did\u017eiausi\u0105 apna\u0161\u0173 \u0161alinimo efekt\u0105 galima pasiekti naudojant kartu dant\u0173 past\u0105 ir skalavimo skyst\u012f.<\/p>\n<p><strong>Naudojimas: <\/strong>U\u017epildykite dangtel\u012f skalavimo priemone. 30 sekund\u017ei\u0173 skalaukite burn\u0105. Naudokite po valgio ir i\u0161sival\u0119 dantis.<br \/>\n&nbsp;&nbsp;<br \/>\nFluorid\u0173 mas\u0117s dalis 0,02%. Sud\u0117tyje yra natrio fluorido. Nenuryti. Nenaudoti jaunesniems nei 6 met\u0173 vaikams, nebent specialiai nurod\u0117 odontologas. D\u0117l nat\u016brali\u0173 ingredient\u0173 kiekio gali atsirasti nedideli\u0173 nuos\u0117d\u0173. Tai neturi \u012ftakos gaminio kokybei ir saugai. Naudojimas neatleid\u017eia nuo apsilankymo pas odontolog\u0105. Nenuryti.. Tai n\u0117ra vaistinis preparatas.<br \/>\n&nbsp;<\/p>\n","protected":false},"excerpt":{"rendered":"<p>Apsauga nuo apna\u0161\u0173 + apsauga nuo karieso. Pa\u0161alina apna\u0161as net tarpdan\u010diuose. Padeda i\u0161vengti \u017ealingo apna\u0161\u0173 poveikio dantims ir dantenoms. Atkuria emal\u012f ir stiprina dantenas, suma\u017eindama rimt\u0173 burnos problem\u0173 atsiradimo rizik\u0105. Did\u017eiausi\u0105 apna\u0161\u0173 \u0161alinimo efekt\u0105 galima pasiekti naudojant kartu dant\u0173 past\u0105 ir skalavimo skyst\u012f. Naudojimas: U\u017epildykite dangtel\u012f skalavimo priemone. 30 sekund\u017ei\u0173 skalaukite burn\u0105. Naudokite po valgio [&#8230;]\n","protected":false},"featured_media":4546,"template":"","meta":[],"product_cat":[1313],"product_tag":[],"class_list":{"0":"post-39287","1":"product","2":"type-product","3":"status-publish","4":"has-post-thumbnail","6":"product_brand-unilever-rus-lt","7":"product_cat-burnos-skalavimo-priemones","9":"first","10":"outofstock","11":"taxable","12":"shipping-taxable","13":"product-type-simple"},"_links":{"self":[{"href":"https:\/\/e.kosmolat.eu\/lt\/wp-json\/wp\/v2\/product\/39287","targetHints":{"allow":["GET"]}}],"collection":[{"href":"https:\/\/e.kosmolat.eu\/lt\/wp-json\/wp\/v2\/product"}],"about":[{"href":"https:\/\/e.kosmolat.eu\/lt\/wp-json\/wp\/v2\/types\/product"}],"wp:featuredmedia":[{"embeddable":true,"href":"https:\/\/e.kosmolat.eu\/lt\/wp-json\/wp\/v2\/media\/4546"}],"wp:attachment":[{"href":"https:\/\/e.kosmolat.eu\/lt\/wp-json\/wp\/v2\/media?parent=39287"}],"wp:term":[{"taxonomy":"product_cat","embeddable":true,"href":"https:\/\/e.kosmolat.eu\/lt\/wp-json\/wp\/v2\/product_cat?post=39287"},{"taxonomy":"product_tag","embeddable":true,"href":"https:\/\/e.kosmolat.eu\/lt\/wp-json\/wp\/v2\/product_tag?post=39287"}],"curies":[{"name":"wp","href":"https:\/\/api.w.org\/{rel}","templated":true}]}}