{"id":39279,"date":"2023-12-22T23:06:26","date_gmt":"2023-12-22T23:06:26","guid":{"rendered":"https:\/\/e.kosmolat.eu\/product\/uti-puti-bernu-krems-mitrinoss-75-ml\/"},"modified":"2026-04-23T07:32:13","modified_gmt":"2026-04-23T07:32:13","slug":"uti-puti-bernu-krems-mitrinoss-75-ml","status":"publish","type":"product","link":"https:\/\/e.kosmolat.eu\/lt\/produktas\/uti-puti-bernu-krems-mitrinoss-75-ml\/","title":{"rendered":"UTI-PUTI Vaiki\u0161kas kremas dr\u0117kinantis, su obuoli\u0173 putin\u0173 ekstraktais ir kvie\u010di\u0173 proteinais, 75 ml"},"content":{"rendered":"<p>Vaiki\u0161kas kremas su alantoinu, glicerinu, D-pantenoliu ir obuoli\u0173, putin\u0173 ir kvie\u010di\u0173 baltym\u0173 ekstraktais \u0161velniai pri\u017ei\u016bri gle\u017en\u0105 vaiko od\u0105, j\u0105 ramina, dr\u0117kina, mal\u0161ina sudirgimus ir neleid\u017eia atsirasti jiems. Priemon\u0117 tinka pri\u017ei\u016br\u0117ti ma\u017eylio k\u016bn\u0105 nuo pirm\u0173j\u0173 dien\u0173, \u012fskaitant apsaug\u0105 nuo nepalanki\u0173 oro s\u0105lyg\u0173. Nesukelia alergini\u0173 reakcij\u0173. Jis gerai pasiskirsto ant odos pavir\u0161iaus, greitai susigeria.<\/p>\n<p><strong>Naudojimas:<\/strong> tepkite ant odos lengvais masa\u017eo judesiais, kol visi\u0161kai \u012fsigers.<\/p>\n<p>Atsargumo priemon\u0117s: Tik i\u0161oriniam naudojimui, &nbsp;Patekus \u012f akis, gerai nuplauti dideliu kiekiu tekan\u010dio vandens.<\/p>\n<p><strong>Laikymo s\u0105lygos:<\/strong> nuo +5&deg;C iki +25&deg;C temperat\u016broje, toliau nuo saul\u0117s spinduli\u0173 \u0161altini\u0173. Tinkamumo laikas: 36 m\u0117n.<br \/>\n&nbsp;<\/p>\n","protected":false},"excerpt":{"rendered":"<p>Vaiki\u0161kas kremas su alantoinu, glicerinu, D-pantenoliu ir obuoli\u0173, putin\u0173 ir kvie\u010di\u0173 baltym\u0173 ekstraktais \u0161velniai pri\u017ei\u016bri gle\u017en\u0105 vaiko od\u0105, j\u0105 ramina, dr\u0117kina, mal\u0161ina sudirgimus ir neleid\u017eia atsirasti jiems. Priemon\u0117 tinka pri\u017ei\u016br\u0117ti ma\u017eylio k\u016bn\u0105 nuo pirm\u0173j\u0173 dien\u0173, \u012fskaitant apsaug\u0105 nuo nepalanki\u0173 oro s\u0105lyg\u0173. Nesukelia alergini\u0173 reakcij\u0173. Jis gerai pasiskirsto ant odos pavir\u0161iaus, greitai susigeria. Naudojimas: tepkite ant [&#8230;]\n","protected":false},"featured_media":101358,"template":"","meta":[],"product_cat":[2181],"product_tag":[],"class_list":{"0":"post-39279","1":"product","2":"type-product","3":"status-publish","4":"has-post-thumbnail","6":"product_brand-slobozanskij-milovar_ua-lt","7":"product_cat-bez-kategorijas-lt","9":"first","10":"instock","11":"taxable","12":"shipping-taxable","13":"product-type-simple"},"_links":{"self":[{"href":"https:\/\/e.kosmolat.eu\/lt\/wp-json\/wp\/v2\/product\/39279","targetHints":{"allow":["GET"]}}],"collection":[{"href":"https:\/\/e.kosmolat.eu\/lt\/wp-json\/wp\/v2\/product"}],"about":[{"href":"https:\/\/e.kosmolat.eu\/lt\/wp-json\/wp\/v2\/types\/product"}],"wp:featuredmedia":[{"embeddable":true,"href":"https:\/\/e.kosmolat.eu\/lt\/wp-json\/wp\/v2\/media\/101358"}],"wp:attachment":[{"href":"https:\/\/e.kosmolat.eu\/lt\/wp-json\/wp\/v2\/media?parent=39279"}],"wp:term":[{"taxonomy":"product_cat","embeddable":true,"href":"https:\/\/e.kosmolat.eu\/lt\/wp-json\/wp\/v2\/product_cat?post=39279"},{"taxonomy":"product_tag","embeddable":true,"href":"https:\/\/e.kosmolat.eu\/lt\/wp-json\/wp\/v2\/product_tag?post=39279"}],"curies":[{"name":"wp","href":"https:\/\/api.w.org\/{rel}","templated":true}]}}