{"id":39275,"date":"2023-12-22T23:05:57","date_gmt":"2023-12-22T23:05:57","guid":{"rendered":"https:\/\/e.kosmolat.eu\/product\/uti-puti-bernu-krems-aizsargajoss-75-ml\/"},"modified":"2026-04-23T07:31:59","modified_gmt":"2026-04-23T07:31:59","slug":"uti-puti-bernu-krems-aizsargajoss-75-ml","status":"publish","type":"product","link":"https:\/\/e.kosmolat.eu\/lt\/produktas\/uti-puti-bernu-krems-aizsargajoss-75-ml\/","title":{"rendered":"UTI-PUTI Vaiki\u0161kas kremas Apsaugantis su migdol\u0173 aliejumi ir ramun\u0117l\u0117mis, 75 ml"},"content":{"rendered":"<p>Universalus kremas ypa\u010d jautriai odai. Tinka kasdienei vaik\u0173 odos prie\u017ei\u016brai. Kruop\u0161\u010diai pri\u017ei\u016bri ir \u0161velniai dr\u0117kina, u\u017ekertant keli\u0105 vystykl\u0173 b\u0117rimui. Vaik\u0161\u010diodami gryname ore patikimai apsaugokite gle\u017en\u0105 vaiko od\u0105 nuo saul\u0117s ir v\u0117jo. Padeda i\u0161laikyti gle\u017enos ir jautrios k\u016bdikio odos sveikat\u0105 po vystyklais. Kosmetikos gaminio formul\u0117je yra alantoino, glicerino, D-pantenolio, taip pat migdol\u0173 aliejaus ir ramun\u0117li\u0173 ekstrakto.<\/p>\n<p><strong>Naudojimas:<\/strong> tepkite ant odos lengvais masa\u017eo judesiais, kol visi\u0161kai \u012fsigers.<\/p>\n<p><strong>Atsargumo priemon\u0117s<\/strong>: Tik i\u0161oriniam naudojimui, &nbsp;Patekus \u012f akis, gerai nuplauti dideliu kiekiu tekan\u010dio vandens.<\/p>\n<p><strong>Laikymo s\u0105lygos:<\/strong> nuo +5&deg;C iki +25&deg;C temperat\u016broje, toliau nuo saul\u0117s spinduli\u0173 \u0161altini\u0173.<\/p>\n<p><strong>Tinkamumo laikas:<\/strong> 36 m\u0117n.<br \/>\n&nbsp;<\/p>\n","protected":false},"excerpt":{"rendered":"<p>Universalus kremas ypa\u010d jautriai odai. Tinka kasdienei vaik\u0173 odos prie\u017ei\u016brai. Kruop\u0161\u010diai pri\u017ei\u016bri ir \u0161velniai dr\u0117kina, u\u017ekertant keli\u0105 vystykl\u0173 b\u0117rimui. Vaik\u0161\u010diodami gryname ore patikimai apsaugokite gle\u017en\u0105 vaiko od\u0105 nuo saul\u0117s ir v\u0117jo. Padeda i\u0161laikyti gle\u017enos ir jautrios k\u016bdikio odos sveikat\u0105 po vystyklais. Kosmetikos gaminio formul\u0117je yra alantoino, glicerino, D-pantenolio, taip pat migdol\u0173 aliejaus ir ramun\u0117li\u0173 ekstrakto. [&#8230;]\n","protected":false},"featured_media":101354,"template":"","meta":[],"product_cat":[2181],"product_tag":[],"class_list":{"0":"post-39275","1":"product","2":"type-product","3":"status-publish","4":"has-post-thumbnail","6":"product_brand-slobozanskij-milovar_ua-lt","7":"product_cat-bez-kategorijas-lt","9":"first","10":"instock","11":"taxable","12":"shipping-taxable","13":"product-type-simple"},"_links":{"self":[{"href":"https:\/\/e.kosmolat.eu\/lt\/wp-json\/wp\/v2\/product\/39275","targetHints":{"allow":["GET"]}}],"collection":[{"href":"https:\/\/e.kosmolat.eu\/lt\/wp-json\/wp\/v2\/product"}],"about":[{"href":"https:\/\/e.kosmolat.eu\/lt\/wp-json\/wp\/v2\/types\/product"}],"wp:featuredmedia":[{"embeddable":true,"href":"https:\/\/e.kosmolat.eu\/lt\/wp-json\/wp\/v2\/media\/101354"}],"wp:attachment":[{"href":"https:\/\/e.kosmolat.eu\/lt\/wp-json\/wp\/v2\/media?parent=39275"}],"wp:term":[{"taxonomy":"product_cat","embeddable":true,"href":"https:\/\/e.kosmolat.eu\/lt\/wp-json\/wp\/v2\/product_cat?post=39275"},{"taxonomy":"product_tag","embeddable":true,"href":"https:\/\/e.kosmolat.eu\/lt\/wp-json\/wp\/v2\/product_tag?post=39275"}],"curies":[{"name":"wp","href":"https:\/\/api.w.org\/{rel}","templated":true}]}}