{"id":39271,"date":"2023-12-22T23:05:35","date_gmt":"2023-12-22T23:05:35","guid":{"rendered":"https:\/\/e.kosmolat.eu\/product\/uti-puti-bernu-sampuns-auzu-pienins-un-proteini-200-ml\/"},"modified":"2026-04-21T09:19:41","modified_gmt":"2026-04-21T09:19:41","slug":"uti-puti-bernu-sampuns-auzu-pienins-un-proteini-200-ml","status":"publish","type":"product","link":"https:\/\/e.kosmolat.eu\/lt\/produktas\/uti-puti-bernu-sampuns-auzu-pienins-un-proteini-200-ml\/","title":{"rendered":"UTI-PUTI \u0160amp\u016bnas vaikams Avi\u017e\u0173 pienas ir kvie\u010di\u0173 gemal\u0173 baltymai, 200 g"},"content":{"rendered":"<p>&Scaron;velnus &scaron;amp\u016bnas bet kokio am\u017eiaus vaikams. Efektyviai valo k\u016bdikio galvos od\u0105 ir plaukus. &Scaron;amp\u016bne esan\u010diuose avi\u017e\u0173 piene ir kvie\u010di\u0173 gemal\u0173 baltymuose gausu aminor\u016bg&scaron;\u010di\u0173 ir kit\u0173 nauding\u0173 med\u017eiag\u0173, kurios pasi\u017eymi dr\u0117kinamosiomis ir mink&scaron;tinan\u010diomis savyb\u0117mis, taip pat apsaugo nuo dirginimo. Negrau\u017eia aki\u0173, be &quot;p\u016bk\u0173&quot; efekto.<\/p>\n<p><strong>Naudojimas:<\/strong> paskirstykite ant dr\u0117gn\u0173 plauk\u0173, suputokite, nuplaukite vandeniu.<\/p>\n<p><strong>Atsargumo priemon\u0117s:<\/strong> Patekus \u012f akis, gerai i&scaron;plauti dideliu kiekiu tekan\u010dio vandens.<\/p>\n<p>Laikymo s\u0105lygos: nuo +5&deg;C iki +25&deg;C temperat\u016broje, toliau nuo saul\u0117s spinduli\u0173 &scaron;altini\u0173.<\/p>\n<p><strong>Tinkamumo laikas:<\/strong> 36 m\u0117n.<br \/>\n&nbsp;<\/p>\n","protected":false},"excerpt":{"rendered":"<p>&Scaron;velnus &scaron;amp\u016bnas bet kokio am\u017eiaus vaikams. Efektyviai valo k\u016bdikio galvos od\u0105 ir plaukus. &Scaron;amp\u016bne esan\u010diuose avi\u017e\u0173 piene ir kvie\u010di\u0173 gemal\u0173 baltymuose gausu aminor\u016bg&scaron;\u010di\u0173 ir kit\u0173 nauding\u0173 med\u017eiag\u0173, kurios pasi\u017eymi dr\u0117kinamosiomis ir mink&scaron;tinan\u010diomis savyb\u0117mis, taip pat apsaugo nuo dirginimo. Negrau\u017eia aki\u0173, be &quot;p\u016bk\u0173&quot; efekto. Naudojimas: paskirstykite ant dr\u0117gn\u0173 plauk\u0173, suputokite, nuplaukite vandeniu. Atsargumo priemon\u0117s: Patekus \u012f [&#8230;]\n","protected":false},"featured_media":99952,"template":"","meta":[],"product_cat":[2181],"product_tag":[],"class_list":{"0":"post-39271","1":"product","2":"type-product","3":"status-publish","4":"has-post-thumbnail","6":"product_brand-slobozanskij-milovar_ua-lt","7":"product_cat-bez-kategorijas-lt","9":"first","10":"instock","11":"taxable","12":"shipping-taxable","13":"product-type-simple"},"_links":{"self":[{"href":"https:\/\/e.kosmolat.eu\/lt\/wp-json\/wp\/v2\/product\/39271","targetHints":{"allow":["GET"]}}],"collection":[{"href":"https:\/\/e.kosmolat.eu\/lt\/wp-json\/wp\/v2\/product"}],"about":[{"href":"https:\/\/e.kosmolat.eu\/lt\/wp-json\/wp\/v2\/types\/product"}],"wp:featuredmedia":[{"embeddable":true,"href":"https:\/\/e.kosmolat.eu\/lt\/wp-json\/wp\/v2\/media\/99952"}],"wp:attachment":[{"href":"https:\/\/e.kosmolat.eu\/lt\/wp-json\/wp\/v2\/media?parent=39271"}],"wp:term":[{"taxonomy":"product_cat","embeddable":true,"href":"https:\/\/e.kosmolat.eu\/lt\/wp-json\/wp\/v2\/product_cat?post=39271"},{"taxonomy":"product_tag","embeddable":true,"href":"https:\/\/e.kosmolat.eu\/lt\/wp-json\/wp\/v2\/product_tag?post=39271"}],"curies":[{"name":"wp","href":"https:\/\/api.w.org\/{rel}","templated":true}]}}