{"id":39267,"date":"2023-12-22T23:05:08","date_gmt":"2023-12-22T23:05:08","guid":{"rendered":"https:\/\/e.kosmolat.eu\/product\/hl-sampuns-visai-gmenei-natre-un-salvija-1-l\/"},"modified":"2025-05-30T13:51:00","modified_gmt":"2025-05-30T13:51:00","slug":"hl-sampuns-visai-gmenei-natre-un-salvija-1-l","status":"publish","type":"product","link":"https:\/\/e.kosmolat.eu\/lt\/produktas\/hl-sampuns-visai-gmenei-natre-un-salvija-1-l\/","title":{"rendered":"HAPPY LIFE \u0160amp\u016bnas Dilg\u0117l\u0117s ir \u0161alavijai, 1000 g"},"content":{"rendered":"<p>Veiksmingas plauk\u0173 \u0161amp\u016bnas visai \u0161eimai. Sud\u0117tyje yra nat\u016brali\u0173 ingredient\u0173 sveikiems ir \u017evilgantiems plaukams. &Scaron;amp\u016bne esantys dilg\u0117li\u0173 ir \u0161alavij\u0173 ekstraktai stiprina, tonizuoja ir maitina plaukus, normalizuoja riebalini\u0173 liauk\u0173 veikl\u0105, gerina kraujotak\u0105 ir apsaugo nuo pleiskan\u0173 atsiradimo.<\/p>\n<p><strong>Naudojimas:<\/strong> paskirstykite ant dr\u0117gn\u0173 plauk\u0173, suputokite ir nuplaukite vandeniu.<\/p>\n<p><strong>Atsargumo priemon\u0117s:<\/strong> Neprarykite! Patekus \u012f akis, plauti dideliu kiekiu tekan\u010dio vandens.<\/p>\n<p><strong>Tinkamumo laikas:<\/strong> 36 m\u0117n.<\/p>\n<p><strong>Laikymo s\u0105lygos:<\/strong> nuo +5&deg;C iki +25&deg;C temperat\u016broje, toliau nuo saul\u0117s spinduli\u0173 \u0161altini\u0173.<br \/>\n&nbsp;<\/p>\n","protected":false},"excerpt":{"rendered":"<p>Veiksmingas plauk\u0173 \u0161amp\u016bnas visai \u0161eimai. Sud\u0117tyje yra nat\u016brali\u0173 ingredient\u0173 sveikiems ir \u017evilgantiems plaukams. &Scaron;amp\u016bne esantys dilg\u0117li\u0173 ir \u0161alavij\u0173 ekstraktai stiprina, tonizuoja ir maitina plaukus, normalizuoja riebalini\u0173 liauk\u0173 veikl\u0105, gerina kraujotak\u0105 ir apsaugo nuo pleiskan\u0173 atsiradimo. Naudojimas: paskirstykite ant dr\u0117gn\u0173 plauk\u0173, suputokite ir nuplaukite vandeniu. Atsargumo priemon\u0117s: Neprarykite! Patekus \u012f akis, plauti dideliu kiekiu tekan\u010dio vandens. [&#8230;]\n","protected":false},"featured_media":28099,"template":"","meta":[],"product_cat":[2181],"product_tag":[],"class_list":{"0":"post-39267","1":"product","2":"type-product","3":"status-publish","4":"has-post-thumbnail","6":"product_brand-slobozanskij-milovar_ua-lt","7":"product_cat-bez-kategorijas-lt","9":"first","10":"outofstock","11":"taxable","12":"shipping-taxable","13":"product-type-simple"},"_links":{"self":[{"href":"https:\/\/e.kosmolat.eu\/lt\/wp-json\/wp\/v2\/product\/39267","targetHints":{"allow":["GET"]}}],"collection":[{"href":"https:\/\/e.kosmolat.eu\/lt\/wp-json\/wp\/v2\/product"}],"about":[{"href":"https:\/\/e.kosmolat.eu\/lt\/wp-json\/wp\/v2\/types\/product"}],"wp:featuredmedia":[{"embeddable":true,"href":"https:\/\/e.kosmolat.eu\/lt\/wp-json\/wp\/v2\/media\/28099"}],"wp:attachment":[{"href":"https:\/\/e.kosmolat.eu\/lt\/wp-json\/wp\/v2\/media?parent=39267"}],"wp:term":[{"taxonomy":"product_cat","embeddable":true,"href":"https:\/\/e.kosmolat.eu\/lt\/wp-json\/wp\/v2\/product_cat?post=39267"},{"taxonomy":"product_tag","embeddable":true,"href":"https:\/\/e.kosmolat.eu\/lt\/wp-json\/wp\/v2\/product_tag?post=39267"}],"curies":[{"name":"wp","href":"https:\/\/api.w.org\/{rel}","templated":true}]}}