{"id":39259,"date":"2023-12-22T23:04:08","date_gmt":"2023-12-22T23:04:08","guid":{"rendered":"https:\/\/e.kosmolat.eu\/product\/hl-sampuns-visai-gmenei-olu-ekstr-un-kviesu-prot-1-l\/"},"modified":"2025-09-15T13:01:26","modified_gmt":"2025-09-15T13:01:26","slug":"hl-sampuns-visai-gmenei-olu-ekstr-un-kviesu-prot-1000-g","status":"publish","type":"product","link":"https:\/\/e.kosmolat.eu\/lt\/produktas\/hl-sampuns-visai-gmenei-olu-ekstr-un-kviesu-prot-1000-g\/","title":{"rendered":"HAPPY LIFE \u0160amp\u016bnas visai \u0161eimai Kiau\u0161ini\u0173 ekstraktas ir kvie\u010di\u0173  baltymai, 1000 g"},"content":{"rendered":"<p>Plaukus stiprinantis \u0161amp\u016bnas visai \u0161eimai. Sud\u0117tyje yra nat\u016brali\u0173 ingredient\u0173 sveikiems ir \u017evilgantiems plaukams. Kiau\u0161ini\u0173 ekstraktas apsaugo plaukus nuo pa\u017eeidim\u0173, o kvie\u010di\u0173 baltymai glotnina, dr\u0117kina ir gaivina.<\/p>\n<p><strong>Naudojimas: <\/strong>paskirstykite ant dr\u0117gn\u0173 plauk\u0173, suputokite ir nuplaukite vandeniu.<\/p>\n<p><strong>Atsargumo priemon\u0117s: <\/strong>Neprarykite! Patekus \u012f akis, plauti dideliu kiekiu tekan\u010diu vandeniu.<\/p>\n<p><strong>Tinkamumo laikas:<\/strong> 36 m\u0117n.<\/p>\n<p><strong>Laikymo s\u0105lygos:<\/strong> temperat\u016broje nuo +5&deg;C iki +25&deg;C, toliau nuo saul\u0117s spinduli\u0173 \u0161altini\u0173<br \/>\n&nbsp;<\/p>\n","protected":false},"excerpt":{"rendered":"<p>Plaukus stiprinantis \u0161amp\u016bnas visai \u0161eimai. Sud\u0117tyje yra nat\u016brali\u0173 ingredient\u0173 sveikiems ir \u017evilgantiems plaukams. Kiau\u0161ini\u0173 ekstraktas apsaugo plaukus nuo pa\u017eeidim\u0173, o kvie\u010di\u0173 baltymai glotnina, dr\u0117kina ir gaivina. Naudojimas: paskirstykite ant dr\u0117gn\u0173 plauk\u0173, suputokite ir nuplaukite vandeniu. Atsargumo priemon\u0117s: Neprarykite! Patekus \u012f akis, plauti dideliu kiekiu tekan\u010diu vandeniu. Tinkamumo laikas: 36 m\u0117n. Laikymo s\u0105lygos: temperat\u016broje nuo +5&deg;C [&#8230;]\n","protected":false},"featured_media":0,"template":"","meta":[],"product_cat":[1251],"product_tag":[],"class_list":{"0":"post-39259","1":"product","2":"type-product","3":"status-publish","5":"product_brand-slobozanskij-milovar_ua-lt","6":"product_cat-sampunai","8":"first","9":"outofstock","10":"taxable","11":"shipping-taxable","12":"product-type-simple"},"_links":{"self":[{"href":"https:\/\/e.kosmolat.eu\/lt\/wp-json\/wp\/v2\/product\/39259","targetHints":{"allow":["GET"]}}],"collection":[{"href":"https:\/\/e.kosmolat.eu\/lt\/wp-json\/wp\/v2\/product"}],"about":[{"href":"https:\/\/e.kosmolat.eu\/lt\/wp-json\/wp\/v2\/types\/product"}],"wp:attachment":[{"href":"https:\/\/e.kosmolat.eu\/lt\/wp-json\/wp\/v2\/media?parent=39259"}],"wp:term":[{"taxonomy":"product_cat","embeddable":true,"href":"https:\/\/e.kosmolat.eu\/lt\/wp-json\/wp\/v2\/product_cat?post=39259"},{"taxonomy":"product_tag","embeddable":true,"href":"https:\/\/e.kosmolat.eu\/lt\/wp-json\/wp\/v2\/product_tag?post=39259"}],"curies":[{"name":"wp","href":"https:\/\/api.w.org\/{rel}","templated":true}]}}