{"id":39235,"date":"2023-12-22T23:01:08","date_gmt":"2023-12-22T23:01:08","guid":{"rendered":"https:\/\/e.kosmolat.eu\/product\/uti-puti-bernu-trauku-mazg-lidz-sunisi-un-kumelite-600-g\/"},"modified":"2026-04-14T07:07:02","modified_gmt":"2026-04-14T07:07:02","slug":"uti-puti-bernu-trauku-mazg-lidz-sunisi-un-kumelite-600-g","status":"publish","type":"product","link":"https:\/\/e.kosmolat.eu\/lt\/produktas\/uti-puti-bernu-trauku-mazg-lidz-sunisi-un-kumelite-600-g\/","title":{"rendered":"UTI-PUTI Vaiki\u0161k\u0173 ind\u0173 ploviklis su laki\u0161i\u0173 ir ramun\u0117li\u0173 ekstraktais, 600 g"},"content":{"rendered":"<ul>\n<li>Efektyviai valo indus nuo ne&scaron;varum\u0173<\/li>\n<li>Lengvai nuplaunamas tekan\u010diu vandeniu<\/li>\n<li>Sud\u0117tyje n\u0117ra kvapi\u0173j\u0173 med\u017eiag\u0173 ir da\u017eikli\u0173<\/li>\n<li>Nesukelia dirginimo<\/li>\n<li>&Scaron;velni formul\u0117<\/li>\n<li>Ekonomi&scaron;kas naudojimas<\/li>\n<\/ul>\n<p>Priemon\u0117 k\u016bdiki\u0173 indams, stikliniams ir plastikiniams buteliukams, speneliams, \u017eaislams ir bet kokiems vaiko lie\u010diamiems pavir&scaron;iams plauti.<\/p>\n<p><strong>Naudojimas: <\/strong>i&scaron;tirpinkite produkt\u0105 kriaukl\u0117je arba u\u017etepkite reikiam\u0105 kiek\u012f ant kempin\u0117s ar indo. Paskleiskite ant indo ir kruop&scaron;\u010diai nuplaukite vandeniu. Jei reikia, pakartokite proced\u016br\u0105.<\/p>\n<p><strong>Atsargumo priemon\u0117s:<\/strong> Patekus \u012f akis, gerai i&scaron;plauti dideliu kiekiu tekan\u010diu vandeniu.<\/p>\n<p><strong>Laikymo s\u0105lygos:<\/strong> laikyti nuo +5&deg;C iki +25&deg;C temperat\u016broje, toliau nuo saul\u0117s spinduli\u0173 &scaron;altini\u0173.<\/p>\n<p><strong>Tinkamumo laikas: <\/strong>36 m\u0117n.<\/p>\n<p><strong>Sud\u0117tis: <\/strong>ma\u017eiau kaip, 5 % anijonini\u0173 &nbsp;aktyvi\u0173j\u0173 pavir&scaron;inio med\u017eiagos, ma\u017eiau kaip, 5 % nejonini\u0173 &nbsp;aktyvi\u0173j\u0173 pavir&scaron;inio med\u017eiagos, ma\u017eiau kaip 5 % amfoterini\u0173 aktyvi\u0173j\u0173 pavir&scaron;inio med\u017eiagos, ma\u017eiau kaip 5 % &nbsp;EDTA ir jos drusk\u0173. Konservavimo med\u017eiaga: Benzisothiazolinone\/ Methylisothiazolinone.<\/p>\n<p>P102 Laikyti vaikams neprieinamoje vietoje<br \/>\nP305+P351+P338 Patekus \u012f akis: Kelias minutes atsargiai plauti vandeniu. I&scaron;imti kontaktinius l\u0119&scaron;ius, jeigu jie yra ir jeigu lengvai galima tai padaryti. Toliau plauti akis.<br \/>\n&nbsp;<\/p>\n<p>&nbsp;<\/p>\n","protected":false},"excerpt":{"rendered":"<p>Efektyviai valo indus nuo ne&scaron;varum\u0173 Lengvai nuplaunamas tekan\u010diu vandeniu Sud\u0117tyje n\u0117ra kvapi\u0173j\u0173 med\u017eiag\u0173 ir da\u017eikli\u0173 Nesukelia dirginimo &Scaron;velni formul\u0117 Ekonomi&scaron;kas naudojimas Priemon\u0117 k\u016bdiki\u0173 indams, stikliniams ir plastikiniams buteliukams, speneliams, \u017eaislams ir bet kokiems vaiko lie\u010diamiems pavir&scaron;iams plauti. Naudojimas: i&scaron;tirpinkite produkt\u0105 kriaukl\u0117je arba u\u017etepkite reikiam\u0105 kiek\u012f ant kempin\u0117s ar indo. Paskleiskite ant indo ir kruop&scaron;\u010diai nuplaukite [&#8230;]\n","protected":false},"featured_media":105088,"template":"","meta":[],"product_cat":[1503],"product_tag":[],"class_list":{"0":"post-39235","1":"product","2":"type-product","3":"status-publish","4":"has-post-thumbnail","6":"product_brand-slobozanskij-milovar_ua-lt","7":"product_cat-indu-plovikliai","9":"first","10":"instock","11":"taxable","12":"shipping-taxable","13":"product-type-simple"},"_links":{"self":[{"href":"https:\/\/e.kosmolat.eu\/lt\/wp-json\/wp\/v2\/product\/39235","targetHints":{"allow":["GET"]}}],"collection":[{"href":"https:\/\/e.kosmolat.eu\/lt\/wp-json\/wp\/v2\/product"}],"about":[{"href":"https:\/\/e.kosmolat.eu\/lt\/wp-json\/wp\/v2\/types\/product"}],"wp:featuredmedia":[{"embeddable":true,"href":"https:\/\/e.kosmolat.eu\/lt\/wp-json\/wp\/v2\/media\/105088"}],"wp:attachment":[{"href":"https:\/\/e.kosmolat.eu\/lt\/wp-json\/wp\/v2\/media?parent=39235"}],"wp:term":[{"taxonomy":"product_cat","embeddable":true,"href":"https:\/\/e.kosmolat.eu\/lt\/wp-json\/wp\/v2\/product_cat?post=39235"},{"taxonomy":"product_tag","embeddable":true,"href":"https:\/\/e.kosmolat.eu\/lt\/wp-json\/wp\/v2\/product_tag?post=39235"}],"curies":[{"name":"wp","href":"https:\/\/api.w.org\/{rel}","templated":true}]}}