{"id":39223,"date":"2023-12-22T22:59:38","date_gmt":"2023-12-22T22:59:38","guid":{"rendered":"https:\/\/e.kosmolat.eu\/product\/drug-lidzeklis-trauku-mazgasanai-citrons-460-g\/"},"modified":"2026-04-23T11:29:02","modified_gmt":"2026-04-23T11:29:02","slug":"i_friends-lidzeklis-trauku-mazgasanai-citrons-460-g","status":"publish","type":"product","link":"https:\/\/e.kosmolat.eu\/lt\/produktas\/i_friends-lidzeklis-trauku-mazgasanai-citrons-460-g\/","title":{"rendered":"FRIENDS Ind\u0173 plovimo priemon\u0117 &#8220;Citrina&#8221;, 460 g"},"content":{"rendered":"<p>Veiksmingas &scaron;altame vandenyje. Lengvai nusiplauna. Pa&scaron;alina nemalonius kvapus. Naudojimas: i&scaron;tirpinkite produkt\u0105 vandenyje arba u\u017etepkite reikiam\u0105 kiek\u012f ant kempin\u0117s ar indo, \u012ftrinkite indo pavir&scaron;i\u0173 ir gerai nuplaukite vandeniu. Jei reikia, pakartokite proced\u016br\u0105.<\/p>\n<p><strong>Atsargumo priemon\u0117s: <\/strong>patekus \u012f akis ar skrand\u012f, gerai nuplauti dideliu kiekiu vandens.<\/p>\n<p><strong>Laikymo s\u0105lygos:<\/strong> nuo +5&deg;C iki +25&deg;C temperat\u016broje, toliau nuo saul\u0117s spinduli\u0173 &scaron;altini\u0173.<\/p>\n<p><strong>Tinkamumo laikas: <\/strong>36 m\u0117n.<\/p>\n<p><strong>Sud\u0117tis: <\/strong>5 % arba daugiau, bet ma\u017eiau kaip 15 % anijonini\u0173 &nbsp;aktyvi\u0173j\u0173 pavir&scaron;inio med\u017eiagos, ma\u017eiau kaip, 5 % nejonini\u0173 &nbsp;aktyvi\u0173j\u0173 pavir&scaron;inio med\u017eiagos, ma\u017eiau kaip 5 % &nbsp;EDTA ir jos drusk\u0173. Kvapai. Konservavimo med\u017eiaga: Benzisothiazolinone\/ Methylisothiazolinone. Da\u017eai.<\/p>\n<p>P102 Laikyti vaikams neprieinamoje vietoje<br \/>\nP305+P351+P338 Patekus \u012f akis: Kelias minutes atsargiai plauti vandeniu. I&scaron;imti kontaktinius l\u0119&scaron;ius, jeigu jie yra ir jeigu lengvai galima tai padaryti. Toliau plauti akis.<\/p>\n<p>&nbsp;<\/p>\n","protected":false},"excerpt":{"rendered":"<p>Veiksmingas &scaron;altame vandenyje. Lengvai nusiplauna. Pa&scaron;alina nemalonius kvapus. Naudojimas: i&scaron;tirpinkite produkt\u0105 vandenyje arba u\u017etepkite reikiam\u0105 kiek\u012f ant kempin\u0117s ar indo, \u012ftrinkite indo pavir&scaron;i\u0173 ir gerai nuplaukite vandeniu. Jei reikia, pakartokite proced\u016br\u0105. Atsargumo priemon\u0117s: patekus \u012f akis ar skrand\u012f, gerai nuplauti dideliu kiekiu vandens. Laikymo s\u0105lygos: nuo +5&deg;C iki +25&deg;C temperat\u016broje, toliau nuo saul\u0117s spinduli\u0173 &scaron;altini\u0173. [&#8230;]\n","protected":false},"featured_media":100676,"template":"","meta":[],"product_cat":[1503],"product_tag":[],"class_list":{"0":"post-39223","1":"product","2":"type-product","3":"status-publish","4":"has-post-thumbnail","6":"product_brand-slobozanskij-milovar_ua-lt","7":"product_cat-indu-plovikliai","9":"first","10":"instock","11":"taxable","12":"shipping-taxable","13":"product-type-simple"},"_links":{"self":[{"href":"https:\/\/e.kosmolat.eu\/lt\/wp-json\/wp\/v2\/product\/39223","targetHints":{"allow":["GET"]}}],"collection":[{"href":"https:\/\/e.kosmolat.eu\/lt\/wp-json\/wp\/v2\/product"}],"about":[{"href":"https:\/\/e.kosmolat.eu\/lt\/wp-json\/wp\/v2\/types\/product"}],"wp:featuredmedia":[{"embeddable":true,"href":"https:\/\/e.kosmolat.eu\/lt\/wp-json\/wp\/v2\/media\/100676"}],"wp:attachment":[{"href":"https:\/\/e.kosmolat.eu\/lt\/wp-json\/wp\/v2\/media?parent=39223"}],"wp:term":[{"taxonomy":"product_cat","embeddable":true,"href":"https:\/\/e.kosmolat.eu\/lt\/wp-json\/wp\/v2\/product_cat?post=39223"},{"taxonomy":"product_tag","embeddable":true,"href":"https:\/\/e.kosmolat.eu\/lt\/wp-json\/wp\/v2\/product_tag?post=39223"}],"curies":[{"name":"wp","href":"https:\/\/api.w.org\/{rel}","templated":true}]}}