{"id":39215,"date":"2023-12-22T22:58:44","date_gmt":"2023-12-22T22:58:44","guid":{"rendered":"https:\/\/e.kosmolat.eu\/product\/uti-puti-vannosanas-lidz-berniem-2in1-200-ml\/"},"modified":"2026-04-28T11:10:54","modified_gmt":"2026-04-28T11:10:54","slug":"uti-puti-vannosanas-lidz-berniem-2in1-200-ml","status":"publish","type":"product","link":"https:\/\/e.kosmolat.eu\/lt\/produktas\/uti-puti-vannosanas-lidz-berniem-2in1-200-ml\/","title":{"rendered":"UTI-PUTI prausimosi priemon\u0117 vaikams 2in1, 200 g"},"content":{"rendered":"<p>Prausimosi priemon\u0117 \u012fvairaus am\u017eiaus vaikams. Negrau\u017eia aki\u0173, \u0161velniai valo ir ramina. Efektyviai valo &nbsp;galvos od\u0105 ir plaukus. Pasirinkt\u0173 ekstrakt\u0173 ir aliej\u0173 kompleksas dr\u0117kina ir ramina jautri\u0105 vaiki\u0161k\u0105 od\u0105.<\/p>\n<p><strong>Naudojimas: <\/strong>tepkite ant dr\u0117gn\u0173 plauk\u0173 ar k\u016bno, suputokite, nuplaukite vandeniu.<\/p>\n<p><strong>Atsargumo priemon\u0117s:<\/strong> Tik i\u0161oriniam naudojimui! Patekus \u012f akis, gerai nuplauti dideliu kiekiu tekan\u010dio vandens.<\/p>\n<p><strong>Laikymo s\u0105lygos:<\/strong> nuo +5&deg;C iki +25&deg;C temperat\u016broje, toliau nuo saul\u0117s spinduli\u0173 \u0161altini\u0173.<\/p>\n<p><strong>Tinkamumo laikas: <\/strong>36 m\u0117n.<br \/>\n&nbsp;<\/p>\n","protected":false},"excerpt":{"rendered":"<p>Prausimosi priemon\u0117 \u012fvairaus am\u017eiaus vaikams. Negrau\u017eia aki\u0173, \u0161velniai valo ir ramina. Efektyviai valo &nbsp;galvos od\u0105 ir plaukus. Pasirinkt\u0173 ekstrakt\u0173 ir aliej\u0173 kompleksas dr\u0117kina ir ramina jautri\u0105 vaiki\u0161k\u0105 od\u0105. Naudojimas: tepkite ant dr\u0117gn\u0173 plauk\u0173 ar k\u016bno, suputokite, nuplaukite vandeniu. Atsargumo priemon\u0117s: Tik i\u0161oriniam naudojimui! Patekus \u012f akis, gerai nuplauti dideliu kiekiu tekan\u010dio vandens. Laikymo s\u0105lygos: nuo [&#8230;]\n","protected":false},"featured_media":0,"template":"","meta":[],"product_cat":[1799],"product_tag":[],"class_list":{"0":"post-39215","1":"product","2":"type-product","3":"status-publish","5":"product_brand-slobozanskij-milovar_ua-lt","6":"product_cat-duso-geliai-muilas-vonios-putos","8":"first","9":"outofstock","10":"taxable","11":"shipping-taxable","12":"product-type-simple"},"_links":{"self":[{"href":"https:\/\/e.kosmolat.eu\/lt\/wp-json\/wp\/v2\/product\/39215","targetHints":{"allow":["GET"]}}],"collection":[{"href":"https:\/\/e.kosmolat.eu\/lt\/wp-json\/wp\/v2\/product"}],"about":[{"href":"https:\/\/e.kosmolat.eu\/lt\/wp-json\/wp\/v2\/types\/product"}],"wp:attachment":[{"href":"https:\/\/e.kosmolat.eu\/lt\/wp-json\/wp\/v2\/media?parent=39215"}],"wp:term":[{"taxonomy":"product_cat","embeddable":true,"href":"https:\/\/e.kosmolat.eu\/lt\/wp-json\/wp\/v2\/product_cat?post=39215"},{"taxonomy":"product_tag","embeddable":true,"href":"https:\/\/e.kosmolat.eu\/lt\/wp-json\/wp\/v2\/product_tag?post=39215"}],"curies":[{"name":"wp","href":"https:\/\/api.w.org\/{rel}","templated":true}]}}