{"id":39207,"date":"2023-12-22T22:57:52","date_gmt":"2023-12-22T22:57:52","guid":{"rendered":"https:\/\/e.kosmolat.eu\/product\/shik-putu-ziepes-royal-georgina-ar-dozatoru-500-ml\/"},"modified":"2026-04-22T09:01:37","modified_gmt":"2026-04-22T09:01:37","slug":"shik-putu-ziepes-royal-georgina-ar-dozatoru-500-ml","status":"publish","type":"product","link":"https:\/\/e.kosmolat.eu\/lt\/produktas\/shik-putu-ziepes-royal-georgina-ar-dozatoru-500-ml\/","title":{"rendered":"SHIK Muilas-putos Royal Georgina, 500 ml"},"content":{"rendered":"<p>&bull; Pranc\u016bzi\u0161k\u0173 kvap\u0173 renesansas<br \/>\n&bull; Prabangus, \u012fmantrus aromatas<br \/>\n&bull; &Scaron;velnus ir tausojantis odos valymas<br \/>\n&bull; Jurgin\u0173 ekstraktas turi kondicionuojant\u012f poveik\u012f odai<\/p>\n<p>Vir\u0161utin\u0117s natos &ndash; vaisiai, citrusai<br \/>\nVidurin\u0117s natos &ndash; jurginai, orchid\u0117jos ir magnolijos<br \/>\nPagrindin\u0117s natos &ndash; a\u0161tri vanil\u0117<\/p>\n<p>\n<strong>Naudojimas: <\/strong>Tepkite ant dr\u0117gnos odos, suputokite ir nuplaukite vandeniu. Rankoms ir k\u016bnui.<\/p>\n<p><strong>\u012esp\u0117jimai:<\/strong> Patekus \u012f akis ar skrand\u012f, gerai praplaukite dideliu kiekiu vandens.<\/p>\n<p><strong>Laikymo s\u0105lygos:<\/strong> nuo +5&deg;C iki +25&deg;C temperat\u016broje, toliau nuo saul\u0117s spinduli\u0173 \u0161altini\u0173.<\/p>\n<p><strong>Tinkamumo laikas:<\/strong> 36 m\u0117n.&nbsp;<br \/>\n&nbsp;<\/p>\n","protected":false},"excerpt":{"rendered":"<p>&bull; Pranc\u016bzi\u0161k\u0173 kvap\u0173 renesansas &bull; Prabangus, \u012fmantrus aromatas &bull; &Scaron;velnus ir tausojantis odos valymas &bull; Jurgin\u0173 ekstraktas turi kondicionuojant\u012f poveik\u012f odai Vir\u0161utin\u0117s natos &ndash; vaisiai, citrusai Vidurin\u0117s natos &ndash; jurginai, orchid\u0117jos ir magnolijos Pagrindin\u0117s natos &ndash; a\u0161tri vanil\u0117 Naudojimas: Tepkite ant dr\u0117gnos odos, suputokite ir nuplaukite vandeniu. Rankoms ir k\u016bnui. \u012esp\u0117jimai: Patekus \u012f akis ar [&#8230;]\n","protected":false},"featured_media":100893,"template":"","meta":[],"product_cat":[2181],"product_tag":[],"class_list":{"0":"post-39207","1":"product","2":"type-product","3":"status-publish","4":"has-post-thumbnail","6":"product_brand-slobozanskij-milovar_ua-lt","7":"product_cat-bez-kategorijas-lt","9":"first","10":"instock","11":"taxable","12":"shipping-taxable","13":"product-type-simple"},"_links":{"self":[{"href":"https:\/\/e.kosmolat.eu\/lt\/wp-json\/wp\/v2\/product\/39207","targetHints":{"allow":["GET"]}}],"collection":[{"href":"https:\/\/e.kosmolat.eu\/lt\/wp-json\/wp\/v2\/product"}],"about":[{"href":"https:\/\/e.kosmolat.eu\/lt\/wp-json\/wp\/v2\/types\/product"}],"wp:featuredmedia":[{"embeddable":true,"href":"https:\/\/e.kosmolat.eu\/lt\/wp-json\/wp\/v2\/media\/100893"}],"wp:attachment":[{"href":"https:\/\/e.kosmolat.eu\/lt\/wp-json\/wp\/v2\/media?parent=39207"}],"wp:term":[{"taxonomy":"product_cat","embeddable":true,"href":"https:\/\/e.kosmolat.eu\/lt\/wp-json\/wp\/v2\/product_cat?post=39207"},{"taxonomy":"product_tag","embeddable":true,"href":"https:\/\/e.kosmolat.eu\/lt\/wp-json\/wp\/v2\/product_tag?post=39207"}],"curies":[{"name":"wp","href":"https:\/\/api.w.org\/{rel}","templated":true}]}}