{"id":39203,"date":"2023-12-22T22:57:25","date_gmt":"2023-12-22T22:57:25","guid":{"rendered":"https:\/\/e.kosmolat.eu\/product\/shik-putu-ziepes-hypnotic-iris-ar-dozatoru-500-ml\/"},"modified":"2026-04-22T09:01:24","modified_gmt":"2026-04-22T09:01:24","slug":"shik-putu-ziepes-hypnotic-iris-ar-dozatoru-500-ml","status":"publish","type":"product","link":"https:\/\/e.kosmolat.eu\/lt\/produktas\/shik-putu-ziepes-hypnotic-iris-ar-dozatoru-500-ml\/","title":{"rendered":"SHIK Muilas-putos Hypnotic Iris, 500 g"},"content":{"rendered":"<p>&bull; Pranc\u016bzi\u0161k\u0173 kvap\u0173 renesansas<br \/>\n&bull; \u017davingas iris\u0173 aromatas<br \/>\n&bull; &Scaron;velnus ir tausojantis odos valymas<br \/>\n&bull; Iris\u0173 ekstraktas mink\u0161tina ir tonizuoja, gerina bendr\u0105 odos b\u016bkl\u0119<\/p>\n<p>Vir\u0161utin\u0117s natos &ndash; kartaus citruso<br \/>\nVidurin\u0117s natos &ndash; baltosios levandos, irisai, imbieras,<br \/>\nPagrindin\u0117s natos &ndash; pa\u010diuliai, tonka pupel\u0117s ir samanos<\/p>\n<p><strong>Naudojimas:<\/strong> Tepkite ant dr\u0117gnos odos, suputokite ir nuplaukite vandeniu. Rankoms ir k\u016bnui.<\/p>\n<p><strong>\u012esp\u0117jimai:<\/strong> Patekus \u012f akis ar skrand\u012f, gerai praplaukite dideliu kiekiu vandens.<\/p>\n<p><strong>Laikymo s\u0105lygos:<\/strong> nuo +5&deg;C iki +25&deg;C temperat\u016broje, toliau nuo saul\u0117s spinduli\u0173 \u0161altini\u0173.<\/p>\n<p><strong>Tinkamumo laikas: <\/strong>36 m\u0117n.<br \/>\n&nbsp;<\/p>\n","protected":false},"excerpt":{"rendered":"<p>&bull; Pranc\u016bzi\u0161k\u0173 kvap\u0173 renesansas &bull; \u017davingas iris\u0173 aromatas &bull; &Scaron;velnus ir tausojantis odos valymas &bull; Iris\u0173 ekstraktas mink\u0161tina ir tonizuoja, gerina bendr\u0105 odos b\u016bkl\u0119 Vir\u0161utin\u0117s natos &ndash; kartaus citruso Vidurin\u0117s natos &ndash; baltosios levandos, irisai, imbieras, Pagrindin\u0117s natos &ndash; pa\u010diuliai, tonka pupel\u0117s ir samanos Naudojimas: Tepkite ant dr\u0117gnos odos, suputokite ir nuplaukite vandeniu. Rankoms ir [&#8230;]\n","protected":false},"featured_media":98904,"template":"","meta":[],"product_cat":[2181],"product_tag":[],"class_list":{"0":"post-39203","1":"product","2":"type-product","3":"status-publish","4":"has-post-thumbnail","6":"product_brand-slobozanskij-milovar_ua-lt","7":"product_cat-bez-kategorijas-lt","9":"first","10":"instock","11":"taxable","12":"shipping-taxable","13":"product-type-simple"},"_links":{"self":[{"href":"https:\/\/e.kosmolat.eu\/lt\/wp-json\/wp\/v2\/product\/39203","targetHints":{"allow":["GET"]}}],"collection":[{"href":"https:\/\/e.kosmolat.eu\/lt\/wp-json\/wp\/v2\/product"}],"about":[{"href":"https:\/\/e.kosmolat.eu\/lt\/wp-json\/wp\/v2\/types\/product"}],"wp:featuredmedia":[{"embeddable":true,"href":"https:\/\/e.kosmolat.eu\/lt\/wp-json\/wp\/v2\/media\/98904"}],"wp:attachment":[{"href":"https:\/\/e.kosmolat.eu\/lt\/wp-json\/wp\/v2\/media?parent=39203"}],"wp:term":[{"taxonomy":"product_cat","embeddable":true,"href":"https:\/\/e.kosmolat.eu\/lt\/wp-json\/wp\/v2\/product_cat?post=39203"},{"taxonomy":"product_tag","embeddable":true,"href":"https:\/\/e.kosmolat.eu\/lt\/wp-json\/wp\/v2\/product_tag?post=39203"}],"curies":[{"name":"wp","href":"https:\/\/api.w.org\/{rel}","templated":true}]}}