{"id":39159,"date":"2023-12-22T22:53:07","date_gmt":"2023-12-22T22:53:07","guid":{"rendered":"https:\/\/e.kosmolat.eu\/product\/i_jc-zobu-pasta-berniem-krasas-50-ml\/"},"modified":"2026-04-10T05:31:53","modified_gmt":"2026-04-10T05:31:53","slug":"jc-zobu-pasta-berniem-krasas-50-ml","status":"publish","type":"product","link":"https:\/\/e.kosmolat.eu\/lt\/produktas\/jc-zobu-pasta-berniem-krasas-50-ml\/","title":{"rendered":"JEE COSMETICS Dant\u0173 pasta vaikams Spalvos, 50 ml"},"content":{"rendered":"<p>Nat\u016bralus pagrindas. Bioaktyvus kalcis. Avie\u010di\u0173 skonio. &Scaron;velnus valymas.<\/p>\n<p><strong>Naudojimas\/ atsargumo priemon\u0117s:<\/strong> Kasdieniniam naudojimui 2-3 kartus per dien\u0105. Vaikai iki 7 met\u0173 tur\u0117t\u0173 valytis dantis pri\u017ei\u016brimi suaugusi\u0173j\u0173. Negalima nuryti, i\u0161spjauti. Sud\u0117tyje yra natrio monofluorofosfato. Fluorido mas\u0117s dalis 0,05 % (500 ppm F-)<\/p>\n<p><strong>Galiojimo laikas: <\/strong>36 m\u0117n. Laikyti nuo +5&deg;C iki +25&deg;C temperat\u016broje.<br \/>\n&nbsp;<\/p>\n","protected":false},"excerpt":{"rendered":"<p>Nat\u016bralus pagrindas. Bioaktyvus kalcis. Avie\u010di\u0173 skonio. &Scaron;velnus valymas. Naudojimas\/ atsargumo priemon\u0117s: Kasdieniniam naudojimui 2-3 kartus per dien\u0105. Vaikai iki 7 met\u0173 tur\u0117t\u0173 valytis dantis pri\u017ei\u016brimi suaugusi\u0173j\u0173. Negalima nuryti, i\u0161spjauti. Sud\u0117tyje yra natrio monofluorofosfato. Fluorido mas\u0117s dalis 0,05 % (500 ppm F-) Galiojimo laikas: 36 m\u0117n. Laikyti nuo +5&deg;C iki +25&deg;C temperat\u016broje. &nbsp;<\/p>\n","protected":false},"featured_media":98263,"template":"","meta":[],"product_cat":[1337],"product_tag":[],"class_list":{"0":"post-39159","1":"product","2":"type-product","3":"status-publish","4":"has-post-thumbnail","6":"product_brand-kombi_ua-lt","7":"product_cat-burnos-higiena","9":"first","10":"instock","11":"taxable","12":"shipping-taxable","13":"product-type-simple"},"_links":{"self":[{"href":"https:\/\/e.kosmolat.eu\/lt\/wp-json\/wp\/v2\/product\/39159","targetHints":{"allow":["GET"]}}],"collection":[{"href":"https:\/\/e.kosmolat.eu\/lt\/wp-json\/wp\/v2\/product"}],"about":[{"href":"https:\/\/e.kosmolat.eu\/lt\/wp-json\/wp\/v2\/types\/product"}],"wp:featuredmedia":[{"embeddable":true,"href":"https:\/\/e.kosmolat.eu\/lt\/wp-json\/wp\/v2\/media\/98263"}],"wp:attachment":[{"href":"https:\/\/e.kosmolat.eu\/lt\/wp-json\/wp\/v2\/media?parent=39159"}],"wp:term":[{"taxonomy":"product_cat","embeddable":true,"href":"https:\/\/e.kosmolat.eu\/lt\/wp-json\/wp\/v2\/product_cat?post=39159"},{"taxonomy":"product_tag","embeddable":true,"href":"https:\/\/e.kosmolat.eu\/lt\/wp-json\/wp\/v2\/product_tag?post=39159"}],"curies":[{"name":"wp","href":"https:\/\/api.w.org\/{rel}","templated":true}]}}