{"id":39135,"date":"2023-12-22T22:50:38","date_gmt":"2023-12-22T22:50:38","guid":{"rendered":"https:\/\/e.kosmolat.eu\/product\/blyskavka-apavu-krems-krasa-ar-svammiti-tumsi-bruns-50-ml\/"},"modified":"2026-04-23T14:15:42","modified_gmt":"2026-04-23T14:15:42","slug":"blyskavka-apavu-krems-krasa-ar-svammiti-tumsi-bruns-50-ml","status":"publish","type":"product","link":"https:\/\/e.kosmolat.eu\/lt\/produktas\/blyskavka-apavu-krems-krasa-ar-svammiti-tumsi-bruns-50-ml\/","title":{"rendered":"BLYSKAVKA Kremas-da\u017eai odinei avalynei su kempin\u0117ls tamsiai rudas, 50 ml"},"content":{"rendered":"<p>Suteikia nat\u016bral\u0173 blizges\u012f, nereikalauja poliravimo. Apsaugo nuo dr\u0117gm\u0117s, patogus naudoti.<\/p>\n<p><strong>Naudojimas: <\/strong>ant \u0161varaus ir sauso pavir\u0161iaus kempin\u0117le u\u017etepkite plon\u0105 kremini\u0173 da\u017e\u0173 sluoksn\u012f, leiskite i\u0161d\u017ei\u016bti, nepoliruokite, pakartokite, jei reikia. Po naudojimo sandariai u\u017edarykite abu dangtelius.<\/p>\n<p><strong>Sud\u0117tis:<\/strong> vanduo, va\u0161ko sud\u0117tis, akrilo emulsija, izopropanolis, plastifikatorius, da\u017eiklis.<\/p>\n<p><strong>Laikymo s\u0105lygos: <\/strong>laikyti sausoje, v\u0117dinamoje vietoje nuo 0&deg;C iki +35&deg;C temperat\u016broje, vaikams nepasiekiamoje vietoje. Naudokite kaip nurodyta.<\/p>\n<p><strong>Tinkamumo laikas:<\/strong> 5 metai nuo pagaminimo datos, nurodytos ant pakuot\u0117s.<br \/>\n&nbsp;<\/p>\n","protected":false},"excerpt":{"rendered":"<p>Suteikia nat\u016bral\u0173 blizges\u012f, nereikalauja poliravimo. Apsaugo nuo dr\u0117gm\u0117s, patogus naudoti. Naudojimas: ant \u0161varaus ir sauso pavir\u0161iaus kempin\u0117le u\u017etepkite plon\u0105 kremini\u0173 da\u017e\u0173 sluoksn\u012f, leiskite i\u0161d\u017ei\u016bti, nepoliruokite, pakartokite, jei reikia. Po naudojimo sandariai u\u017edarykite abu dangtelius. Sud\u0117tis: vanduo, va\u0161ko sud\u0117tis, akrilo emulsija, izopropanolis, plastifikatorius, da\u017eiklis. Laikymo s\u0105lygos: laikyti sausoje, v\u0117dinamoje vietoje nuo 0&deg;C iki +35&deg;C temperat\u016broje, vaikams [&#8230;]\n","protected":false},"featured_media":102575,"template":"","meta":[],"product_cat":[1731],"product_tag":[],"class_list":{"0":"post-39135","1":"product","2":"type-product","3":"status-publish","4":"has-post-thumbnail","6":"product_brand-blyskavka_ua-lt","7":"product_cat-batu-valymo-priemones-ir-priedai","9":"first","10":"instock","11":"taxable","12":"shipping-taxable","13":"product-type-simple"},"_links":{"self":[{"href":"https:\/\/e.kosmolat.eu\/lt\/wp-json\/wp\/v2\/product\/39135","targetHints":{"allow":["GET"]}}],"collection":[{"href":"https:\/\/e.kosmolat.eu\/lt\/wp-json\/wp\/v2\/product"}],"about":[{"href":"https:\/\/e.kosmolat.eu\/lt\/wp-json\/wp\/v2\/types\/product"}],"wp:featuredmedia":[{"embeddable":true,"href":"https:\/\/e.kosmolat.eu\/lt\/wp-json\/wp\/v2\/media\/102575"}],"wp:attachment":[{"href":"https:\/\/e.kosmolat.eu\/lt\/wp-json\/wp\/v2\/media?parent=39135"}],"wp:term":[{"taxonomy":"product_cat","embeddable":true,"href":"https:\/\/e.kosmolat.eu\/lt\/wp-json\/wp\/v2\/product_cat?post=39135"},{"taxonomy":"product_tag","embeddable":true,"href":"https:\/\/e.kosmolat.eu\/lt\/wp-json\/wp\/v2\/product_tag?post=39135"}],"curies":[{"name":"wp","href":"https:\/\/api.w.org\/{rel}","templated":true}]}}