{"id":39127,"date":"2023-12-22T22:49:40","date_gmt":"2023-12-22T22:49:40","guid":{"rendered":"https:\/\/e.kosmolat.eu\/product\/blyskavka-apavu-krems-klasiskais-tumsi-bruns-75-ml\/"},"modified":"2026-05-07T15:59:49","modified_gmt":"2026-05-07T15:59:49","slug":"blyskavka-apavu-krems-klasiskais-tumsi-bruns-75-ml","status":"publish","type":"product","link":"https:\/\/e.kosmolat.eu\/lt\/produktas\/blyskavka-apavu-krems-klasiskais-tumsi-bruns-75-ml\/","title":{"rendered":"BLYSKAVKA Avalyn\u0117s kremas su bi\u010di\u0173 va\u0161ku Classic, tumsiai rudas, 75 ml"},"content":{"rendered":"<p>Auk\u0161tos kokyb\u0117s bat\u0173 tepalas, tinkantis vis\u0173 tip\u0173 lygiai odai. Atkuria spalv\u0105, saugo nuo dr\u0117gm\u0117s, drusk\u0173 ir suteikia blizgesio. Pagaminta i\u0161 bi\u010di\u0173 va\u0161ko. Krem\u0105 lengva tepti ant bat\u0173, greitai susigeria ir puikiai poliruojasi. Sud\u0117tyje yra nat\u016bralaus va\u0161ko, u\u017etikrina visi\u0161k\u0105 bat\u0173 prie\u017ei\u016br\u0105. Reguliarus kremo naudojimas leid\u017eia i\u0161laikyti batus geros b\u016bkl\u0117s ir pailgina j\u0173 naudojimo laik\u0105.<\/p>\n<p><strong>Naudojimas:<\/strong> krem\u0105 tolygiai u\u017etepkite ant sauso, \u0161varaus pavir\u0161iaus, palikite bent 15-20 min., nupoliruokite iki norimo blizgesio.<\/p>\n<p><strong>Sud\u0117tis:<\/strong> bi\u010di\u0173 va\u0161kas, stearinas, parafinas, vanduo, da\u017eai, kvapiosios med\u017eiagos.<\/p>\n<p><strong>Laikymo s\u0105lygos:<\/strong> laikyti sausoje, v\u0117dinamoje vietoje nuo 0&deg;C iki +20&deg;C temperat\u016broje, vaikams nepasiekiamoje vietoje. Naudokite kaip nurodyta.<br \/>\n&nbsp;<\/p>\n","protected":false},"excerpt":{"rendered":"<p>Auk\u0161tos kokyb\u0117s bat\u0173 tepalas, tinkantis vis\u0173 tip\u0173 lygiai odai. Atkuria spalv\u0105, saugo nuo dr\u0117gm\u0117s, drusk\u0173 ir suteikia blizgesio. Pagaminta i\u0161 bi\u010di\u0173 va\u0161ko. Krem\u0105 lengva tepti ant bat\u0173, greitai susigeria ir puikiai poliruojasi. Sud\u0117tyje yra nat\u016bralaus va\u0161ko, u\u017etikrina visi\u0161k\u0105 bat\u0173 prie\u017ei\u016br\u0105. Reguliarus kremo naudojimas leid\u017eia i\u0161laikyti batus geros b\u016bkl\u0117s ir pailgina j\u0173 naudojimo laik\u0105. Naudojimas: krem\u0105 [&#8230;]\n","protected":false},"featured_media":103440,"template":"","meta":[],"product_cat":[1731],"product_tag":[],"class_list":{"0":"post-39127","1":"product","2":"type-product","3":"status-publish","4":"has-post-thumbnail","6":"product_brand-blyskavka_ua-lt","7":"product_cat-batu-valymo-priemones-ir-priedai","9":"first","10":"instock","11":"taxable","12":"shipping-taxable","13":"product-type-simple"},"_links":{"self":[{"href":"https:\/\/e.kosmolat.eu\/lt\/wp-json\/wp\/v2\/product\/39127","targetHints":{"allow":["GET"]}}],"collection":[{"href":"https:\/\/e.kosmolat.eu\/lt\/wp-json\/wp\/v2\/product"}],"about":[{"href":"https:\/\/e.kosmolat.eu\/lt\/wp-json\/wp\/v2\/types\/product"}],"wp:featuredmedia":[{"embeddable":true,"href":"https:\/\/e.kosmolat.eu\/lt\/wp-json\/wp\/v2\/media\/103440"}],"wp:attachment":[{"href":"https:\/\/e.kosmolat.eu\/lt\/wp-json\/wp\/v2\/media?parent=39127"}],"wp:term":[{"taxonomy":"product_cat","embeddable":true,"href":"https:\/\/e.kosmolat.eu\/lt\/wp-json\/wp\/v2\/product_cat?post=39127"},{"taxonomy":"product_tag","embeddable":true,"href":"https:\/\/e.kosmolat.eu\/lt\/wp-json\/wp\/v2\/product_tag?post=39127"}],"curies":[{"name":"wp","href":"https:\/\/api.w.org\/{rel}","templated":true}]}}