{"id":39123,"date":"2023-12-22T22:49:19","date_gmt":"2023-12-22T22:49:19","guid":{"rendered":"https:\/\/e.kosmolat.eu\/product\/dr-hc-matu-maska-matu-glud-urinv-alant-295-ml\/"},"modified":"2026-04-22T09:35:52","modified_gmt":"2026-04-22T09:35:52","slug":"the-doctor-hc-matu-maska-matu-glud-urinv-alant-295-ml","status":"publish","type":"product","link":"https:\/\/e.kosmolat.eu\/lt\/produktas\/the-doctor-hc-matu-maska-matu-glud-urinv-alant-295-ml\/","title":{"rendered":"THE DOCTOR HEALTH &#038; CARE Plauk\u0173 kauk\u0117 Lygumas, Ur\u0117ja + Alantoinas, 295 ml"},"content":{"rendered":"<p>Speciali formul\u0117 su karbamidu-ur\u0117ja ir alantoinu.<\/p>\n<p><strong>Naudojimas: <\/strong>Tepkite ant &scaron;vari\u0173, dr\u0117gn\u0173 plauk\u0173. Palaikykite 5 minutes, tada kruop&scaron;\u010diai nuplaukite vandeniu.<\/p>\n<p><strong>Atsargumo priemon\u0117s:<\/strong> Patekus \u012f akis, kruop&scaron;\u010diai nuplaukite dideliu kiekiu vandens. Galimas individualus jautrumas atskiriems produkto komponentams.<br \/>\n&nbsp;<\/p>\n","protected":false},"excerpt":{"rendered":"<p>Speciali formul\u0117 su karbamidu-ur\u0117ja ir alantoinu. Naudojimas: Tepkite ant &scaron;vari\u0173, dr\u0117gn\u0173 plauk\u0173. Palaikykite 5 minutes, tada kruop&scaron;\u010diai nuplaukite vandeniu. Atsargumo priemon\u0117s: Patekus \u012f akis, kruop&scaron;\u010diai nuplaukite dideliu kiekiu vandens. Galimas individualus jautrumas atskiriems produkto komponentams. &nbsp;<\/p>\n","protected":false},"featured_media":101626,"template":"","meta":[],"product_cat":[2181],"product_tag":[],"class_list":{"0":"post-39123","1":"product","2":"type-product","3":"status-publish","4":"has-post-thumbnail","6":"product_brand-elfa_ua-lt","7":"product_cat-bez-kategorijas-lt","9":"first","10":"instock","11":"taxable","12":"shipping-taxable","13":"product-type-simple"},"_links":{"self":[{"href":"https:\/\/e.kosmolat.eu\/lt\/wp-json\/wp\/v2\/product\/39123","targetHints":{"allow":["GET"]}}],"collection":[{"href":"https:\/\/e.kosmolat.eu\/lt\/wp-json\/wp\/v2\/product"}],"about":[{"href":"https:\/\/e.kosmolat.eu\/lt\/wp-json\/wp\/v2\/types\/product"}],"wp:featuredmedia":[{"embeddable":true,"href":"https:\/\/e.kosmolat.eu\/lt\/wp-json\/wp\/v2\/media\/101626"}],"wp:attachment":[{"href":"https:\/\/e.kosmolat.eu\/lt\/wp-json\/wp\/v2\/media?parent=39123"}],"wp:term":[{"taxonomy":"product_cat","embeddable":true,"href":"https:\/\/e.kosmolat.eu\/lt\/wp-json\/wp\/v2\/product_cat?post=39123"},{"taxonomy":"product_tag","embeddable":true,"href":"https:\/\/e.kosmolat.eu\/lt\/wp-json\/wp\/v2\/product_tag?post=39123"}],"curies":[{"name":"wp","href":"https:\/\/api.w.org\/{rel}","templated":true}]}}