{"id":39111,"date":"2023-12-22T22:48:15","date_gmt":"2023-12-22T22:48:15","guid":{"rendered":"https:\/\/e.kosmolat.eu\/product\/dr-hc-matu-maska-rekonstr-pantenolsabolu-etikis-946-ml\/"},"modified":"2026-04-11T18:29:46","modified_gmt":"2026-04-11T18:29:46","slug":"i_the-doctor-hc-matu-maska-rekonstr-pantenolsabolu-etikis-946-ml","status":"publish","type":"product","link":"https:\/\/e.kosmolat.eu\/lt\/produktas\/i_the-doctor-hc-matu-maska-rekonstr-pantenolsabolu-etikis-946-ml\/","title":{"rendered":"THE DOCTOR HEALTH &#038; CARE Plauk\u0173 kauk\u0117 Rekonstrukcija, Pantenolis + obuoli\u0173 actas, 946 ml"},"content":{"rendered":"<p>Speciali formul\u0117 su pantenoliu ir obuoli\u0173 sidro actu.<\/p>\n<p><strong>Naudojimas: <\/strong>Tepkite ant \u0161vari\u0173, dr\u0117gn\u0173 plauk\u0173. Palaikykite 5 minutes, tada kruop\u0161\u010diai nuplaukite vandeniu.<\/p>\n<p><strong>Atsargumo priemon\u0117s:<\/strong> Patekus \u012f akis, kruop\u0161\u010diai nuplaukite dideliu kiekiu vandens. Galimas individualus jautrumas atskiriems produkto komponentams.<br \/>\n&nbsp;<\/p>\n","protected":false},"excerpt":{"rendered":"<p>Speciali formul\u0117 su pantenoliu ir obuoli\u0173 sidro actu. Naudojimas: Tepkite ant \u0161vari\u0173, dr\u0117gn\u0173 plauk\u0173. Palaikykite 5 minutes, tada kruop\u0161\u010diai nuplaukite vandeniu. Atsargumo priemon\u0117s: Patekus \u012f akis, kruop\u0161\u010diai nuplaukite dideliu kiekiu vandens. Galimas individualus jautrumas atskiriems produkto komponentams. &nbsp;<\/p>\n","protected":false},"featured_media":99494,"template":"","meta":[],"product_cat":[1256],"product_tag":[],"class_list":{"0":"post-39111","1":"product","2":"type-product","3":"status-publish","4":"has-post-thumbnail","6":"product_brand-sale-lt","7":"product_cat-plauku-kaukes","9":"first","10":"instock","11":"taxable","12":"shipping-taxable","13":"product-type-simple"},"_links":{"self":[{"href":"https:\/\/e.kosmolat.eu\/lt\/wp-json\/wp\/v2\/product\/39111","targetHints":{"allow":["GET"]}}],"collection":[{"href":"https:\/\/e.kosmolat.eu\/lt\/wp-json\/wp\/v2\/product"}],"about":[{"href":"https:\/\/e.kosmolat.eu\/lt\/wp-json\/wp\/v2\/types\/product"}],"wp:featuredmedia":[{"embeddable":true,"href":"https:\/\/e.kosmolat.eu\/lt\/wp-json\/wp\/v2\/media\/99494"}],"wp:attachment":[{"href":"https:\/\/e.kosmolat.eu\/lt\/wp-json\/wp\/v2\/media?parent=39111"}],"wp:term":[{"taxonomy":"product_cat","embeddable":true,"href":"https:\/\/e.kosmolat.eu\/lt\/wp-json\/wp\/v2\/product_cat?post=39111"},{"taxonomy":"product_tag","embeddable":true,"href":"https:\/\/e.kosmolat.eu\/lt\/wp-json\/wp\/v2\/product_tag?post=39111"}],"curies":[{"name":"wp","href":"https:\/\/api.w.org\/{rel}","templated":true}]}}