{"id":39103,"date":"2023-12-22T22:47:33","date_gmt":"2023-12-22T22:47:33","guid":{"rendered":"https:\/\/e.kosmolat.eu\/product\/dr-hc-sampuns-rekonstr-pantenolsabolu-etikis-355-ml\/"},"modified":"2026-04-23T07:09:41","modified_gmt":"2026-04-23T07:09:41","slug":"the-doctor-hc-sampuns-rekonstr-pantenolsabolu-etikis-355-ml","status":"publish","type":"product","link":"https:\/\/e.kosmolat.eu\/lt\/produktas\/the-doctor-hc-sampuns-rekonstr-pantenolsabolu-etikis-355-ml\/","title":{"rendered":"THE DOCTOR HEALTH &#038; CARE \u0160amp\u016bnas Rekonstrukcija, Pantenolis + Obuoli\u0173 actas, 355 ml"},"content":{"rendered":"<p>Speciali formul\u0117 su pantenoliu ir obuoli\u0173 sidro actu.<\/p>\n<p><strong>Naudojimas: <\/strong>tepkite ant dr\u0117gn\u0173 plauk\u0173, suputokite, nuplaukite vandeniu.<\/p>\n<p><strong>Atsargumo priemon\u0117s:<\/strong> Patekus \u012f akis, kruop\u0161\u010diai nuplaukite dideliu kiekiu vandens. Galimas individualus jautrumas atskiriems produkto komponentams.<br \/>\n&nbsp;<\/p>\n","protected":false},"excerpt":{"rendered":"<p>Speciali formul\u0117 su pantenoliu ir obuoli\u0173 sidro actu. Naudojimas: tepkite ant dr\u0117gn\u0173 plauk\u0173, suputokite, nuplaukite vandeniu. Atsargumo priemon\u0117s: Patekus \u012f akis, kruop\u0161\u010diai nuplaukite dideliu kiekiu vandens. Galimas individualus jautrumas atskiriems produkto komponentams. &nbsp;<\/p>\n","protected":false},"featured_media":102741,"template":"","meta":[],"product_cat":[1251],"product_tag":[],"class_list":{"0":"post-39103","1":"product","2":"type-product","3":"status-publish","4":"has-post-thumbnail","6":"product_brand-elfa_ua-lt","7":"product_cat-sampunai","9":"first","10":"instock","11":"taxable","12":"shipping-taxable","13":"product-type-simple"},"_links":{"self":[{"href":"https:\/\/e.kosmolat.eu\/lt\/wp-json\/wp\/v2\/product\/39103","targetHints":{"allow":["GET"]}}],"collection":[{"href":"https:\/\/e.kosmolat.eu\/lt\/wp-json\/wp\/v2\/product"}],"about":[{"href":"https:\/\/e.kosmolat.eu\/lt\/wp-json\/wp\/v2\/types\/product"}],"wp:featuredmedia":[{"embeddable":true,"href":"https:\/\/e.kosmolat.eu\/lt\/wp-json\/wp\/v2\/media\/102741"}],"wp:attachment":[{"href":"https:\/\/e.kosmolat.eu\/lt\/wp-json\/wp\/v2\/media?parent=39103"}],"wp:term":[{"taxonomy":"product_cat","embeddable":true,"href":"https:\/\/e.kosmolat.eu\/lt\/wp-json\/wp\/v2\/product_cat?post=39103"},{"taxonomy":"product_tag","embeddable":true,"href":"https:\/\/e.kosmolat.eu\/lt\/wp-json\/wp\/v2\/product_tag?post=39103"}],"curies":[{"name":"wp","href":"https:\/\/api.w.org\/{rel}","templated":true}]}}