{"id":39031,"date":"2023-12-22T22:40:50","date_gmt":"2023-12-22T22:40:50","guid":{"rendered":"https:\/\/e.kosmolat.eu\/product\/ld-hyaluron-elixir-hial-serums-aktivators-35-g\/"},"modified":"2025-05-16T08:26:11","modified_gmt":"2025-05-16T08:26:11","slug":"ld-hyaluron-elixir-hial-serums-aktivators-35-g","status":"publish","type":"product","link":"https:\/\/e.kosmolat.eu\/lt\/produktas\/ld-hyaluron-elixir-hial-serums-aktivators-35-g\/","title":{"rendered":"LIV DELANO HYALURON ELIXIR Hialurono serumas-aktyvatorius, 35 g"},"content":{"rendered":"<p>Koncentruota hialurono serumo formul\u0117 efektyviai dr\u0117kina od\u0105, sustiprina regeneracijos procesus, padeda i\u0161saugoti jaunyst\u0119 ir gro\u017e\u012f.<\/p>\n<p>Niacinamidas:<\/p>\n<ul>\n<li>padidina kolageno sintez\u0119;<\/li>\n<li>padidina lipid\u0173 kiek\u012f;<\/li>\n<li>ma\u017eina kuperoz\u0117s simptomus;<\/li>\n<li>suma\u017eina rauk\u0161li\u0173 gyl\u012f;<\/li>\n<li>sutraukia poras ir skaistina od\u0105.<\/li>\n<\/ul>\n<p><strong>Naudojimas:<\/strong> &Scaron;velniai u\u017etepkite nedidel\u012f kiek\u012f serumo ant \u0161varios veido odos, leiskite susigerti. Produkto veiksmingumas padid\u0117ja naudojant Hyaluron Elixir krem\u0105.<\/p>\n<p>Laikyti nuo 0 &deg;C iki +25 &deg;C temperat\u016broje.<\/p>\n<p><strong>Geriausias iki: <\/strong>30 m\u0117nesi\u0173 nuo pagaminimo datos<br \/>\n&nbsp;<\/p>\n","protected":false},"excerpt":{"rendered":"<p>Koncentruota hialurono serumo formul\u0117 efektyviai dr\u0117kina od\u0105, sustiprina regeneracijos procesus, padeda i\u0161saugoti jaunyst\u0119 ir gro\u017e\u012f. Niacinamidas: padidina kolageno sintez\u0119; padidina lipid\u0173 kiek\u012f; ma\u017eina kuperoz\u0117s simptomus; suma\u017eina rauk\u0161li\u0173 gyl\u012f; sutraukia poras ir skaistina od\u0105. Naudojimas: &Scaron;velniai u\u017etepkite nedidel\u012f kiek\u012f serumo ant \u0161varios veido odos, leiskite susigerti. Produkto veiksmingumas padid\u0117ja naudojant Hyaluron Elixir krem\u0105. Laikyti nuo 0 [&#8230;]\n","protected":false},"featured_media":14201,"template":"","meta":[],"product_cat":[1327],"product_tag":[],"class_list":{"0":"post-39031","1":"product","2":"type-product","3":"status-publish","4":"has-post-thumbnail","6":"product_brand-belgates_by-lt","7":"product_cat-serumai","9":"first","10":"instock","11":"taxable","12":"shipping-taxable","13":"product-type-simple"},"_links":{"self":[{"href":"https:\/\/e.kosmolat.eu\/lt\/wp-json\/wp\/v2\/product\/39031","targetHints":{"allow":["GET"]}}],"collection":[{"href":"https:\/\/e.kosmolat.eu\/lt\/wp-json\/wp\/v2\/product"}],"about":[{"href":"https:\/\/e.kosmolat.eu\/lt\/wp-json\/wp\/v2\/types\/product"}],"wp:featuredmedia":[{"embeddable":true,"href":"https:\/\/e.kosmolat.eu\/lt\/wp-json\/wp\/v2\/media\/14201"}],"wp:attachment":[{"href":"https:\/\/e.kosmolat.eu\/lt\/wp-json\/wp\/v2\/media?parent=39031"}],"wp:term":[{"taxonomy":"product_cat","embeddable":true,"href":"https:\/\/e.kosmolat.eu\/lt\/wp-json\/wp\/v2\/product_cat?post=39031"},{"taxonomy":"product_tag","embeddable":true,"href":"https:\/\/e.kosmolat.eu\/lt\/wp-json\/wp\/v2\/product_tag?post=39031"}],"curies":[{"name":"wp","href":"https:\/\/api.w.org\/{rel}","templated":true}]}}