{"id":39027,"date":"2023-12-22T22:40:19","date_gmt":"2023-12-22T22:40:19","guid":{"rendered":"https:\/\/e.kosmolat.eu\/product\/ld-hyaluron-elixir-micelarais-udens-200-ml\/"},"modified":"2025-08-07T10:51:03","modified_gmt":"2025-08-07T10:51:03","slug":"ld-hyaluron-elixir-micelarais-udens-200-ml","status":"publish","type":"product","link":"https:\/\/e.kosmolat.eu\/lt\/produktas\/ld-hyaluron-elixir-micelarais-udens-200-ml\/","title":{"rendered":"LIV DELANO HYALURON ELIXIR Hialuroninis micelinis vanduo, 200 ml"},"content":{"rendered":"<p>Micelinio vandens formul\u0117 \u0161velni\u0173 pavir\u0161inio aktyvumo med\u017eiag\u0173 pagrindu idealiai tinka \u0161velniam odos valymui ir kosmetikos pa\u0161alinimui. Veikli\u0173j\u0173 med\u017eiag\u0173 kompleksas pagerina valymosi proces\u0105, prisotina od\u0105 dr\u0117gme, padidina jos stangrum\u0105 ir elastingum\u0105, sugr\u0105\u017eindamas gaivi\u0105 ir spindin\u010di\u0105 i\u0161vaizd\u0105.<\/p>\n<p>Niacinamidas:<br \/>\n&#8211; Padidina kolageno sintez\u0119;<br \/>\n&#8211; Padidina lipid\u0173 kiek\u012f: riebal\u0173 r\u016bg\u0161\u010di\u0173 &#8211; 67%, keramid\u0173 sintez\u0119 &#8211; 34%;<br \/>\n&#8211; Gerina barjerin\u0119 funkcij\u0105, didina odos dr\u0117kinim\u0105<br \/>\n&#8211; Ma\u017eina kuperoz\u0117s simptomus;<br \/>\n&#8211; Suma\u017eina poras, padaro od\u0105 lygesn\u0119;<br \/>\n&#8211; Suma\u017eina am\u017eiaus d\u0117mi\u0173 dyd\u012f, skaistina od\u0105;<br \/>\n&#8211; Reguliuoja sebumo gamyb\u0105, turi stipr\u0173 prie\u0161u\u017edegimin\u012f poveik\u012f;<br \/>\nHialurono r\u016bg\u0161tis reguliuoja l\u0105steli\u0173 vandens balans\u0105, suteikia odai stangrumo ir elastingumo.<\/p>\n<p>Alantoinas ir betainas aktyvina l\u0105steli\u0173 regeneracij\u0105 ir skatina dr\u0117gm\u0117s sulaikym\u0105, tod\u0117l oda tampa \u0161velnesn\u0117.<\/p>\n<p>Pieno r\u016bg\u0161tis normalizuoja odos pH.<\/p>\n<p><strong>Naudojimas: <\/strong>Sudr\u0117kinkite vatos diskel\u012f valikliu, \u0161velniai nuvalykite makia\u017e\u0105 ir nuvalykite veid\u0105. Nereikalauja skalavimo.<\/p>\n<p>Laikyti nuo +5 &deg;C iki +25 &deg;C temperat\u016broje.<\/p>\n<p><strong>Geriausias iki : <\/strong>30 m\u0117nesi\u0173 nuo pagaminimo datos<br \/>\n&nbsp;<\/p>\n","protected":false},"excerpt":{"rendered":"<p>Micelinio vandens formul\u0117 \u0161velni\u0173 pavir\u0161inio aktyvumo med\u017eiag\u0173 pagrindu idealiai tinka \u0161velniam odos valymui ir kosmetikos pa\u0161alinimui. Veikli\u0173j\u0173 med\u017eiag\u0173 kompleksas pagerina valymosi proces\u0105, prisotina od\u0105 dr\u0117gme, padidina jos stangrum\u0105 ir elastingum\u0105, sugr\u0105\u017eindamas gaivi\u0105 ir spindin\u010di\u0105 i\u0161vaizd\u0105. Niacinamidas: &#8211; Padidina kolageno sintez\u0119; &#8211; Padidina lipid\u0173 kiek\u012f: riebal\u0173 r\u016bg\u0161\u010di\u0173 &#8211; 67%, keramid\u0173 sintez\u0119 &#8211; 34%; &#8211; Gerina barjerin\u0119 [&#8230;]\n","protected":false},"featured_media":14193,"template":"","meta":[],"product_cat":[2181],"product_tag":[],"class_list":{"0":"post-39027","1":"product","2":"type-product","3":"status-publish","4":"has-post-thumbnail","6":"product_brand-belgates_by-lt","7":"product_cat-bez-kategorijas-lt","9":"first","10":"outofstock","11":"taxable","12":"shipping-taxable","13":"product-type-simple"},"_links":{"self":[{"href":"https:\/\/e.kosmolat.eu\/lt\/wp-json\/wp\/v2\/product\/39027","targetHints":{"allow":["GET"]}}],"collection":[{"href":"https:\/\/e.kosmolat.eu\/lt\/wp-json\/wp\/v2\/product"}],"about":[{"href":"https:\/\/e.kosmolat.eu\/lt\/wp-json\/wp\/v2\/types\/product"}],"wp:featuredmedia":[{"embeddable":true,"href":"https:\/\/e.kosmolat.eu\/lt\/wp-json\/wp\/v2\/media\/14193"}],"wp:attachment":[{"href":"https:\/\/e.kosmolat.eu\/lt\/wp-json\/wp\/v2\/media?parent=39027"}],"wp:term":[{"taxonomy":"product_cat","embeddable":true,"href":"https:\/\/e.kosmolat.eu\/lt\/wp-json\/wp\/v2\/product_cat?post=39027"},{"taxonomy":"product_tag","embeddable":true,"href":"https:\/\/e.kosmolat.eu\/lt\/wp-json\/wp\/v2\/product_tag?post=39027"}],"curies":[{"name":"wp","href":"https:\/\/api.w.org\/{rel}","templated":true}]}}