{"id":39015,"date":"2023-12-22T22:39:05","date_gmt":"2023-12-22T22:39:05","guid":{"rendered":"https:\/\/e.kosmolat.eu\/product\/bd-pilinga-disks-ar-azijas-centiliju-tejas-koku-un-skabem-5-g\/"},"modified":"2025-07-08T13:09:48","modified_gmt":"2025-07-08T13:09:48","slug":"bd-pilinga-disks-ar-azijas-centiliju-tejas-koku-un-skabem-5-g","status":"publish","type":"product","link":"https:\/\/e.kosmolat.eu\/lt\/produktas\/bd-pilinga-disks-ar-azijas-centiliju-tejas-koku-un-skabem-5-g\/","title":{"rendered":"BEAUTYDERM Pilingo diskeliai su Azijin\u0117mis centel\u0117mis  arbatmed\u017ei\u0173 aliejumi  AHA, BHA, PHA r\u016bg\u0161timis"},"content":{"rendered":"<p>U\u017etikrina visapusi\u0161k\u0105 riebios ir mi\u0161rios odos \u0161veitim\u0105 ir prie\u017ei\u016br\u0105, veikliosios med\u017eiagos padeda kovoti su tr\u016bkumais.<\/p>\n<p>Centella asiatica ekstraktas mal\u0161ina u\u017edegimus, ramina od\u0105, kovoja su randais po spuog\u0173 ir odos sen\u0117jimo.<br \/>\nArbatmed\u017ei\u0173 aliejus yra puikus antiseptikas, kuris valo od\u0105 ir kovoja su netobulumais.<br \/>\nAHA, BHA, PHA nu\u0161vei\u010dia negyvas odos l\u0105steles, ma\u017eina am\u017eiaus d\u0117mes, lygina od\u0105 ir lygina jos spalv\u0105, mal\u0161ina u\u017edegimus, normalizuoja riebal\u0173 gamyb\u0105 ir skatina odos atsinaujinim\u0105.<\/p>\n<p><strong>Naudojimas:<\/strong> 1. &Scaron;velniai masa\u017euokite \u0161vari\u0105, \u0161iek tiek dr\u0117gn\u0105 od\u0105 sukamaisiais judesiais tekst\u016bruota disko puse 1-2 minutes, ypating\u0105 d\u0117mes\u012f skirdami problemin\u0117ms vietoms. Venkite srities aplink akis ir l\u016bpas. 2. Nuvalykite od\u0105 lygi\u0105ja disko puse. 5. Nusiplaukite veid\u0105 vandeniu.<br \/>\n<strong>\u012esp\u0117jimai:<\/strong> nenaudokite pilingo disko du kartus! Rekomenduojama naudoti ne da\u017eniau kaip kart\u0105 per savait\u0119. Prie\u0161 naudodami, i\u0161bandykite pilingo disk\u0105 ant nedidelio odos ploto u\u017e ausies. Nustokite naudoti produkt\u0105, jei pasirei\u0161kia alergin\u0117 reakcija. Tik i\u0161oriniam naudojimui. Pilingo disk\u0105 rekomenduojama naudoti i\u0161kart atidarius pakuot\u0119.<br \/>\nNenaudoti ant pa\u017eeistos, sudirgusios odos ar po \u0161veitimo. Vengti patekimo \u012f akis. Patekus \u012f akis, plauti dideliu kiekiu vandens.<\/p>\n<p><strong>Kontraindikacijos: <\/strong>individualus jautrumas &nbsp;pilingo disko komponentams. Laikyti nuo +5&deg;\u0421 iki +25&deg;\u0421 temperat\u016broje ir esant 55-70% santykinei oro dr\u0117gmei, be tiesiogini\u0173 saul\u0117s spinduli\u0173, ne ma\u017eesniu kaip 1 m atstumu nuo auk\u0161tos temperat\u016bros \u0161altini\u0173.<\/p>\n<p><strong>Galiojimas: <\/strong>36 m\u0117nesiai nuo pagaminimo datos, nurodytos ant pakuot\u0117s.<br \/>\n&nbsp;<\/p>\n","protected":false},"excerpt":{"rendered":"<p>U\u017etikrina visapusi\u0161k\u0105 riebios ir mi\u0161rios odos \u0161veitim\u0105 ir prie\u017ei\u016br\u0105, veikliosios med\u017eiagos padeda kovoti su tr\u016bkumais. Centella asiatica ekstraktas mal\u0161ina u\u017edegimus, ramina od\u0105, kovoja su randais po spuog\u0173 ir odos sen\u0117jimo. Arbatmed\u017ei\u0173 aliejus yra puikus antiseptikas, kuris valo od\u0105 ir kovoja su netobulumais. AHA, BHA, PHA nu\u0161vei\u010dia negyvas odos l\u0105steles, ma\u017eina am\u017eiaus d\u0117mes, lygina od\u0105 ir [&#8230;]\n","protected":false},"featured_media":14241,"template":"","meta":[],"product_cat":[1396],"product_tag":[],"class_list":{"0":"post-39015","1":"product","2":"type-product","3":"status-publish","4":"has-post-thumbnail","6":"product_brand-naturpro_ua-lt","7":"product_cat-veido-sveitikliai-ir-pilingai","9":"first","10":"outofstock","11":"taxable","12":"shipping-taxable","13":"product-type-simple"},"_links":{"self":[{"href":"https:\/\/e.kosmolat.eu\/lt\/wp-json\/wp\/v2\/product\/39015","targetHints":{"allow":["GET"]}}],"collection":[{"href":"https:\/\/e.kosmolat.eu\/lt\/wp-json\/wp\/v2\/product"}],"about":[{"href":"https:\/\/e.kosmolat.eu\/lt\/wp-json\/wp\/v2\/types\/product"}],"wp:featuredmedia":[{"embeddable":true,"href":"https:\/\/e.kosmolat.eu\/lt\/wp-json\/wp\/v2\/media\/14241"}],"wp:attachment":[{"href":"https:\/\/e.kosmolat.eu\/lt\/wp-json\/wp\/v2\/media?parent=39015"}],"wp:term":[{"taxonomy":"product_cat","embeddable":true,"href":"https:\/\/e.kosmolat.eu\/lt\/wp-json\/wp\/v2\/product_cat?post=39015"},{"taxonomy":"product_tag","embeddable":true,"href":"https:\/\/e.kosmolat.eu\/lt\/wp-json\/wp\/v2\/product_tag?post=39015"}],"curies":[{"name":"wp","href":"https:\/\/api.w.org\/{rel}","templated":true}]}}