{"id":39011,"date":"2023-12-22T22:38:46","date_gmt":"2023-12-22T22:38:46","guid":{"rendered":"https:\/\/e.kosmolat.eu\/product\/bd-sejas-matejosas-salvetes-ar-salicilskabi-80-gab\/"},"modified":"2026-04-14T09:54:43","modified_gmt":"2026-04-14T09:54:43","slug":"bd-sejas-matejosas-salvetes-ar-salicilskabi-80-gab","status":"publish","type":"product","link":"https:\/\/e.kosmolat.eu\/lt\/produktas\/bd-sejas-matejosas-salvetes-ar-salicilskabi-80-gab\/","title":{"rendered":"BEAUTYDERM Matinan\u010dios servet\u0117l\u0117s veidui su salicilo r\u016bg\u0161timi , 80 vnt."},"content":{"rendered":"<p>Matinan\u010dios &nbsp;veido servet\u0117l\u0117s su salicilo r\u016bg\u0161timi padeda atsikratyti per didelio blizgesio nelie\u010diant veido rankomis ir d\u0117l to padeda apsaugoti<br \/>\nod\u0105 nuo mikrob\u0173 pertekliaus, taip pat i\u0161laikyti makia\u017e\u0105 vis\u0105 dien\u0105.<\/p>\n<p><strong>Naudojimas: <\/strong>I\u0161imkite servet\u0117l\u0119 i\u0161 pakuot\u0117s ir \u0161velniai valykite &nbsp;veid\u0105, ypating\u0105 d\u0117mes\u012f skirdami nosiai, kaktai ir smakrui. Galima naudoti pagal poreik\u012f vis\u0105 dien\u0105.<br \/>\n\u012esp\u0117jimai: Tik i\u0161oriniam naudojimui. Naudokite kaip nurodyta. Kiekviena servet\u0117l\u0117 yra vienkartin\u0117. Kontraindikacijos: individualus jautrumas kilimini\u0173 servet\u0117li\u0173 sudedamosioms dalims.<br \/>\nLaikyti nuo +5&deg;\u0421 iki +25&deg;\u0421 temperat\u016broje ir esant 55-70% santykinei oro dr\u0117gmei, be tiesiogini\u0173 saul\u0117s spinduli\u0173, ne ma\u017eesniu kaip 1 m atstumu nuo auk\u0161tos temperat\u016bros \u0161altini\u0173.<\/p>\n<p><strong>Galiojimas: <\/strong>36 m\u0117nesiai nuo pagaminimo datos, nurodytos ant pakuot\u0117s.<br \/>\n&nbsp;<\/p>\n","protected":false},"excerpt":{"rendered":"<p>Matinan\u010dios &nbsp;veido servet\u0117l\u0117s su salicilo r\u016bg\u0161timi padeda atsikratyti per didelio blizgesio nelie\u010diant veido rankomis ir d\u0117l to padeda apsaugoti od\u0105 nuo mikrob\u0173 pertekliaus, taip pat i\u0161laikyti makia\u017e\u0105 vis\u0105 dien\u0105. Naudojimas: I\u0161imkite servet\u0117l\u0119 i\u0161 pakuot\u0117s ir \u0161velniai valykite &nbsp;veid\u0105, ypating\u0105 d\u0117mes\u012f skirdami nosiai, kaktai ir smakrui. Galima naudoti pagal poreik\u012f vis\u0105 dien\u0105. \u012esp\u0117jimai: Tik i\u0161oriniam naudojimui. [&#8230;]\n","protected":false},"featured_media":100316,"template":"","meta":[],"product_cat":[1291],"product_tag":[],"class_list":{"0":"post-39011","1":"product","2":"type-product","3":"status-publish","4":"has-post-thumbnail","6":"product_brand-naturpro_ua-lt","7":"product_cat-makiazo-pagrindas","9":"first","10":"instock","11":"taxable","12":"shipping-taxable","13":"product-type-simple"},"_links":{"self":[{"href":"https:\/\/e.kosmolat.eu\/lt\/wp-json\/wp\/v2\/product\/39011","targetHints":{"allow":["GET"]}}],"collection":[{"href":"https:\/\/e.kosmolat.eu\/lt\/wp-json\/wp\/v2\/product"}],"about":[{"href":"https:\/\/e.kosmolat.eu\/lt\/wp-json\/wp\/v2\/types\/product"}],"wp:featuredmedia":[{"embeddable":true,"href":"https:\/\/e.kosmolat.eu\/lt\/wp-json\/wp\/v2\/media\/100316"}],"wp:attachment":[{"href":"https:\/\/e.kosmolat.eu\/lt\/wp-json\/wp\/v2\/media?parent=39011"}],"wp:term":[{"taxonomy":"product_cat","embeddable":true,"href":"https:\/\/e.kosmolat.eu\/lt\/wp-json\/wp\/v2\/product_cat?post=39011"},{"taxonomy":"product_tag","embeddable":true,"href":"https:\/\/e.kosmolat.eu\/lt\/wp-json\/wp\/v2\/product_tag?post=39011"}],"curies":[{"name":"wp","href":"https:\/\/api.w.org\/{rel}","templated":true}]}}