{"id":38999,"date":"2023-12-22T22:37:34","date_gmt":"2023-12-22T22:37:34","guid":{"rendered":"https:\/\/e.kosmolat.eu\/product\/hl-cietas-ziepes-sark-magone-un-krustnagl-180-g\/"},"modified":"2026-04-23T07:26:02","modified_gmt":"2026-04-23T07:26:02","slug":"hl-cietas-ziepes-sark-magone-un-krustnagl-180-g","status":"publish","type":"product","link":"https:\/\/e.kosmolat.eu\/lt\/produktas\/hl-cietas-ziepes-sark-magone-un-krustnagl-180-g\/","title":{"rendered":"HAPPY LIFE Tualetinis muilas Raudonosios aguonos ir gvazdikai, 180 g"},"content":{"rendered":"<p>&#8211; Aguon\u0173 aliejuje yra verting\u0173 riebal\u0173 r\u016bg\u0161\u010di\u0173, vitamin\u0173 ir mikroelement\u0173, kurie puosel\u0117ja ir mink\u0161tina od\u0105.<br \/>\n&#8211; Gvazdik\u0117li\u0173 ekstraktas turi prie\u0161u\u017edegimini\u0173 ir \u017eaizdas gydan\u010di\u0173 savybi\u0173.<\/p>\n<p><strong>Saugojimas: <\/strong>laikyti sausose, u\u017edengtose, gerai v\u0117dinamose patalpose.<\/p>\n<p><strong>Atsargumo priemon\u0117s: <\/strong>Patekus \u012f akis, kruop\u0161\u010diai nuplaukite tekan\u010diu vandeniu.<\/p>\n<p><strong>Tinkamumo laikas:<\/strong> 5 metai nuo pagaminimo datos.<br \/>\n&nbsp;<\/p>\n","protected":false},"excerpt":{"rendered":"<p>&#8211; Aguon\u0173 aliejuje yra verting\u0173 riebal\u0173 r\u016bg\u0161\u010di\u0173, vitamin\u0173 ir mikroelement\u0173, kurie puosel\u0117ja ir mink\u0161tina od\u0105. &#8211; Gvazdik\u0117li\u0173 ekstraktas turi prie\u0161u\u017edegimini\u0173 ir \u017eaizdas gydan\u010di\u0173 savybi\u0173. Saugojimas: laikyti sausose, u\u017edengtose, gerai v\u0117dinamose patalpose. Atsargumo priemon\u0117s: Patekus \u012f akis, kruop\u0161\u010diai nuplaukite tekan\u010diu vandeniu. Tinkamumo laikas: 5 metai nuo pagaminimo datos. &nbsp;<\/p>\n","protected":false},"featured_media":99477,"template":"","meta":[],"product_cat":[2181],"product_tag":[],"class_list":{"0":"post-38999","1":"product","2":"type-product","3":"status-publish","4":"has-post-thumbnail","6":"product_brand-slobozanskij-milovar_ua-lt","7":"product_cat-bez-kategorijas-lt","9":"first","10":"instock","11":"taxable","12":"shipping-taxable","13":"product-type-simple"},"_links":{"self":[{"href":"https:\/\/e.kosmolat.eu\/lt\/wp-json\/wp\/v2\/product\/38999","targetHints":{"allow":["GET"]}}],"collection":[{"href":"https:\/\/e.kosmolat.eu\/lt\/wp-json\/wp\/v2\/product"}],"about":[{"href":"https:\/\/e.kosmolat.eu\/lt\/wp-json\/wp\/v2\/types\/product"}],"wp:featuredmedia":[{"embeddable":true,"href":"https:\/\/e.kosmolat.eu\/lt\/wp-json\/wp\/v2\/media\/99477"}],"wp:attachment":[{"href":"https:\/\/e.kosmolat.eu\/lt\/wp-json\/wp\/v2\/media?parent=38999"}],"wp:term":[{"taxonomy":"product_cat","embeddable":true,"href":"https:\/\/e.kosmolat.eu\/lt\/wp-json\/wp\/v2\/product_cat?post=38999"},{"taxonomy":"product_tag","embeddable":true,"href":"https:\/\/e.kosmolat.eu\/lt\/wp-json\/wp\/v2\/product_tag?post=38999"}],"curies":[{"name":"wp","href":"https:\/\/api.w.org\/{rel}","templated":true}]}}