{"id":38995,"date":"2023-12-22T22:37:14","date_gmt":"2023-12-22T22:37:14","guid":{"rendered":"https:\/\/e.kosmolat.eu\/product\/hl-cietas-ziepes-kanepe-un-kokvilna-180-g\/"},"modified":"2026-04-21T10:11:14","modified_gmt":"2026-04-21T10:11:14","slug":"hl-cietas-ziepes-kanepe-un-kokvilna-180-g","status":"publish","type":"product","link":"https:\/\/e.kosmolat.eu\/lt\/produktas\/hl-cietas-ziepes-kanepe-un-kokvilna-180-g\/","title":{"rendered":"HAPPY LIFE Tualetinis muilas Kanap\u0117s ir medviln\u0117, 180 g"},"content":{"rendered":"<p>&#8211; Kanapi\u0173 aliejuje yra Omega-3, 6 ir 9 riebal\u0173 r\u016bg\u0161\u010di\u0173, vitamin\u0173 ir kit\u0173 nauding\u0173 med\u017eiag\u0173, padedantis dr\u0117kinti ir atkurti apsaugin\u012f odos barjer\u0105.<br \/>\n&#8211; Medviln\u0117s ekstraktas suteikia gaivumo ir komforto poj\u016bt\u012f, padeda sumink\u0161tinti &nbsp;od\u0105 ir palengvinti dirginim\u0105.<\/p>\n<p><strong>Saugojimas:<\/strong> laikyti sausose, u\u017edengtose, gerai v\u0117dinamose patalpose.<\/p>\n<p><strong>Atsargumo priemon\u0117s: <\/strong>Patekus \u012f akis, kruop\u0161\u010diai nuplaukite tekan\u010diu vandeniu.<\/p>\n<p><strong>Tinkamumo laikas:<\/strong> 5 metai nuo pagaminimo datos.<br \/>\n&nbsp;<\/p>\n","protected":false},"excerpt":{"rendered":"<p>&#8211; Kanapi\u0173 aliejuje yra Omega-3, 6 ir 9 riebal\u0173 r\u016bg\u0161\u010di\u0173, vitamin\u0173 ir kit\u0173 nauding\u0173 med\u017eiag\u0173, padedantis dr\u0117kinti ir atkurti apsaugin\u012f odos barjer\u0105. &#8211; Medviln\u0117s ekstraktas suteikia gaivumo ir komforto poj\u016bt\u012f, padeda sumink\u0161tinti &nbsp;od\u0105 ir palengvinti dirginim\u0105. Saugojimas: laikyti sausose, u\u017edengtose, gerai v\u0117dinamose patalpose. Atsargumo priemon\u0117s: Patekus \u012f akis, kruop\u0161\u010diai nuplaukite tekan\u010diu vandeniu. Tinkamumo laikas: 5 [&#8230;]\n","protected":false},"featured_media":99473,"template":"","meta":[],"product_cat":[2181],"product_tag":[],"class_list":{"0":"post-38995","1":"product","2":"type-product","3":"status-publish","4":"has-post-thumbnail","6":"product_brand-slobozanskij-milovar_ua-lt","7":"product_cat-bez-kategorijas-lt","9":"first","10":"instock","11":"taxable","12":"shipping-taxable","13":"product-type-simple"},"_links":{"self":[{"href":"https:\/\/e.kosmolat.eu\/lt\/wp-json\/wp\/v2\/product\/38995","targetHints":{"allow":["GET"]}}],"collection":[{"href":"https:\/\/e.kosmolat.eu\/lt\/wp-json\/wp\/v2\/product"}],"about":[{"href":"https:\/\/e.kosmolat.eu\/lt\/wp-json\/wp\/v2\/types\/product"}],"wp:featuredmedia":[{"embeddable":true,"href":"https:\/\/e.kosmolat.eu\/lt\/wp-json\/wp\/v2\/media\/99473"}],"wp:attachment":[{"href":"https:\/\/e.kosmolat.eu\/lt\/wp-json\/wp\/v2\/media?parent=38995"}],"wp:term":[{"taxonomy":"product_cat","embeddable":true,"href":"https:\/\/e.kosmolat.eu\/lt\/wp-json\/wp\/v2\/product_cat?post=38995"},{"taxonomy":"product_tag","embeddable":true,"href":"https:\/\/e.kosmolat.eu\/lt\/wp-json\/wp\/v2\/product_tag?post=38995"}],"curies":[{"name":"wp","href":"https:\/\/api.w.org\/{rel}","templated":true}]}}