{"id":38987,"date":"2023-12-22T22:35:11","date_gmt":"2023-12-22T22:35:11","guid":{"rendered":"https:\/\/e.kosmolat.eu\/product\/fito-doctor-kaju-krems-pret-plaisam-75-g\/"},"modified":"2025-07-08T14:39:22","modified_gmt":"2025-07-08T14:39:22","slug":"i_fito-doctor-kaju-krems-pret-plaisam-75-g","status":"publish","type":"product","link":"https:\/\/e.kosmolat.eu\/lt\/produktas\/i_fito-doctor-kaju-krems-pret-plaisam-75-g\/","title":{"rendered":"I_FITO DOCTOR Koj\u0173 kremas pries skilin\u0117jim\u0105, 75 g"},"content":{"rendered":"<p>Sausoms ir suskeld\u0117jusioms p\u0117doms. Reguliariai naudojant krem\u0105 oda tampa \u0161velni, elastinga ir gerai dr\u0117kinama.<\/p>\n<p>Naudojimas: tepkite ant \u0161varios p\u0117d\u0173 odos.<\/p>\n<p>Atsargumo priemon\u0117s: Tik i\u0161oriniam naudojimui.<br \/>\n&nbsp;<\/p>\n","protected":false},"excerpt":{"rendered":"<p>Sausoms ir suskeld\u0117jusioms p\u0117doms. Reguliariai naudojant krem\u0105 oda tampa \u0161velni, elastinga ir gerai dr\u0117kinama. Naudojimas: tepkite ant \u0161varios p\u0117d\u0173 odos. Atsargumo priemon\u0117s: Tik i\u0161oriniam naudojimui. &nbsp;<\/p>\n","protected":false},"featured_media":14145,"template":"","meta":[],"product_cat":[1763],"product_tag":[],"class_list":{"0":"post-38987","1":"product","2":"type-product","3":"status-publish","4":"has-post-thumbnail","6":"product_brand-fitodoktor_ua-lt","7":"product_cat-koju-prieziuros-kosmetika","9":"first","10":"outofstock","11":"taxable","12":"shipping-taxable","13":"product-type-simple"},"_links":{"self":[{"href":"https:\/\/e.kosmolat.eu\/lt\/wp-json\/wp\/v2\/product\/38987","targetHints":{"allow":["GET"]}}],"collection":[{"href":"https:\/\/e.kosmolat.eu\/lt\/wp-json\/wp\/v2\/product"}],"about":[{"href":"https:\/\/e.kosmolat.eu\/lt\/wp-json\/wp\/v2\/types\/product"}],"wp:featuredmedia":[{"embeddable":true,"href":"https:\/\/e.kosmolat.eu\/lt\/wp-json\/wp\/v2\/media\/14145"}],"wp:attachment":[{"href":"https:\/\/e.kosmolat.eu\/lt\/wp-json\/wp\/v2\/media?parent=38987"}],"wp:term":[{"taxonomy":"product_cat","embeddable":true,"href":"https:\/\/e.kosmolat.eu\/lt\/wp-json\/wp\/v2\/product_cat?post=38987"},{"taxonomy":"product_tag","embeddable":true,"href":"https:\/\/e.kosmolat.eu\/lt\/wp-json\/wp\/v2\/product_tag?post=38987"}],"curies":[{"name":"wp","href":"https:\/\/api.w.org\/{rel}","templated":true}]}}