{"id":38983,"date":"2023-12-22T22:34:50","date_gmt":"2023-12-22T22:34:50","guid":{"rendered":"https:\/\/e.kosmolat.eu\/product\/fito-doctor-roku-krems-glicerina-olivu-75-g\/"},"modified":"2025-07-08T15:23:19","modified_gmt":"2025-07-08T15:23:19","slug":"i_fito-doctor-roku-krems-glicerina-olivu-75-g","status":"publish","type":"product","link":"https:\/\/e.kosmolat.eu\/lt\/produktas\/i_fito-doctor-roku-krems-glicerina-olivu-75-g\/","title":{"rendered":"I_FITODOCTOR Rank\u0173 kremas glicerininis Alyvuog\u0117, 75 g"},"content":{"rendered":"<p>Rank\u0173 kremas, glicerinas, alyvuog\u0117.<\/p>\n<p><strong>Naudojimas:<\/strong> tepkite ant &scaron;vari\u0173 rank\u0173.<\/p>\n<p><strong>Atsargumo priemon\u0117s: <\/strong>Tik i&scaron;oriniam naudojimui.<\/p>\n<p><strong>Laikymo s\u0105lygos:<\/strong> 0&deg;\u0421 iki +25&deg;\u0421.<\/p>\n","protected":false},"excerpt":{"rendered":"<p>Rank\u0173 kremas, glicerinas, alyvuog\u0117. Naudojimas: tepkite ant &scaron;vari\u0173 rank\u0173. Atsargumo priemon\u0117s: Tik i&scaron;oriniam naudojimui. Laikymo s\u0105lygos: 0&deg;\u0421 iki +25&deg;\u0421.<\/p>\n","protected":false},"featured_media":14837,"template":"","meta":[],"product_cat":[1304],"product_tag":[],"class_list":{"0":"post-38983","1":"product","2":"type-product","3":"status-publish","4":"has-post-thumbnail","6":"product_brand-fitodoktor_ua-lt","7":"product_cat-ranku-prieziuros-kosmetika","9":"first","10":"outofstock","11":"taxable","12":"shipping-taxable","13":"product-type-simple"},"_links":{"self":[{"href":"https:\/\/e.kosmolat.eu\/lt\/wp-json\/wp\/v2\/product\/38983","targetHints":{"allow":["GET"]}}],"collection":[{"href":"https:\/\/e.kosmolat.eu\/lt\/wp-json\/wp\/v2\/product"}],"about":[{"href":"https:\/\/e.kosmolat.eu\/lt\/wp-json\/wp\/v2\/types\/product"}],"wp:featuredmedia":[{"embeddable":true,"href":"https:\/\/e.kosmolat.eu\/lt\/wp-json\/wp\/v2\/media\/14837"}],"wp:attachment":[{"href":"https:\/\/e.kosmolat.eu\/lt\/wp-json\/wp\/v2\/media?parent=38983"}],"wp:term":[{"taxonomy":"product_cat","embeddable":true,"href":"https:\/\/e.kosmolat.eu\/lt\/wp-json\/wp\/v2\/product_cat?post=38983"},{"taxonomy":"product_tag","embeddable":true,"href":"https:\/\/e.kosmolat.eu\/lt\/wp-json\/wp\/v2\/product_tag?post=38983"}],"curies":[{"name":"wp","href":"https:\/\/api.w.org\/{rel}","templated":true}]}}