{"id":38979,"date":"2023-12-22T22:34:28","date_gmt":"2023-12-22T22:34:28","guid":{"rendered":"https:\/\/e.kosmolat.eu\/product\/fito-doctor-roku-krems-glicerina-ar-persiku-75-g\/"},"modified":"2025-07-08T14:38:58","modified_gmt":"2025-07-08T14:38:58","slug":"i_fito-doctor-roku-krems-glicerina-ar-persiku-75-g","status":"publish","type":"product","link":"https:\/\/e.kosmolat.eu\/lt\/produktas\/i_fito-doctor-roku-krems-glicerina-ar-persiku-75-g\/","title":{"rendered":"I_FITO DOCTOR Rank \u0173 kremas glicerininis Persikas, 75 g"},"content":{"rendered":"<p>Rank\u0173 kremas. Dr\u0117kinantis<\/p>\n<p>Naudojimas: tepkite ant \u0161vari\u0173 rank\u0173.<\/p>\n<p>Atsargumo priemon\u0117s: Tik i\u0161oriniam naudojimui.<br \/>\n&nbsp;<\/p>\n","protected":false},"excerpt":{"rendered":"<p>Rank\u0173 kremas. Dr\u0117kinantis Naudojimas: tepkite ant \u0161vari\u0173 rank\u0173. Atsargumo priemon\u0117s: Tik i\u0161oriniam naudojimui. &nbsp;<\/p>\n","protected":false},"featured_media":468,"template":"","meta":[],"product_cat":[1304],"product_tag":[],"class_list":{"0":"post-38979","1":"product","2":"type-product","3":"status-publish","4":"has-post-thumbnail","6":"product_brand-fitodoktor_ua-lt","7":"product_cat-ranku-prieziuros-kosmetika","9":"first","10":"outofstock","11":"taxable","12":"shipping-taxable","13":"product-type-simple"},"_links":{"self":[{"href":"https:\/\/e.kosmolat.eu\/lt\/wp-json\/wp\/v2\/product\/38979","targetHints":{"allow":["GET"]}}],"collection":[{"href":"https:\/\/e.kosmolat.eu\/lt\/wp-json\/wp\/v2\/product"}],"about":[{"href":"https:\/\/e.kosmolat.eu\/lt\/wp-json\/wp\/v2\/types\/product"}],"wp:featuredmedia":[{"embeddable":true,"href":"https:\/\/e.kosmolat.eu\/lt\/wp-json\/wp\/v2\/media\/468"}],"wp:attachment":[{"href":"https:\/\/e.kosmolat.eu\/lt\/wp-json\/wp\/v2\/media?parent=38979"}],"wp:term":[{"taxonomy":"product_cat","embeddable":true,"href":"https:\/\/e.kosmolat.eu\/lt\/wp-json\/wp\/v2\/product_cat?post=38979"},{"taxonomy":"product_tag","embeddable":true,"href":"https:\/\/e.kosmolat.eu\/lt\/wp-json\/wp\/v2\/product_tag?post=38979"}],"curies":[{"name":"wp","href":"https:\/\/api.w.org\/{rel}","templated":true}]}}