{"id":38971,"date":"2023-12-22T22:33:44","date_gmt":"2023-12-22T22:33:44","guid":{"rendered":"https:\/\/e.kosmolat.eu\/product\/dr-s-collagen-hair-matu-maska-volume-boost-1-l\/"},"modified":"2025-03-24T06:32:27","modified_gmt":"2025-03-24T06:32:27","slug":"i_dr-s-collagen-hair-matu-maska-volume-boost-1-l","status":"publish","type":"product","link":"https:\/\/e.kosmolat.eu\/lt\/produktas\/i_dr-s-collagen-hair-matu-maska-volume-boost-1-l\/","title":{"rendered":"I_DR.SANTE Collagen Hair Volume Boost Kauk\u0117, 1 l"},"content":{"rendered":"<p>Dr.Sante Collagen Hair Boost yra gro\u017eio rei&scaron;kinys stipriems ir gra\u017eiems plaukams nuo &scaron;akn\u0173 iki galiuk\u0173. Dr\u0117kinimas, super apimtis be apsunkinimo jausmo, apsauga nuo l\u016b\u017ein\u0117jimo per vis\u0105 ilg\u012f.<\/p>\n<p><strong>Naudojimas: <\/strong>Tepkite ant &scaron;vari\u0173, dr\u0117gn\u0173 plauk\u0173. Palikite 5-10 minu\u010di\u0173, tada kruop&scaron;\u010diai nuplaukite vandeniu.<\/p>\n<p><strong>Atsargumo priemon\u0117s:<\/strong> patekus \u012f akis, praskalauti arba nuplauti vandeniu.<br \/>\n&nbsp;<\/p>\n","protected":false},"excerpt":{"rendered":"<p>Dr.Sante Collagen Hair Boost yra gro\u017eio rei&scaron;kinys stipriems ir gra\u017eiems plaukams nuo &scaron;akn\u0173 iki galiuk\u0173. Dr\u0117kinimas, super apimtis be apsunkinimo jausmo, apsauga nuo l\u016b\u017ein\u0117jimo per vis\u0105 ilg\u012f. Naudojimas: Tepkite ant &scaron;vari\u0173, dr\u0117gn\u0173 plauk\u0173. Palikite 5-10 minu\u010di\u0173, tada kruop&scaron;\u010diai nuplaukite vandeniu. Atsargumo priemon\u0117s: patekus \u012f akis, praskalauti arba nuplauti vandeniu. &nbsp;<\/p>\n","protected":false},"featured_media":25357,"template":"","meta":[],"product_cat":[1256],"product_tag":[],"class_list":{"0":"post-38971","1":"product","2":"type-product","3":"status-publish","4":"has-post-thumbnail","6":"product_brand-elfa_ua-lt","7":"product_cat-plauku-kaukes","9":"first","10":"outofstock","11":"taxable","12":"shipping-taxable","13":"product-type-simple"},"_links":{"self":[{"href":"https:\/\/e.kosmolat.eu\/lt\/wp-json\/wp\/v2\/product\/38971","targetHints":{"allow":["GET"]}}],"collection":[{"href":"https:\/\/e.kosmolat.eu\/lt\/wp-json\/wp\/v2\/product"}],"about":[{"href":"https:\/\/e.kosmolat.eu\/lt\/wp-json\/wp\/v2\/types\/product"}],"wp:featuredmedia":[{"embeddable":true,"href":"https:\/\/e.kosmolat.eu\/lt\/wp-json\/wp\/v2\/media\/25357"}],"wp:attachment":[{"href":"https:\/\/e.kosmolat.eu\/lt\/wp-json\/wp\/v2\/media?parent=38971"}],"wp:term":[{"taxonomy":"product_cat","embeddable":true,"href":"https:\/\/e.kosmolat.eu\/lt\/wp-json\/wp\/v2\/product_cat?post=38971"},{"taxonomy":"product_tag","embeddable":true,"href":"https:\/\/e.kosmolat.eu\/lt\/wp-json\/wp\/v2\/product_tag?post=38971"}],"curies":[{"name":"wp","href":"https:\/\/api.w.org\/{rel}","templated":true}]}}