{"id":38967,"date":"2023-12-22T22:30:32","date_gmt":"2023-12-22T22:30:32","guid":{"rendered":"https:\/\/e.kosmolat.eu\/product\/tt-balzams-pec-skusanas-jutig-adai-75-ml\/"},"modified":"2026-04-21T09:34:14","modified_gmt":"2026-04-21T09:34:14","slug":"tt-balzams-pec-skusanas-jutig-adai-75-ml","status":"publish","type":"product","link":"https:\/\/e.kosmolat.eu\/lt\/produktas\/tt-balzams-pec-skusanas-jutig-adai-75-ml\/","title":{"rendered":"TOP TEN Balzamas po skutimosi, 75 ml"},"content":{"rendered":"<p>Balzamas po skutimosi jautriai odai. Balzamas mink\u0161tina, dr\u0117kina ir ramina od\u0105. Po naudojimo oda atgauna nat\u016bral\u0173 gaivum\u0105 ir elastingum\u0105.<\/p>\n<p>Naudojimas: \u012fsitikinkite, kad j\u016bs\u0173 oda yra \u0161vari, i\u0161spauskite nedidel\u012f kiek\u012f balzamo \u012f deln\u0105 ir \u0161velniai u\u017etepkite ant k\u0105 tik nuskustos vietos.<br \/>\n&nbsp;<\/p>\n","protected":false},"excerpt":{"rendered":"<p>Balzamas po skutimosi jautriai odai. Balzamas mink\u0161tina, dr\u0117kina ir ramina od\u0105. Po naudojimo oda atgauna nat\u016bral\u0173 gaivum\u0105 ir elastingum\u0105. Naudojimas: \u012fsitikinkite, kad j\u016bs\u0173 oda yra \u0161vari, i\u0161spauskite nedidel\u012f kiek\u012f balzamo \u012f deln\u0105 ir \u0161velniai u\u017etepkite ant k\u0105 tik nuskustos vietos. &nbsp;<\/p>\n","protected":false},"featured_media":97149,"template":"","meta":[],"product_cat":[2181],"product_tag":[],"class_list":{"0":"post-38967","1":"product","2":"type-product","3":"status-publish","4":"has-post-thumbnail","6":"product_brand-rubella-bg-lt","7":"product_cat-bez-kategorijas-lt","9":"first","10":"instock","11":"taxable","12":"shipping-taxable","13":"product-type-simple"},"_links":{"self":[{"href":"https:\/\/e.kosmolat.eu\/lt\/wp-json\/wp\/v2\/product\/38967","targetHints":{"allow":["GET"]}}],"collection":[{"href":"https:\/\/e.kosmolat.eu\/lt\/wp-json\/wp\/v2\/product"}],"about":[{"href":"https:\/\/e.kosmolat.eu\/lt\/wp-json\/wp\/v2\/types\/product"}],"wp:featuredmedia":[{"embeddable":true,"href":"https:\/\/e.kosmolat.eu\/lt\/wp-json\/wp\/v2\/media\/97149"}],"wp:attachment":[{"href":"https:\/\/e.kosmolat.eu\/lt\/wp-json\/wp\/v2\/media?parent=38967"}],"wp:term":[{"taxonomy":"product_cat","embeddable":true,"href":"https:\/\/e.kosmolat.eu\/lt\/wp-json\/wp\/v2\/product_cat?post=38967"},{"taxonomy":"product_tag","embeddable":true,"href":"https:\/\/e.kosmolat.eu\/lt\/wp-json\/wp\/v2\/product_tag?post=38967"}],"curies":[{"name":"wp","href":"https:\/\/api.w.org\/{rel}","templated":true}]}}