{"id":38959,"date":"2023-12-22T22:29:53","date_gmt":"2023-12-22T22:29:53","guid":{"rendered":"https:\/\/e.kosmolat.eu\/product\/top-ten-for-men-dynamic-skusanas-krems-100-ml\/"},"modified":"2026-04-01T13:13:13","modified_gmt":"2026-04-01T13:13:13","slug":"top-ten-for-men-dynamic-skusanas-krems-100-ml","status":"publish","type":"product","link":"https:\/\/e.kosmolat.eu\/lt\/produktas\/top-ten-for-men-dynamic-skusanas-krems-100-ml\/","title":{"rendered":"TOP TEN Dynamic Skutimosi kremas, 100 ml"},"content":{"rendered":"<p>Skutimosi kremas jautriai odai. Kremas turi nuolatin\u012f gaivinant\u012f aromat\u0105 ir yra skirtas dr\u0117gnam skutimuisi. Kreme esantis krauja\u017eoli\u0173 &nbsp;ekstraktas ir alantoinas ramina ir mink\u0161tina od\u0105.<\/p>\n<p>Atsargiai: nenaudoti ant u\u017edegimin\u0117s odos! Vengti patekimo \u012f akis!<\/p>\n<p>Naudojimas: ant dr\u0117gnos odos \u0161epet\u0117liu sukamaisiais judesiais u\u017etepkite pakankam\u0105 kiek\u012f TOP TEN skutimosi kremo.<br \/>\n&nbsp;<\/p>\n","protected":false},"excerpt":{"rendered":"<p>Skutimosi kremas jautriai odai. Kremas turi nuolatin\u012f gaivinant\u012f aromat\u0105 ir yra skirtas dr\u0117gnam skutimuisi. Kreme esantis krauja\u017eoli\u0173 &nbsp;ekstraktas ir alantoinas ramina ir mink\u0161tina od\u0105. Atsargiai: nenaudoti ant u\u017edegimin\u0117s odos! Vengti patekimo \u012f akis! Naudojimas: ant dr\u0117gnos odos \u0161epet\u0117liu sukamaisiais judesiais u\u017etepkite pakankam\u0105 kiek\u012f TOP TEN skutimosi kremo. &nbsp;<\/p>\n","protected":false},"featured_media":102939,"template":"","meta":[],"product_cat":[1682],"product_tag":[],"class_list":{"0":"post-38959","1":"product","2":"type-product","3":"status-publish","4":"has-post-thumbnail","6":"product_brand-rubella-bg-lt","7":"product_cat-kosmetika-skutimuisi","9":"first","10":"instock","11":"taxable","12":"shipping-taxable","13":"product-type-simple"},"_links":{"self":[{"href":"https:\/\/e.kosmolat.eu\/lt\/wp-json\/wp\/v2\/product\/38959","targetHints":{"allow":["GET"]}}],"collection":[{"href":"https:\/\/e.kosmolat.eu\/lt\/wp-json\/wp\/v2\/product"}],"about":[{"href":"https:\/\/e.kosmolat.eu\/lt\/wp-json\/wp\/v2\/types\/product"}],"wp:featuredmedia":[{"embeddable":true,"href":"https:\/\/e.kosmolat.eu\/lt\/wp-json\/wp\/v2\/media\/102939"}],"wp:attachment":[{"href":"https:\/\/e.kosmolat.eu\/lt\/wp-json\/wp\/v2\/media?parent=38959"}],"wp:term":[{"taxonomy":"product_cat","embeddable":true,"href":"https:\/\/e.kosmolat.eu\/lt\/wp-json\/wp\/v2\/product_cat?post=38959"},{"taxonomy":"product_tag","embeddable":true,"href":"https:\/\/e.kosmolat.eu\/lt\/wp-json\/wp\/v2\/product_tag?post=38959"}],"curies":[{"name":"wp","href":"https:\/\/api.w.org\/{rel}","templated":true}]}}