{"id":38955,"date":"2023-12-22T22:29:23","date_gmt":"2023-12-22T22:29:23","guid":{"rendered":"https:\/\/e.kosmolat.eu\/product\/top-ten-for-men-cool-power-skusanas-krems-100-ml\/"},"modified":"2025-09-17T08:52:54","modified_gmt":"2025-09-17T08:52:54","slug":"top-ten-for-men-cool-power-skusanas-krems-100-ml","status":"publish","type":"product","link":"https:\/\/e.kosmolat.eu\/lt\/produktas\/top-ten-for-men-cool-power-skusanas-krems-100-ml\/","title":{"rendered":"TOP TEN Cool Power Skutimosi kremas, 100 ml"},"content":{"rendered":"<p>Top Ten Cool Power skutimosi kremas vis\u0173 tip\u0173 odai. Kreme esantis mentolis gaivina ir maloniai v\u0117sina od\u0105.<\/p>\n<p>Atsargiai: nenaudoti ant u\u017edegimin\u0117s odos! Vengti patekimo \u012f akis!<\/p>\n<p>Naudojimas: ant dr\u0117gnos odos \u0161epet\u0117liu sukamaisiais judesiais u\u017etepkite pakankam\u0105 kiek\u012f TOP TEN skutimosi kremo.<br \/>\n&nbsp;<\/p>\n","protected":false},"excerpt":{"rendered":"<p>Top Ten Cool Power skutimosi kremas vis\u0173 tip\u0173 odai. Kreme esantis mentolis gaivina ir maloniai v\u0117sina od\u0105. Atsargiai: nenaudoti ant u\u017edegimin\u0117s odos! Vengti patekimo \u012f akis! Naudojimas: ant dr\u0117gnos odos \u0161epet\u0117liu sukamaisiais judesiais u\u017etepkite pakankam\u0105 kiek\u012f TOP TEN skutimosi kremo. &nbsp;<\/p>\n","protected":false},"featured_media":78140,"template":"","meta":[],"product_cat":[1682],"product_tag":[],"class_list":{"0":"post-38955","1":"product","2":"type-product","3":"status-publish","4":"has-post-thumbnail","6":"product_brand-sale-lt","7":"product_cat-kosmetika-skutimuisi","9":"first","10":"instock","11":"taxable","12":"shipping-taxable","13":"product-type-simple"},"_links":{"self":[{"href":"https:\/\/e.kosmolat.eu\/lt\/wp-json\/wp\/v2\/product\/38955","targetHints":{"allow":["GET"]}}],"collection":[{"href":"https:\/\/e.kosmolat.eu\/lt\/wp-json\/wp\/v2\/product"}],"about":[{"href":"https:\/\/e.kosmolat.eu\/lt\/wp-json\/wp\/v2\/types\/product"}],"wp:featuredmedia":[{"embeddable":true,"href":"https:\/\/e.kosmolat.eu\/lt\/wp-json\/wp\/v2\/media\/78140"}],"wp:attachment":[{"href":"https:\/\/e.kosmolat.eu\/lt\/wp-json\/wp\/v2\/media?parent=38955"}],"wp:term":[{"taxonomy":"product_cat","embeddable":true,"href":"https:\/\/e.kosmolat.eu\/lt\/wp-json\/wp\/v2\/product_cat?post=38955"},{"taxonomy":"product_tag","embeddable":true,"href":"https:\/\/e.kosmolat.eu\/lt\/wp-json\/wp\/v2\/product_tag?post=38955"}],"curies":[{"name":"wp","href":"https:\/\/api.w.org\/{rel}","templated":true}]}}