{"id":38943,"date":"2023-12-22T22:28:23","date_gmt":"2023-12-22T22:28:23","guid":{"rendered":"https:\/\/e.kosmolat.eu\/product\/fc-kremkrasa-karamelu-gaisi-bruns-7-53-50-50-15-ml\/"},"modified":"2026-04-09T16:09:41","modified_gmt":"2026-04-09T16:09:41","slug":"fc-kremkrasa-karamelu-gaisi-bruns-7-53-50-50-15-ml","status":"publish","type":"product","link":"https:\/\/e.kosmolat.eu\/lt\/produktas\/fc-kremkrasa-karamelu-gaisi-bruns-7-53-50-50-15-ml\/","title":{"rendered":"RUBELLA FASHION COLOR Kremas-da\u017eai plaukams Karamelin\u0117 blondin\u0117 7.53, 50\/50\/15 ml"},"content":{"rendered":"<p>Patvar\u016bs plauk\u0173 da\u017eai -kremas &quot;Fashion Color&quot; su ry\u017ei\u0173 baltymu ry\u0161kesnei ir skaistesnei spalvai.<br \/>\nFiksuojantis balzamas praturtintas vitamin\u0173 ir keratino kompleksu, kurie suteikia gilios ir ilgalaik\u0117s mitybos.<br \/>\nKeratinas yra vienas i\u0161 pagrindini\u0173 plauk\u0173 strukt\u016bros statybini\u0173 blok\u0173.<br \/>\nTai padeda stiprinti ir i\u0161tiesinti plaukus.<br \/>\nRezultatas &ndash; gyvybingi plaukai su intensyvia spalva.<\/p>\n<p><strong>Saugumo reguliavimas:<\/strong><br \/>\nPlauk\u0173 da\u017eai gali sukelti sunkias alergines reakcijas.<br \/>\nPerskaitykite ir vykdykite instrukcijas.<br \/>\nMai\u0161ymo santykis yra 1:1.<br \/>\n&Scaron;is gaminys n\u0117ra skirtas naudoti jaunesniems nei 16 met\u0173 asmenims.<br \/>\nLaikinos &bdquo;juodosios chna&ldquo; tatuiruot\u0117s gali padidinti alergijos rizik\u0105.<br \/>\nNeda\u017eykite plauk\u0173, jei: I\u0161b\u0117r\u0117 veid\u0105 arba yra jautri, sudirgusi ar pa\u017eeista galvos oda. Ar kada nors patyr\u0117te koki\u0105 nors reakcij\u0105 po plauk\u0173 da\u017eymo? Anks\u010diau j\u016bs tur\u0117jote reakcij\u0105 \u012f laikinas juodos chna tatuiruotes.<br \/>\n48 VALANDAS PRIE&Scaron; NAUDOJANT &Scaron;\u012e PRODUKT\u0104 ATLIKITE ODOS ALERGIJOS TYRIM\u0104 (perskaitykite ir vykdykite pridedamame lapelyje pateiktas instrukcijas), net jei naudojote plauk\u0173 da\u017eus ir netur\u0117jote reakcijos \u012f juos.<br \/>\nSud\u0117tyje yra fenilendiamin\u0173, fenilendiamin\u0173 (toluendiamin\u0173), rezorcinolio, vandenilio peroksido, amoniako. Nenaudoti blakstienoms ar antakiams da\u017eyti. M\u016bv\u0117kite tinkamas pir\u0161tines. Po naudojimo gerai i\u0161skalaukite plaukus. Vengti patekimo \u012f akis.<br \/>\nNedelsiant praplaukite &nbsp;akis, jei produktas pateko ant j\u0173. Laikyti vaikams nepasiekiamoje, tamsioje, sausoje ir v\u0117sioje vietoje, 5&deg;C &ndash; 25&deg;C temperat\u016broje. Nr. 01, 1.1, 03, 04, 05, 7.53, 7.1, 10.0, 4.2, 5.56, 6.6, 7.5, 7.43, 5.5, 8.0, 9.0, 9.1, 9.11, peroksidas, 9.1, 9.11, 7.3, 7.3. 01, 1.1., 03, 7.53, 7.1, 4.2, 6.6, 5.5, 9.0, 7.31, 5.3, 5.56, 10.0: p-FENILENDIAMINAS; Nr. 01.03, 04, 05, 7.53, 7.1, 4.2, 5.56, 7.5, 7.43, 5.5., 8.0, 9.1, 9.11, 7.31, 7.57, 5.3, 10.0: rezorcinas; 04, 05, 4.2, 0.33, 7.57, 6.6, 7.5: fenilendiaminai (toluendiaminai); Nr. 1.1, 03, 04, 05, 7.53, 7.1, 10.0, 4.2, 5.56, 6.6, 7.5, 7.43, 5.5, 8.0, 9.0, 9.1, 9.11, 7.31, 5.3.<\/p>\n<p>Pakuot\u0117je yra:<br \/>\n1. T\u016bbel\u0117 su kreminiais da\u017eais 50 ml<br \/>\n2. Butelis su 50 ml oksidatoriaus<br \/>\n3. Paket\u0117lis su fiksuojan\u010diu balzamu 15 ml<br \/>\n4. Apsaugin\u0117s pir\u0161tin\u0117s<br \/>\n5. Naudojimo instrukcija<br \/>\n&nbsp;<\/p>\n","protected":false},"excerpt":{"rendered":"<p>Patvar\u016bs plauk\u0173 da\u017eai -kremas &quot;Fashion Color&quot; su ry\u017ei\u0173 baltymu ry\u0161kesnei ir skaistesnei spalvai. Fiksuojantis balzamas praturtintas vitamin\u0173 ir keratino kompleksu, kurie suteikia gilios ir ilgalaik\u0117s mitybos. Keratinas yra vienas i\u0161 pagrindini\u0173 plauk\u0173 strukt\u016bros statybini\u0173 blok\u0173. Tai padeda stiprinti ir i\u0161tiesinti plaukus. Rezultatas &ndash; gyvybingi plaukai su intensyvia spalva. Saugumo reguliavimas: Plauk\u0173 da\u017eai gali sukelti sunkias [&#8230;]\n","protected":false},"featured_media":105344,"template":"","meta":[],"product_cat":[1442],"product_tag":[],"class_list":{"0":"post-38943","1":"product","2":"type-product","3":"status-publish","4":"has-post-thumbnail","6":"product_brand-rubella-bg-lt","7":"product_cat-plauku-dazai-plauku-dazai","9":"first","10":"instock","11":"taxable","12":"shipping-taxable","13":"product-type-simple"},"_links":{"self":[{"href":"https:\/\/e.kosmolat.eu\/lt\/wp-json\/wp\/v2\/product\/38943","targetHints":{"allow":["GET"]}}],"collection":[{"href":"https:\/\/e.kosmolat.eu\/lt\/wp-json\/wp\/v2\/product"}],"about":[{"href":"https:\/\/e.kosmolat.eu\/lt\/wp-json\/wp\/v2\/types\/product"}],"wp:featuredmedia":[{"embeddable":true,"href":"https:\/\/e.kosmolat.eu\/lt\/wp-json\/wp\/v2\/media\/105344"}],"wp:attachment":[{"href":"https:\/\/e.kosmolat.eu\/lt\/wp-json\/wp\/v2\/media?parent=38943"}],"wp:term":[{"taxonomy":"product_cat","embeddable":true,"href":"https:\/\/e.kosmolat.eu\/lt\/wp-json\/wp\/v2\/product_cat?post=38943"},{"taxonomy":"product_tag","embeddable":true,"href":"https:\/\/e.kosmolat.eu\/lt\/wp-json\/wp\/v2\/product_tag?post=38943"}],"curies":[{"name":"wp","href":"https:\/\/api.w.org\/{rel}","templated":true}]}}